{"id":207628,"date":"2025-03-20T15:15:45","date_gmt":"2025-03-20T15:15:45","guid":{"rendered":"https:\/\/aromasentia.com\/product\/bay-leaf-50ml-essential-oil\/"},"modified":"2025-05-31T04:11:49","modified_gmt":"2025-05-31T04:11:49","slug":"laurbaerblad-eterisk-olje-50ml","status":"publish","type":"product","link":"https:\/\/aromasentia.com\/no\/laurbaerblad-eterisk-olje-50ml\/","title":{"rendered":"Laurb\u00e6rblad Eterisk Olje 50ml"},"content":{"rendered":"<p><strong>Latinsk navn: Pimenta Racemosa<br \/>Plantedel brukt: Blader<br \/>Kilde: Karibia<br \/>Ekstraksjonsmetode: Dampdestillasjon<\/strong><\/p>\n<p>Vestindisk laurb\u00e6rblad er en annen plante som har v\u00e6rt verdsatt for sin bruk i medisin og matlaging. Laurb\u00e6rblad har blitt brukt i ulike typer matlaging og krydder, og frukten er en av ingrediensene i All Spice.<\/p>\n<p>Laurb\u00e6rblad har lenge blitt brukt i h\u00e5rtonikk, da det sies \u00e5 v\u00e6re for hodebunnen, samt \u00e5 behandle selve h\u00e5ret og fremme vekst. Det sies ogs\u00e5 at <strong>laurb\u00e6rblad eterisk olje<\/strong> er bra for verk, smerter, sirkulasjon og revmatisme, samt \u00e5 v\u00e6re et hjelpemiddel for immunforsvaret n\u00e5r man bekjemper sykdom.<\/p>\n","protected":false},"excerpt":{"rendered":"<p>Latinsk navn: Pimenta RacemosaPlantedel brukt: BladerKilde: KaribiaEkstraksjonsmetode: Dampdestillasjon Vestindisk laurb\u00e6rblad er en annen plante som har v\u00e6rt verdsatt for sin bruk i medisin og matlaging. Laurb\u00e6rblad har blitt brukt i ulike typer matlaging og krydder, og frukten er en av ingrediensene i All Spice. Laurb\u00e6rblad har lenge blitt brukt i h\u00e5rtonikk, da det sies \u00e5 [&hellip;]<\/p>\n","protected":false},"featured_media":268595,"comment_status":"closed","ping_status":"open","template":"","meta":{"_angie_page":false},"product_brand":[27096],"product_cat":[9065,25843,10236,26083,26862],"product_tag":[],"class_list":{"0":"post-207628","1":"product","2":"type-product","3":"status-publish","4":"has-post-thumbnail","6":"product_brand-ancient-wisdom","7":"product_cat-aromaterapi-og-romduft","8":"product_cat-dufter-aromaer","9":"product_cat-eteriske-oljer","10":"product_cat-laurbaerblad","11":"product_cat-urte-aromatisk","12":"pa_collection-50ml-essential-oil-no","13":"pa_made-in-karibisk-nederland","14":"pa_size-50ml","16":"first","17":"instock","18":"purchasable","19":"product-type-simple"},"supplier_id":null,"supplier_sku":"PrEO-73","barcode":null,"atum_controlled":true,"out_stock_date":null,"out_stock_threshold":null,"inheritable":false,"inbound_stock":null,"stock_on_hold":0,"sold_today":0,"sales_last_days":0,"reserved_stock":null,"customer_returns":null,"warehouse_damage":null,"lost_in_post":null,"other_logs":null,"out_stock_days":0,"lost_sales":0,"has_location":null,"update_date":"2026-04-27T07:18:30","atum_locations":[],"atum_stock_status":"instock","restock_status":false,"low_stock_amount":"","sales_update_date":"2026-01-30T01:25:48","calc_backorders":null,"_links":{"self":[{"href":"https:\/\/aromasentia.com\/no\/wp-json\/wp\/v2\/product\/207628","targetHints":{"allow":["GET"]}}],"collection":[{"href":"https:\/\/aromasentia.com\/no\/wp-json\/wp\/v2\/product"}],"about":[{"href":"https:\/\/aromasentia.com\/no\/wp-json\/wp\/v2\/types\/product"}],"replies":[{"embeddable":true,"href":"https:\/\/aromasentia.com\/no\/wp-json\/wp\/v2\/comments?post=207628"}],"version-history":[{"count":0,"href":"https:\/\/aromasentia.com\/no\/wp-json\/wp\/v2\/product\/207628\/revisions"}],"wp:featuredmedia":[{"embeddable":true,"href":"https:\/\/aromasentia.com\/no\/wp-json\/wp\/v2\/media\/268595"}],"wp:attachment":[{"href":"https:\/\/aromasentia.com\/no\/wp-json\/wp\/v2\/media?parent=207628"}],"wp:term":[{"taxonomy":"product_brand","embeddable":true,"href":"https:\/\/aromasentia.com\/no\/wp-json\/wp\/v2\/product_brand?post=207628"},{"taxonomy":"product_cat","embeddable":true,"href":"https:\/\/aromasentia.com\/no\/wp-json\/wp\/v2\/product_cat?post=207628"},{"taxonomy":"product_tag","embeddable":true,"href":"https:\/\/aromasentia.com\/no\/wp-json\/wp\/v2\/product_tag?post=207628"}],"curies":[{"name":"wp","href":"https:\/\/api.w.org\/{rel}","templated":true}]}}