{"id":207626,"date":"2025-03-20T15:15:45","date_gmt":"2025-03-20T15:15:45","guid":{"rendered":"https:\/\/aromasentia.com\/product\/ho-wood-50ml-essential-oil\/"},"modified":"2025-05-31T04:11:33","modified_gmt":"2025-05-31T04:11:33","slug":"ho-wood-eterisk-olje-50ml","status":"publish","type":"product","link":"https:\/\/aromasentia.com\/no\/ho-wood-eterisk-olje-50ml\/","title":{"rendered":"Ho Wood Eterisk Olje 50ml"},"content":{"rendered":"<p><strong>Latinsk navn: Cinnamomum Camphora Var. Glavescens<br \/>Del av plante brukt: Tre<br \/>Kilde: Kina<br \/>Ekstraksjonsmetode: Dampdestillasjon<\/strong><\/p>\n<p>Ho-tre er en av de mest potente kildene til naturlig forekommende linalol som finnes i enhver dampdestillert essensiell olje. Aromatisk er Ho-tre eterisk olje en vakkert duftende treolje.<\/p>\n<p>F\u00f8lelsesmessig, gitt linalolinnholdet, er <strong>Ho-tre eterisk olje<\/strong> en &laquo;fredelig&raquo; olje. Den er beroligende og er et godt valg n\u00e5r du trenger \u00e5 slappe av eller koble av.<\/p>\n<p>Den h\u00f8ye mengden naturlig linalool i Ho-treolje har brede aromaterapifordeler, som et hjelpemiddel mot s\u00f8vnl\u00f8shet, antidepressivt middel, immunstimulerende middel og bidrar til \u00e5 generere ny cellevekst. Dette gj\u00f8r Ho-tre spesielt interessant for antialdrings- og moden hudpleieblandinger. Aromaen er spesielt behagelig og beroligende n\u00e5r den diffuseres mot s\u00f8vnl\u00f8shet.<\/p>\n","protected":false},"excerpt":{"rendered":"<p>Latinsk navn: Cinnamomum Camphora Var. GlavescensDel av plante brukt: TreKilde: KinaEkstraksjonsmetode: Dampdestillasjon Ho-tre er en av de mest potente kildene til naturlig forekommende linalol som finnes i enhver dampdestillert essensiell olje. Aromatisk er Ho-tre eterisk olje en vakkert duftende treolje. F\u00f8lelsesmessig, gitt linalolinnholdet, er Ho-tre eterisk olje en &laquo;fredelig&raquo; olje. Den er beroligende og er [&hellip;]<\/p>\n","protected":false},"featured_media":268577,"comment_status":"closed","ping_status":"open","template":"","meta":{"_angie_page":false},"product_brand":[27096],"product_cat":[9065,25843,10236,26211,26897],"product_tag":[],"class_list":{"0":"post-207626","1":"product","2":"type-product","3":"status-publish","4":"has-post-thumbnail","6":"product_brand-ancient-wisdom","7":"product_cat-aromaterapi-og-romduft","8":"product_cat-dufter-aromaer","9":"product_cat-eteriske-oljer","10":"product_cat-ho-tre","11":"product_cat-treaktig","12":"pa_collection-50ml-essential-oil-no","13":"pa_made-in-kina","14":"pa_size-50ml","16":"first","17":"instock","18":"purchasable","19":"product-type-simple"},"supplier_id":null,"supplier_sku":"PrEO-71","barcode":null,"atum_controlled":true,"out_stock_date":null,"out_stock_threshold":null,"inheritable":false,"inbound_stock":null,"stock_on_hold":0,"sold_today":0,"sales_last_days":0,"reserved_stock":null,"customer_returns":null,"warehouse_damage":null,"lost_in_post":null,"other_logs":null,"out_stock_days":0,"lost_sales":0,"has_location":null,"update_date":"2026-05-04T00:04:57","atum_locations":[],"atum_stock_status":"instock","restock_status":false,"low_stock_amount":"","sales_update_date":"2025-09-05T00:18:15","calc_backorders":null,"_links":{"self":[{"href":"https:\/\/aromasentia.com\/no\/wp-json\/wp\/v2\/product\/207626","targetHints":{"allow":["GET"]}}],"collection":[{"href":"https:\/\/aromasentia.com\/no\/wp-json\/wp\/v2\/product"}],"about":[{"href":"https:\/\/aromasentia.com\/no\/wp-json\/wp\/v2\/types\/product"}],"replies":[{"embeddable":true,"href":"https:\/\/aromasentia.com\/no\/wp-json\/wp\/v2\/comments?post=207626"}],"version-history":[{"count":0,"href":"https:\/\/aromasentia.com\/no\/wp-json\/wp\/v2\/product\/207626\/revisions"}],"wp:featuredmedia":[{"embeddable":true,"href":"https:\/\/aromasentia.com\/no\/wp-json\/wp\/v2\/media\/268577"}],"wp:attachment":[{"href":"https:\/\/aromasentia.com\/no\/wp-json\/wp\/v2\/media?parent=207626"}],"wp:term":[{"taxonomy":"product_brand","embeddable":true,"href":"https:\/\/aromasentia.com\/no\/wp-json\/wp\/v2\/product_brand?post=207626"},{"taxonomy":"product_cat","embeddable":true,"href":"https:\/\/aromasentia.com\/no\/wp-json\/wp\/v2\/product_cat?post=207626"},{"taxonomy":"product_tag","embeddable":true,"href":"https:\/\/aromasentia.com\/no\/wp-json\/wp\/v2\/product_tag?post=207626"}],"curies":[{"name":"wp","href":"https:\/\/api.w.org\/{rel}","templated":true}]}}