{"id":207624,"date":"2025-03-20T15:15:45","date_gmt":"2025-03-20T15:15:45","guid":{"rendered":"https:\/\/aromasentia.com\/product\/cumin-seed-50ml-essential-oil\/"},"modified":"2025-05-31T04:11:26","modified_gmt":"2025-05-31T04:11:26","slug":"spisskummenfro-eterisk-olje-50ml","status":"publish","type":"product","link":"https:\/\/aromasentia.com\/no\/spisskummenfro-eterisk-olje-50ml\/","title":{"rendered":"Spisskummenfr\u00f8 Eterisk Olje 50ml"},"content":{"rendered":"<p><strong>Latinsk navn: Cuminum Cyminum<br \/>Del av planten som brukes: Fr\u00f8<br \/>Kilde: Egypt<br \/>Ekstraksjonsmetode: Dampdestillasjon<\/strong><\/p>\n<p>Den essensielle oljen av spisskummen utvinnes fra de t\u00f8rkede og knuste fr\u00f8ene gjennom en prosess med dampdestillasjon. Spisskummen er ganske popul\u00e6r som krydder over hele verden, og den trenger knapt noen introduksjon.<\/p>\n<p><strong>Spisskummen essensiell olje<\/strong> har sterke antimikrobielle og antibakterielle egenskaper. Den har vist seg \u00e5 v\u00e6re sv\u00e6rt effektiv mot bakterier som mikroorganismer som E. coli, S. aureus, S. faecalis.<\/p>\n<p>Den kan behandle interne bakterieinfeksjoner som de i tykktarmen, magen, tarmene og urinveiene, samt eksterne infeksjoner p\u00e5 huden.<\/p>\n","protected":false},"excerpt":{"rendered":"<p>Latinsk navn: Cuminum CyminumDel av planten som brukes: Fr\u00f8Kilde: EgyptEkstraksjonsmetode: Dampdestillasjon Den essensielle oljen av spisskummen utvinnes fra de t\u00f8rkede og knuste fr\u00f8ene gjennom en prosess med dampdestillasjon. Spisskummen er ganske popul\u00e6r som krydder over hele verden, og den trenger knapt noen introduksjon. Spisskummen essensiell olje har sterke antimikrobielle og antibakterielle egenskaper. Den har vist [&hellip;]<\/p>\n","protected":false},"featured_media":268559,"comment_status":"closed","ping_status":"open","template":"","meta":{"_angie_page":false},"product_brand":[27096],"product_cat":[9065,25843,10236,26890,26164],"product_tag":[],"class_list":{"0":"post-207624","1":"product","2":"type-product","3":"status-publish","4":"has-post-thumbnail","6":"product_brand-ancient-wisdom","7":"product_cat-aromaterapi-og-romduft","8":"product_cat-dufter-aromaer","9":"product_cat-eteriske-oljer","10":"product_cat-krydret","11":"product_cat-spisskummenfro","12":"pa_collection-50ml-essential-oil-no","13":"pa_made-in-egypt","14":"pa_size-50ml","16":"first","17":"instock","18":"purchasable","19":"product-type-simple"},"supplier_id":null,"supplier_sku":"PrEO-66","barcode":null,"atum_controlled":true,"out_stock_date":null,"out_stock_threshold":null,"inheritable":false,"inbound_stock":null,"stock_on_hold":0,"sold_today":0,"sales_last_days":0,"reserved_stock":null,"customer_returns":null,"warehouse_damage":null,"lost_in_post":null,"other_logs":null,"out_stock_days":0,"lost_sales":0,"has_location":null,"update_date":"2026-05-08T05:16:52","atum_locations":[],"atum_stock_status":"instock","restock_status":false,"low_stock_amount":"","sales_update_date":"2026-01-30T01:25:53","calc_backorders":null,"_links":{"self":[{"href":"https:\/\/aromasentia.com\/no\/wp-json\/wp\/v2\/product\/207624","targetHints":{"allow":["GET"]}}],"collection":[{"href":"https:\/\/aromasentia.com\/no\/wp-json\/wp\/v2\/product"}],"about":[{"href":"https:\/\/aromasentia.com\/no\/wp-json\/wp\/v2\/types\/product"}],"replies":[{"embeddable":true,"href":"https:\/\/aromasentia.com\/no\/wp-json\/wp\/v2\/comments?post=207624"}],"version-history":[{"count":0,"href":"https:\/\/aromasentia.com\/no\/wp-json\/wp\/v2\/product\/207624\/revisions"}],"wp:featuredmedia":[{"embeddable":true,"href":"https:\/\/aromasentia.com\/no\/wp-json\/wp\/v2\/media\/268559"}],"wp:attachment":[{"href":"https:\/\/aromasentia.com\/no\/wp-json\/wp\/v2\/media?parent=207624"}],"wp:term":[{"taxonomy":"product_brand","embeddable":true,"href":"https:\/\/aromasentia.com\/no\/wp-json\/wp\/v2\/product_brand?post=207624"},{"taxonomy":"product_cat","embeddable":true,"href":"https:\/\/aromasentia.com\/no\/wp-json\/wp\/v2\/product_cat?post=207624"},{"taxonomy":"product_tag","embeddable":true,"href":"https:\/\/aromasentia.com\/no\/wp-json\/wp\/v2\/product_tag?post=207624"}],"curies":[{"name":"wp","href":"https:\/\/api.w.org\/{rel}","templated":true}]}}