{"id":207620,"date":"2025-03-20T15:15:45","date_gmt":"2025-03-20T15:15:45","guid":{"rendered":"https:\/\/aromasentia.com\/product\/melissa-blend-50ml-essential-oil\/"},"modified":"2025-05-31T04:11:16","modified_gmt":"2025-05-31T04:11:16","slug":"melisse-blanding-eterisk-olje-50ml","status":"publish","type":"product","link":"https:\/\/aromasentia.com\/no\/melisse-blanding-eterisk-olje-50ml\/","title":{"rendered":"Melisse (Blanding) Eterisk Olje 50ml"},"content":{"rendered":"<p><strong>Latinsk navn: Ingen &#8211; Naturlig blanding.<br \/>Kilde: Blandet.<br \/>Utvinningsmetode: Ikke aktuelt.<\/strong><\/p>\n<p>Melissa-blandingen er en spesiell blanding av fraksjonerte essensielle oljer designet for \u00e5 ha samme duftprofil og egenskaper som ekte Melissa, ettersom ekte Melissa er ekstremt dyr.<\/p>\n<p>Den n\u00f8yaktige formuleringen av denne oljen er en n\u00f8ye bevart hemmelighet, men innholdet i oljen er som f\u00f8lger:<\/p>\n<p>Citral fra sitrongress<br \/>Sitronolje<br \/>D-limonen fra appelsin<br \/>Hon-olje<br \/>Beta-karyofylen fra nellikolje.<\/p>\n<p><strong>Melissa essensiell olje<\/strong> er oppl\u00f8ftende, revitaliserende og harmoniserende. Den har en beroligende effekt p\u00e5 f\u00f8lelsene. Den er ogs\u00e5 oppl\u00f8ftende for hum\u00f8ret og er kjent for \u00e5 optimalisere sunn ford\u00f8yelse og klarne hodet. Den har en frisk, s\u00f8t, sitronaktig aroma.<\/p>\n","protected":false},"excerpt":{"rendered":"<p>Latinsk navn: Ingen &#8211; Naturlig blanding.Kilde: Blandet.Utvinningsmetode: Ikke aktuelt. Melissa-blandingen er en spesiell blanding av fraksjonerte essensielle oljer designet for \u00e5 ha samme duftprofil og egenskaper som ekte Melissa, ettersom ekte Melissa er ekstremt dyr. Den n\u00f8yaktige formuleringen av denne oljen er en n\u00f8ye bevart hemmelighet, men innholdet i oljen er som f\u00f8lger: Citral fra [&hellip;]<\/p>\n","protected":false},"featured_media":268523,"comment_status":"closed","ping_status":"open","template":"","meta":{"_angie_page":false},"product_brand":[27096],"product_cat":[9065,25843,26651,10236,26277,26862],"product_tag":[],"class_list":{"0":"post-207620","1":"product","2":"type-product","3":"status-publish","4":"has-post-thumbnail","6":"product_brand-ancient-wisdom","7":"product_cat-aromaterapi-og-romduft","8":"product_cat-dufter-aromaer","9":"product_cat-eteriske-oljeblandinger","10":"product_cat-eteriske-oljer","11":"product_cat-melissa-blanding","12":"product_cat-urte-aromatisk","13":"pa_collection-50ml-essential-oil-no","14":"pa_made-in-storbritannia","15":"pa_size-50ml","17":"first","18":"instock","19":"purchasable","20":"product-type-simple"},"supplier_id":null,"supplier_sku":"PrEO-61","barcode":null,"atum_controlled":true,"out_stock_date":null,"out_stock_threshold":null,"inheritable":false,"inbound_stock":null,"stock_on_hold":0,"sold_today":0,"sales_last_days":0,"reserved_stock":null,"customer_returns":null,"warehouse_damage":null,"lost_in_post":null,"other_logs":null,"out_stock_days":0,"lost_sales":0,"has_location":null,"update_date":"2026-04-27T07:18:30","atum_locations":[],"atum_stock_status":"instock","restock_status":false,"low_stock_amount":"","sales_update_date":"2026-01-30T01:24:52","calc_backorders":null,"_links":{"self":[{"href":"https:\/\/aromasentia.com\/no\/wp-json\/wp\/v2\/product\/207620","targetHints":{"allow":["GET"]}}],"collection":[{"href":"https:\/\/aromasentia.com\/no\/wp-json\/wp\/v2\/product"}],"about":[{"href":"https:\/\/aromasentia.com\/no\/wp-json\/wp\/v2\/types\/product"}],"replies":[{"embeddable":true,"href":"https:\/\/aromasentia.com\/no\/wp-json\/wp\/v2\/comments?post=207620"}],"version-history":[{"count":0,"href":"https:\/\/aromasentia.com\/no\/wp-json\/wp\/v2\/product\/207620\/revisions"}],"wp:featuredmedia":[{"embeddable":true,"href":"https:\/\/aromasentia.com\/no\/wp-json\/wp\/v2\/media\/268523"}],"wp:attachment":[{"href":"https:\/\/aromasentia.com\/no\/wp-json\/wp\/v2\/media?parent=207620"}],"wp:term":[{"taxonomy":"product_brand","embeddable":true,"href":"https:\/\/aromasentia.com\/no\/wp-json\/wp\/v2\/product_brand?post=207620"},{"taxonomy":"product_cat","embeddable":true,"href":"https:\/\/aromasentia.com\/no\/wp-json\/wp\/v2\/product_cat?post=207620"},{"taxonomy":"product_tag","embeddable":true,"href":"https:\/\/aromasentia.com\/no\/wp-json\/wp\/v2\/product_tag?post=207620"}],"curies":[{"name":"wp","href":"https:\/\/api.w.org\/{rel}","templated":true}]}}