{"id":207618,"date":"2025-03-20T15:15:45","date_gmt":"2025-03-20T15:15:45","guid":{"rendered":"https:\/\/aromasentia.com\/product\/benzoin-dilute-dpg-50ml-essential-oil\/"},"modified":"2025-05-31T04:11:09","modified_gmt":"2025-05-31T04:11:09","slug":"benzoin-fortynnet-dpg-eterisk-olje-50ml","status":"publish","type":"product","link":"https:\/\/aromasentia.com\/no\/benzoin-fortynnet-dpg-eterisk-olje-50ml\/","title":{"rendered":"Benzoin (Fortynnet\/Dpg) Eterisk Olje 50ml"},"content":{"rendered":"<p><strong>Latinsk navn: Styrax<br \/>Del av plante brukt: Harpiks<br \/>Kilde: Filippinene<br \/>Ekstraksjonsmetode: L\u00f8semiddelekstraksjon<\/strong><\/p>\n<p>De terapeutiske egenskapene til benzoinolje inkluderer: Antiinflammatorisk, antioksidant, antiseptisk og sammentrekkende. Den er beroligende, varmende og stimulerende.<\/p>\n<p><strong>Benzoin eterisk olje<\/strong> har blitt brukt siden antikken som r\u00f8kelse, men ogs\u00e5 som medisin. I dag brukes den fortsatt hovedsakelig i parfyme- og r\u00f8kelsesindustrien og dufter noen sv\u00e6rt kjente merker over hele verden.<\/p>\n<p>Benzoin har mange bruksomr\u00e5der, inkludert: kutt, sprukken og irritabel hud. Det sies ogs\u00e5 \u00e5 v\u00e6re nyttig ved luftveisplager som astma, bronkitt og hoste. Benzoin kan ogs\u00e5 v\u00e6re nyttig for \u00e5 bekjempe stressrelaterte problemer samt influensa.<\/p>\n","protected":false},"excerpt":{"rendered":"<p>Latinsk navn: StyraxDel av plante brukt: HarpiksKilde: FilippineneEkstraksjonsmetode: L\u00f8semiddelekstraksjon De terapeutiske egenskapene til benzoinolje inkluderer: Antiinflammatorisk, antioksidant, antiseptisk og sammentrekkende. Den er beroligende, varmende og stimulerende. Benzoin eterisk olje har blitt brukt siden antikken som r\u00f8kelse, men ogs\u00e5 som medisin. I dag brukes den fortsatt hovedsakelig i parfyme- og r\u00f8kelsesindustrien og dufter noen sv\u00e6rt kjente [&hellip;]<\/p>\n","protected":false},"featured_media":268505,"comment_status":"closed","ping_status":"open","template":"","meta":{"_angie_page":false},"product_brand":[27096],"product_cat":[9065,26084,25843,10236,26883],"product_tag":[],"class_list":{"0":"post-207618","1":"product","2":"type-product","3":"status-publish","4":"has-post-thumbnail","6":"product_brand-ancient-wisdom","7":"product_cat-aromaterapi-og-romduft","8":"product_cat-benzoin","9":"product_cat-dufter-aromaer","10":"product_cat-eteriske-oljer","11":"product_cat-harpiksaktig-balsamisk","12":"pa_collection-50ml-essential-oil-no","13":"pa_made-in-indonesia","14":"pa_size-50ml","16":"first","17":"instock","18":"purchasable","19":"product-type-simple"},"supplier_id":null,"supplier_sku":"PrEO-59","barcode":null,"atum_controlled":true,"out_stock_date":null,"out_stock_threshold":null,"inheritable":false,"inbound_stock":null,"stock_on_hold":0,"sold_today":0,"sales_last_days":0,"reserved_stock":null,"customer_returns":null,"warehouse_damage":null,"lost_in_post":null,"other_logs":null,"out_stock_days":0,"lost_sales":0,"has_location":null,"update_date":"2026-05-08T05:16:52","atum_locations":[],"atum_stock_status":"instock","restock_status":false,"low_stock_amount":"","sales_update_date":"2025-09-05T00:18:13","calc_backorders":null,"_links":{"self":[{"href":"https:\/\/aromasentia.com\/no\/wp-json\/wp\/v2\/product\/207618","targetHints":{"allow":["GET"]}}],"collection":[{"href":"https:\/\/aromasentia.com\/no\/wp-json\/wp\/v2\/product"}],"about":[{"href":"https:\/\/aromasentia.com\/no\/wp-json\/wp\/v2\/types\/product"}],"replies":[{"embeddable":true,"href":"https:\/\/aromasentia.com\/no\/wp-json\/wp\/v2\/comments?post=207618"}],"version-history":[{"count":0,"href":"https:\/\/aromasentia.com\/no\/wp-json\/wp\/v2\/product\/207618\/revisions"}],"wp:featuredmedia":[{"embeddable":true,"href":"https:\/\/aromasentia.com\/no\/wp-json\/wp\/v2\/media\/268505"}],"wp:attachment":[{"href":"https:\/\/aromasentia.com\/no\/wp-json\/wp\/v2\/media?parent=207618"}],"wp:term":[{"taxonomy":"product_brand","embeddable":true,"href":"https:\/\/aromasentia.com\/no\/wp-json\/wp\/v2\/product_brand?post=207618"},{"taxonomy":"product_cat","embeddable":true,"href":"https:\/\/aromasentia.com\/no\/wp-json\/wp\/v2\/product_cat?post=207618"},{"taxonomy":"product_tag","embeddable":true,"href":"https:\/\/aromasentia.com\/no\/wp-json\/wp\/v2\/product_tag?post=207618"}],"curies":[{"name":"wp","href":"https:\/\/api.w.org\/{rel}","templated":true}]}}