{"id":207617,"date":"2025-03-20T15:16:05","date_gmt":"2025-03-20T15:16:05","guid":{"rendered":"https:\/\/aromasentia.com\/product\/wintergreen-essential-oil-50ml\/"},"modified":"2025-05-31T04:11:06","modified_gmt":"2025-05-31T04:11:06","slug":"vintergront-eterisk-olje-50ml","status":"publish","type":"product","link":"https:\/\/aromasentia.com\/no\/vintergront-eterisk-olje-50ml\/","title":{"rendered":"Vintergr\u00f8nt Eterisk Olje 50ml"},"content":{"rendered":"<p><strong>Latinsk navn: Gaultheria Fragrantissima<br \/>Plantedel brukt: Blader<br \/>Kilde: Kina<br \/>Ekstraksjonsmetode: Dampdestillasjon<br \/>Aromatisk beskrivelse: S\u00f8t, mintaktig, forfriskende<\/strong><\/p>\n<p>Vintergr\u00f8nn eterisk olje er utvunnet fra bladene til en krypende busk som finnes i barskogomr\u00e5der. Den viktigste kjemiske komponenten i vintergr\u00f8nn, metylsalisylat, brukes i topiske kremer og massasjeblandinger p\u00e5 grunn av dens lindrende egenskaper.<\/p>\n<p>Faktisk er vintergr\u00f8nn og bj\u00f8rk de eneste plantene i verden som inneholder metylsalisylat naturlig. Som smakstilsetning brukes sm\u00e5 mengder vintergr\u00f8nn i godteri, tannkrem og tyggegummi. N\u00e5r den diffuseres, har vintergr\u00f8nn en forfriskende aroma som er oppl\u00f8ftende og stimulerende.<\/p>\n","protected":false},"excerpt":{"rendered":"<p>Latinsk navn: Gaultheria FragrantissimaPlantedel brukt: BladerKilde: KinaEkstraksjonsmetode: DampdestillasjonAromatisk beskrivelse: S\u00f8t, mintaktig, forfriskende Vintergr\u00f8nn eterisk olje er utvunnet fra bladene til en krypende busk som finnes i barskogomr\u00e5der. Den viktigste kjemiske komponenten i vintergr\u00f8nn, metylsalisylat, brukes i topiske kremer og massasjeblandinger p\u00e5 grunn av dens lindrende egenskaper. Faktisk er vintergr\u00f8nn og bj\u00f8rk de eneste plantene i [&hellip;]<\/p>\n","protected":false},"featured_media":268684,"comment_status":"closed","ping_status":"open","template":"","meta":{"_angie_page":false},"product_brand":[27096],"product_cat":[9065,25843,10236,26876,26440],"product_tag":[],"class_list":{"0":"post-207617","1":"product","2":"type-product","3":"status-publish","4":"has-post-thumbnail","6":"product_brand-ancient-wisdom","7":"product_cat-aromaterapi-og-romduft","8":"product_cat-dufter-aromaer","9":"product_cat-eteriske-oljer","10":"product_cat-mynte","11":"product_cat-vintergronn","12":"pa_collection-50ml-essential-oil-no","13":"pa_made-in-kina","14":"pa_size-50ml","16":"first","17":"instock","18":"purchasable","19":"product-type-simple"},"supplier_id":null,"supplier_sku":"Preo-87","barcode":null,"atum_controlled":true,"out_stock_date":null,"out_stock_threshold":null,"inheritable":false,"inbound_stock":0,"stock_on_hold":0,"sold_today":0,"sales_last_days":0,"reserved_stock":0,"customer_returns":0,"warehouse_damage":0,"lost_in_post":0,"other_logs":0,"out_stock_days":0,"lost_sales":0,"has_location":false,"update_date":"2026-04-27T07:18:37","atum_locations":[],"atum_stock_status":"instock","restock_status":false,"low_stock_amount":"","sales_update_date":"2026-02-06T00:02:02","calc_backorders":null,"_links":{"self":[{"href":"https:\/\/aromasentia.com\/no\/wp-json\/wp\/v2\/product\/207617","targetHints":{"allow":["GET"]}}],"collection":[{"href":"https:\/\/aromasentia.com\/no\/wp-json\/wp\/v2\/product"}],"about":[{"href":"https:\/\/aromasentia.com\/no\/wp-json\/wp\/v2\/types\/product"}],"replies":[{"embeddable":true,"href":"https:\/\/aromasentia.com\/no\/wp-json\/wp\/v2\/comments?post=207617"}],"version-history":[{"count":0,"href":"https:\/\/aromasentia.com\/no\/wp-json\/wp\/v2\/product\/207617\/revisions"}],"wp:featuredmedia":[{"embeddable":true,"href":"https:\/\/aromasentia.com\/no\/wp-json\/wp\/v2\/media\/268684"}],"wp:attachment":[{"href":"https:\/\/aromasentia.com\/no\/wp-json\/wp\/v2\/media?parent=207617"}],"wp:term":[{"taxonomy":"product_brand","embeddable":true,"href":"https:\/\/aromasentia.com\/no\/wp-json\/wp\/v2\/product_brand?post=207617"},{"taxonomy":"product_cat","embeddable":true,"href":"https:\/\/aromasentia.com\/no\/wp-json\/wp\/v2\/product_cat?post=207617"},{"taxonomy":"product_tag","embeddable":true,"href":"https:\/\/aromasentia.com\/no\/wp-json\/wp\/v2\/product_tag?post=207617"}],"curies":[{"name":"wp","href":"https:\/\/api.w.org\/{rel}","templated":true}]}}