{"id":207614,"date":"2025-03-20T15:16:05","date_gmt":"2025-03-20T15:16:05","guid":{"rendered":"https:\/\/aromasentia.com\/product\/spearmint-50ml-essential-oil\/"},"modified":"2025-05-31T04:10:54","modified_gmt":"2025-05-31T04:10:54","slug":"spearmint-eterisk-olje-50ml","status":"publish","type":"product","link":"https:\/\/aromasentia.com\/no\/spearmint-eterisk-olje-50ml\/","title":{"rendered":"Spearmint Eterisk Olje 50ml"},"content":{"rendered":"<p><strong>Latinsk navn: Mentha Spicata<br \/>Plantedel brukt: Blomstertopper<br \/>Kilde: Kina<br \/>Ekstraksjonsmetode: Dampdestillasjon<\/strong><\/p>\n<p>Ancient Wisdom Spearmint-olje er en h\u00f8yverdig 60 % karvon<br \/>variant. Karvon er det naturlig forekommende kjemikaliet som gir spearmint<br \/>sin s\u00e6regne lukt. De resterende 40 % av oljen best\u00e5r av<br \/>andre kjemikalier som forekommer naturlig i spearmint-planten.<\/p>\n<p>Spearmint-essensiell olje er multifunksjonell og brukes fortsatt til \u00e5 lindre plager som hudproblemer, hodepine, kvalme, oppkast, luftveisproblemer og forkj\u00f8lelsessymptomer.<\/p>\n<p>Brukt i aromaterapi, sies <strong>Spearmint-essensiell olje<\/strong> \u00e5 bidra til \u00e5 redusere tett nese for\u00e5rsaket av overdreven opphopning av slim og slim i nese og hals, og dermed fremme lettere pusting. Den har en revitaliserende og energigivende effekt p\u00e5 kroppen ved \u00e5 forbedre hum\u00f8ret og konsentrasjonen, og ved \u00e5 gi huden energi. Den friske, gjenopprettende duften bidrar til \u00e5 l\u00f8fte hum\u00f8ret og lindre emosjonelt stress.<\/p>\n","protected":false},"excerpt":{"rendered":"<p>Latinsk navn: Mentha SpicataPlantedel brukt: BlomstertopperKilde: KinaEkstraksjonsmetode: Dampdestillasjon Ancient Wisdom Spearmint-olje er en h\u00f8yverdig 60 % karvonvariant. Karvon er det naturlig forekommende kjemikaliet som gir spearmintsin s\u00e6regne lukt. De resterende 40 % av oljen best\u00e5r avandre kjemikalier som forekommer naturlig i spearmint-planten. Spearmint-essensiell olje er multifunksjonell og brukes fortsatt til \u00e5 lindre plager som hudproblemer, [&hellip;]<\/p>\n","protected":false},"featured_media":268657,"comment_status":"closed","ping_status":"open","template":"","meta":{"_angie_page":false},"product_brand":[27096],"product_cat":[9065,25843,10236,26394,26876],"product_tag":[],"class_list":{"0":"post-207614","1":"product","2":"type-product","3":"status-publish","4":"has-post-thumbnail","6":"product_brand-ancient-wisdom","7":"product_cat-aromaterapi-og-romduft","8":"product_cat-dufter-aromaer","9":"product_cat-eteriske-oljer","10":"product_cat-gronnmynte","11":"product_cat-mynte","12":"pa_collection-50ml-essential-oil-no","13":"pa_made-in-kina","14":"pa_size-50ml","16":"first","17":"instock","18":"purchasable","19":"product-type-simple"},"supplier_id":null,"supplier_sku":"PrEO-84","barcode":null,"atum_controlled":true,"out_stock_date":null,"out_stock_threshold":null,"inheritable":false,"inbound_stock":null,"stock_on_hold":0,"sold_today":0,"sales_last_days":0,"reserved_stock":null,"customer_returns":null,"warehouse_damage":null,"lost_in_post":null,"other_logs":null,"out_stock_days":0,"lost_sales":0,"has_location":null,"update_date":"2026-04-27T07:18:30","atum_locations":[],"atum_stock_status":"instock","restock_status":false,"low_stock_amount":"","sales_update_date":"2026-01-30T01:24:42","calc_backorders":null,"_links":{"self":[{"href":"https:\/\/aromasentia.com\/no\/wp-json\/wp\/v2\/product\/207614","targetHints":{"allow":["GET"]}}],"collection":[{"href":"https:\/\/aromasentia.com\/no\/wp-json\/wp\/v2\/product"}],"about":[{"href":"https:\/\/aromasentia.com\/no\/wp-json\/wp\/v2\/types\/product"}],"replies":[{"embeddable":true,"href":"https:\/\/aromasentia.com\/no\/wp-json\/wp\/v2\/comments?post=207614"}],"version-history":[{"count":0,"href":"https:\/\/aromasentia.com\/no\/wp-json\/wp\/v2\/product\/207614\/revisions"}],"wp:featuredmedia":[{"embeddable":true,"href":"https:\/\/aromasentia.com\/no\/wp-json\/wp\/v2\/media\/268657"}],"wp:attachment":[{"href":"https:\/\/aromasentia.com\/no\/wp-json\/wp\/v2\/media?parent=207614"}],"wp:term":[{"taxonomy":"product_brand","embeddable":true,"href":"https:\/\/aromasentia.com\/no\/wp-json\/wp\/v2\/product_brand?post=207614"},{"taxonomy":"product_cat","embeddable":true,"href":"https:\/\/aromasentia.com\/no\/wp-json\/wp\/v2\/product_cat?post=207614"},{"taxonomy":"product_tag","embeddable":true,"href":"https:\/\/aromasentia.com\/no\/wp-json\/wp\/v2\/product_tag?post=207614"}],"curies":[{"name":"wp","href":"https:\/\/api.w.org\/{rel}","templated":true}]}}