{"id":207613,"date":"2025-03-20T15:16:05","date_gmt":"2025-03-20T15:16:05","guid":{"rendered":"https:\/\/aromasentia.com\/product\/cornmint-50ml-essential-oil\/"},"modified":"2025-05-31T04:10:51","modified_gmt":"2025-05-31T04:10:51","slug":"kornmynte-eterisk-olje-50ml","status":"publish","type":"product","link":"https:\/\/aromasentia.com\/no\/kornmynte-eterisk-olje-50ml\/","title":{"rendered":"Kornmynte Eterisk Olje 50ml"},"content":{"rendered":"<p><strong>Latinsk navn: Mentha Arvensis<br \/>Del av plante brukt: Blader<br \/>Kilde: Kina<br \/>Ekstraksjonsmetode: Dampdestillasjon<\/strong><\/p>\n<p>Maismynte har et bredt spekter av terapeutiske bruksomr\u00e5der og er en allsidig essensiell olje. Noen av disse egenskapene er bed\u00f8vende, migrenestillende, krampel\u00f8sende, karminativ, ford\u00f8yelses-, sliml\u00f8sende, sliml\u00f8sende, nevrotonisk og stimulerende.<\/p>\n<p>Maismyntes forskjellige bruksomr\u00e5der er antimikrobiell og ford\u00f8yelsesrelatert, og brukes ogs\u00e5 til \u00e5 fjerne negativitet i en spirituell bruk. Dokumenterte bruksomr\u00e5der inkluderer bed\u00f8vende, antiseptisk, krampel\u00f8sende, stimulerende og ford\u00f8yelsesrelatert.<\/p>\n<p><strong>Maismynte essensiell olje<\/strong> er et nyttig hjelpemiddel for hodepine, ford\u00f8yelsesproblemer, sirkulasjon, s\u00e5r hals, forkj\u00f8lelse og kvalme. Maismynte essensiell olje er energigivende og oppl\u00f8ftende.<\/p>\n","protected":false},"excerpt":{"rendered":"<p>Latinsk navn: Mentha ArvensisDel av plante brukt: BladerKilde: KinaEkstraksjonsmetode: Dampdestillasjon Maismynte har et bredt spekter av terapeutiske bruksomr\u00e5der og er en allsidig essensiell olje. Noen av disse egenskapene er bed\u00f8vende, migrenestillende, krampel\u00f8sende, karminativ, ford\u00f8yelses-, sliml\u00f8sende, sliml\u00f8sende, nevrotonisk og stimulerende. Maismyntes forskjellige bruksomr\u00e5der er antimikrobiell og ford\u00f8yelsesrelatert, og brukes ogs\u00e5 til \u00e5 fjerne negativitet i en [&hellip;]<\/p>\n","protected":false},"featured_media":268648,"comment_status":"closed","ping_status":"open","template":"","meta":{"_angie_page":false},"product_brand":[27096],"product_cat":[26160,9065,25843,10236,26876],"product_tag":[],"class_list":{"0":"post-207613","1":"product","2":"type-product","3":"status-publish","4":"has-post-thumbnail","6":"product_brand-ancient-wisdom","7":"product_cat-akermynte","8":"product_cat-aromaterapi-og-romduft","9":"product_cat-dufter-aromaer","10":"product_cat-eteriske-oljer","11":"product_cat-mynte","12":"pa_collection-50ml-essential-oil-no","13":"pa_made-in-kina","14":"pa_size-50ml","16":"first","17":"instock","18":"purchasable","19":"product-type-simple"},"supplier_id":null,"supplier_sku":"PrEO-83","barcode":null,"atum_controlled":true,"out_stock_date":null,"out_stock_threshold":null,"inheritable":false,"inbound_stock":null,"stock_on_hold":0,"sold_today":0,"sales_last_days":0,"reserved_stock":null,"customer_returns":null,"warehouse_damage":null,"lost_in_post":null,"other_logs":null,"out_stock_days":59,"lost_sales":0,"has_location":null,"update_date":"2026-04-29T13:03:07","atum_locations":[],"atum_stock_status":"instock","restock_status":false,"low_stock_amount":"","sales_update_date":"2026-01-30T01:24:20","calc_backorders":null,"_links":{"self":[{"href":"https:\/\/aromasentia.com\/no\/wp-json\/wp\/v2\/product\/207613","targetHints":{"allow":["GET"]}}],"collection":[{"href":"https:\/\/aromasentia.com\/no\/wp-json\/wp\/v2\/product"}],"about":[{"href":"https:\/\/aromasentia.com\/no\/wp-json\/wp\/v2\/types\/product"}],"replies":[{"embeddable":true,"href":"https:\/\/aromasentia.com\/no\/wp-json\/wp\/v2\/comments?post=207613"}],"version-history":[{"count":0,"href":"https:\/\/aromasentia.com\/no\/wp-json\/wp\/v2\/product\/207613\/revisions"}],"wp:featuredmedia":[{"embeddable":true,"href":"https:\/\/aromasentia.com\/no\/wp-json\/wp\/v2\/media\/268648"}],"wp:attachment":[{"href":"https:\/\/aromasentia.com\/no\/wp-json\/wp\/v2\/media?parent=207613"}],"wp:term":[{"taxonomy":"product_brand","embeddable":true,"href":"https:\/\/aromasentia.com\/no\/wp-json\/wp\/v2\/product_brand?post=207613"},{"taxonomy":"product_cat","embeddable":true,"href":"https:\/\/aromasentia.com\/no\/wp-json\/wp\/v2\/product_cat?post=207613"},{"taxonomy":"product_tag","embeddable":true,"href":"https:\/\/aromasentia.com\/no\/wp-json\/wp\/v2\/product_tag?post=207613"}],"curies":[{"name":"wp","href":"https:\/\/api.w.org\/{rel}","templated":true}]}}