{"id":207611,"date":"2025-03-20T15:16:05","date_gmt":"2025-03-20T15:16:05","guid":{"rendered":"https:\/\/aromasentia.com\/product\/white-birch-50ml-essential-oil\/"},"modified":"2025-05-31T04:10:43","modified_gmt":"2025-05-31T04:10:43","slug":"hvit-bjork-eterisk-olje-50ml","status":"publish","type":"product","link":"https:\/\/aromasentia.com\/no\/hvit-bjork-eterisk-olje-50ml\/","title":{"rendered":"Hvit Bj\u00f8rk Eterisk Olje 50ml"},"content":{"rendered":"<p><strong>Latinsk navn: Betula Pendula Roth<br \/>Del av plante brukt: Bladknopper<br \/>Kilde: Kina<br \/>Ekstraksjonsmetode: Dampdestillasjon<\/strong><\/p>\n<p><strong>Essensiell olje av hvit bj\u00f8rk<\/strong> er kjent for \u00e5 ha naturlige sammentrekkende egenskaper, s\u00e5 den kan v\u00e6re sv\u00e6rt nyttig n\u00e5r den er godt fortynnet i en b\u00e6rerolje, krem eller lotion. Den kan bidra til \u00e5 lindre hudsykdommer som kviser og eksem. Den antas ogs\u00e5 \u00e5 v\u00e6re til hjelp for \u00e5 fjerne giftstoffer og \u00f8ke sirkulasjonen.<\/p>\n<p>Helsefordelene ved essensiell olje av bj\u00f8rk kan tilskrives dens egenskaper som tonic, desinfiserende, stimulerende, antidepressivt, smertestillende, avgiftende, antirevmatisk, antiartritisk, vanndrivende, antiseptisk, sammentrekkende, febernedsettende, bakteriedrepende, insektmiddel og rensende stoff.<\/p>\n<p>Bj\u00f8rkeolje er nyttig for \u00e5 redusere smerter i ledd og muskler, samt smerter forbundet med hodepine og tannpine. Den er ogs\u00e5 krampestillende og lindrer kramper i hele kroppen.<\/p>\n<p>Siden den stimulerer sirkulasjonssystemet og forbedrer sirkulasjonen, er bj\u00f8rkeolje sv\u00e6rt nyttig for \u00e5 gi lindring ved sykdommer forbundet med d\u00e5rlig sirkulasjon, som \u00f8dem (hevelse), revmatisme og leddgikt.<\/p>\n","protected":false},"excerpt":{"rendered":"<p>Latinsk navn: Betula Pendula RothDel av plante brukt: BladknopperKilde: KinaEkstraksjonsmetode: Dampdestillasjon Essensiell olje av hvit bj\u00f8rk er kjent for \u00e5 ha naturlige sammentrekkende egenskaper, s\u00e5 den kan v\u00e6re sv\u00e6rt nyttig n\u00e5r den er godt fortynnet i en b\u00e6rerolje, krem eller lotion. Den kan bidra til \u00e5 lindre hudsykdommer som kviser og eksem. Den antas ogs\u00e5 [&hellip;]<\/p>\n","protected":false},"featured_media":268622,"comment_status":"closed","ping_status":"open","template":"","meta":{"_angie_page":false},"product_brand":[27096],"product_cat":[9065,25843,10236,26430,26897],"product_tag":[],"class_list":{"0":"post-207611","1":"product","2":"type-product","3":"status-publish","4":"has-post-thumbnail","6":"product_brand-ancient-wisdom","7":"product_cat-aromaterapi-og-romduft","8":"product_cat-dufter-aromaer","9":"product_cat-eteriske-oljer","10":"product_cat-hvit-bjork","11":"product_cat-treaktig","12":"pa_collection-50ml-essential-oil-no","13":"pa_made-in-ungarn","14":"pa_size-50ml","16":"first","17":"instock","18":"purchasable","19":"product-type-simple"},"supplier_id":null,"supplier_sku":"PrEO-76","barcode":null,"atum_controlled":true,"out_stock_date":null,"out_stock_threshold":null,"inheritable":false,"inbound_stock":null,"stock_on_hold":0,"sold_today":0,"sales_last_days":0,"reserved_stock":null,"customer_returns":null,"warehouse_damage":null,"lost_in_post":null,"other_logs":null,"out_stock_days":0,"lost_sales":0,"has_location":null,"update_date":"2026-05-04T00:04:57","atum_locations":[],"atum_stock_status":"instock","restock_status":false,"low_stock_amount":"","sales_update_date":"2026-01-30T01:24:28","calc_backorders":null,"_links":{"self":[{"href":"https:\/\/aromasentia.com\/no\/wp-json\/wp\/v2\/product\/207611","targetHints":{"allow":["GET"]}}],"collection":[{"href":"https:\/\/aromasentia.com\/no\/wp-json\/wp\/v2\/product"}],"about":[{"href":"https:\/\/aromasentia.com\/no\/wp-json\/wp\/v2\/types\/product"}],"replies":[{"embeddable":true,"href":"https:\/\/aromasentia.com\/no\/wp-json\/wp\/v2\/comments?post=207611"}],"version-history":[{"count":0,"href":"https:\/\/aromasentia.com\/no\/wp-json\/wp\/v2\/product\/207611\/revisions"}],"wp:featuredmedia":[{"embeddable":true,"href":"https:\/\/aromasentia.com\/no\/wp-json\/wp\/v2\/media\/268622"}],"wp:attachment":[{"href":"https:\/\/aromasentia.com\/no\/wp-json\/wp\/v2\/media?parent=207611"}],"wp:term":[{"taxonomy":"product_brand","embeddable":true,"href":"https:\/\/aromasentia.com\/no\/wp-json\/wp\/v2\/product_brand?post=207611"},{"taxonomy":"product_cat","embeddable":true,"href":"https:\/\/aromasentia.com\/no\/wp-json\/wp\/v2\/product_cat?post=207611"},{"taxonomy":"product_tag","embeddable":true,"href":"https:\/\/aromasentia.com\/no\/wp-json\/wp\/v2\/product_tag?post=207611"}],"curies":[{"name":"wp","href":"https:\/\/api.w.org\/{rel}","templated":true}]}}