{"id":207610,"date":"2025-03-20T15:16:05","date_gmt":"2025-03-20T15:16:05","guid":{"rendered":"https:\/\/aromasentia.com\/product\/red-thyme-essential-oil-50ml\/"},"modified":"2025-05-31T04:10:38","modified_gmt":"2025-05-31T04:10:38","slug":"rod-timian-eterisk-olje-50ml","status":"publish","type":"product","link":"https:\/\/aromasentia.com\/no\/rod-timian-eterisk-olje-50ml\/","title":{"rendered":"R\u00f8d Timian Eterisk Olje 50ml"},"content":{"rendered":"<p><span style=\"color: rgb(75, 80, 88);\"><strong>Latinsk navn:<\/strong> Thymus serpyllum<\/span><\/p>\n<p><span style=\"color: rgb(75, 80, 88);\"><strong>Del av planten brukt:<\/strong> Blader<\/span><\/p>\n<p><span style=\"color: rgb(75, 80, 88);\"><strong>Kilde:<\/strong>Spania<\/span><\/p>\n<p><span style=\"color: rgb(75, 80, 88);\"><strong>Ekstraksjonsmetode:<\/strong> Dampdestillasjon<\/span><\/p>\n<p><span style=\"color: rgb(75, 80, 88);\">Essensiell olje av r\u00f8d timian er stimulerende med sterke antimikrobielle og antiseptiske egenskaper. Den har en varm urteaktig duft.<\/span><\/p>\n<p><span style=\"color: rgb(75, 80, 88);\">I aromaterapi har r\u00f8d timian eterisk olje et bredt bruksomr\u00e5de.<\/span><\/p>\n<p><span style=\"color: rgb(75, 80, 88);\">Den brukes mest til aromadiffusorer, romsprayer og duftt\u00e5ker, spesielt i den viktigste influensa- og forkj\u00f8lelsessesongen. N\u00e5r den brukes topisk, kan den bidra til \u00e5 drive bort insekter.<\/span><\/p>\n<p><span style=\"color: rgb(75, 80, 88);\"><strong>Merk: V\u00e5re essensielle oljer er ikke egnet for innvortes bruk.<\/strong><\/span><\/p>\n","protected":false},"excerpt":{"rendered":"<p>Latinsk navn: Thymus serpyllum Del av planten brukt: Blader Kilde:Spania Ekstraksjonsmetode: Dampdestillasjon Essensiell olje av r\u00f8d timian er stimulerende med sterke antimikrobielle og antiseptiske egenskaper. Den har en varm urteaktig duft. I aromaterapi har r\u00f8d timian eterisk olje et bredt bruksomr\u00e5de. Den brukes mest til aromadiffusorer, romsprayer og duftt\u00e5ker, spesielt i den viktigste influensa- og [&hellip;]<\/p>\n","protected":false},"featured_media":268738,"comment_status":"closed","ping_status":"open","template":"","meta":{"_angie_page":false},"product_brand":[27096],"product_cat":[9065,25843,10236,26363,26862],"product_tag":[],"class_list":{"0":"post-207610","1":"product","2":"type-product","3":"status-publish","4":"has-post-thumbnail","6":"product_brand-ancient-wisdom","7":"product_cat-aromaterapi-og-romduft","8":"product_cat-dufter-aromaer","9":"product_cat-eteriske-oljer","10":"product_cat-rod-timian","11":"product_cat-urte-aromatisk","12":"pa_collection-50ml-essential-oil-no","13":"pa_made-in-spania","14":"pa_size-50ml","16":"first","17":"instock","18":"purchasable","19":"product-type-simple"},"supplier_id":null,"supplier_sku":"PrEO-92","barcode":null,"atum_controlled":true,"out_stock_date":null,"out_stock_threshold":null,"inheritable":false,"inbound_stock":null,"stock_on_hold":0,"sold_today":0,"sales_last_days":0,"reserved_stock":null,"customer_returns":null,"warehouse_damage":null,"lost_in_post":null,"other_logs":null,"out_stock_days":0,"lost_sales":0,"has_location":null,"update_date":"2026-05-08T05:16:52","atum_locations":[],"atum_stock_status":"instock","restock_status":false,"low_stock_amount":"","sales_update_date":"2026-01-30T01:24:56","calc_backorders":null,"_links":{"self":[{"href":"https:\/\/aromasentia.com\/no\/wp-json\/wp\/v2\/product\/207610","targetHints":{"allow":["GET"]}}],"collection":[{"href":"https:\/\/aromasentia.com\/no\/wp-json\/wp\/v2\/product"}],"about":[{"href":"https:\/\/aromasentia.com\/no\/wp-json\/wp\/v2\/types\/product"}],"replies":[{"embeddable":true,"href":"https:\/\/aromasentia.com\/no\/wp-json\/wp\/v2\/comments?post=207610"}],"version-history":[{"count":0,"href":"https:\/\/aromasentia.com\/no\/wp-json\/wp\/v2\/product\/207610\/revisions"}],"wp:featuredmedia":[{"embeddable":true,"href":"https:\/\/aromasentia.com\/no\/wp-json\/wp\/v2\/media\/268738"}],"wp:attachment":[{"href":"https:\/\/aromasentia.com\/no\/wp-json\/wp\/v2\/media?parent=207610"}],"wp:term":[{"taxonomy":"product_brand","embeddable":true,"href":"https:\/\/aromasentia.com\/no\/wp-json\/wp\/v2\/product_brand?post=207610"},{"taxonomy":"product_cat","embeddable":true,"href":"https:\/\/aromasentia.com\/no\/wp-json\/wp\/v2\/product_cat?post=207610"},{"taxonomy":"product_tag","embeddable":true,"href":"https:\/\/aromasentia.com\/no\/wp-json\/wp\/v2\/product_tag?post=207610"}],"curies":[{"name":"wp","href":"https:\/\/api.w.org\/{rel}","templated":true}]}}