{"id":207608,"date":"2025-03-20T15:16:05","date_gmt":"2025-03-20T15:16:05","guid":{"rendered":"https:\/\/aromasentia.com\/product\/high-alpine-lavender-essential-oil-50ml\/"},"modified":"2025-05-31T04:10:27","modified_gmt":"2025-05-31T04:10:27","slug":"lavendel-fra-high-alpine-eterisk-olje-50ml","status":"publish","type":"product","link":"https:\/\/aromasentia.com\/no\/lavendel-fra-high-alpine-eterisk-olje-50ml\/","title":{"rendered":"Lavendel Fra High Alpine Eterisk Olje 50ml"},"content":{"rendered":"<p><strong>Latinsk navn: Lavandula Angustifolia<br \/>Del av planten brukt: Blomstringstipper<br \/>Kilde: Frankrike<br \/>Ekstraksjonsmetode: Dampdestillasjon<\/strong><\/p>\n<p><strong>Lavendel<\/strong> har blitt brukt og verdsatt i \u00e5rhundrer for sin umiskjennelige aroma og utallige fordeler. I oldtiden brukte egypterne og romerne lavendel til bading, avslapning, matlaging og som parfyme. Dens beroligende og avslappende egenskaper, n\u00e5r den tas innvortes, fortsetter \u00e5 v\u00e6re lavendelens mest bemerkelsesverdige egenskaper.<\/p>\n<p>Lavendel brukes ofte topisk for \u00e5 redusere synligheten av hudfeil. Tilsett i badevannet for \u00e5 absorbere stress eller p\u00e5f\u00f8r p\u00e5 tinningene og baksiden av nakken. Tilsett noen dr\u00e5per lavendel p\u00e5 puter, senget\u00f8y eller undersiden av f\u00f8ttene for \u00e5 slappe av og forberede deg p\u00e5 en god natts s\u00f8vn. P\u00e5 grunn av lavendelens allsidige egenskaper regnes den som den uunnv\u00e6rlige oljen \u00e5 ha for h\u00e5nden til enhver tid.<\/p>\n<p>Bruksomr\u00e5der<br \/>Tilsett noen dr\u00e5per lavendelolje p\u00e5 puter, senget\u00f8y eller fots\u00e5ler ved sengetid.<br \/>Ha en flaske lavendel for h\u00e5nden for \u00e5 lindre sporadiske hudirritasjoner.<br \/>Frisk opp lint\u00f8yskapet, madrassen, bilen eller luften ved \u00e5 blande lavendel med vann i en sprayflaske.<\/p>\n<p>Bruksanvisning<br \/>Diffusjon: Bruk tre til fire dr\u00e5per i diffuseren du velger.<br \/>Utvortes bruk: P\u00e5f\u00f8r en til to dr\u00e5per p\u00e5 \u00f8nsket omr\u00e5de. Fortynn med v\u00e5r fraksjonerte kokosolje for \u00e5 minimere hudf\u00f8lsomhet.<\/p>\n<p>Forholdsregler<br \/>Mulig hudf\u00f8lsomhet. Oppbevares utilgjengelig for barn. Hvis du er gravid, ammer eller er under legebehandling, kontakt legen din. Unng\u00e5 kontakt med \u00f8yne, indre \u00f8rer og sensitive omr\u00e5der.<\/p>\n","protected":false},"excerpt":{"rendered":"<p>Latinsk navn: Lavandula AngustifoliaDel av planten brukt: BlomstringstipperKilde: FrankrikeEkstraksjonsmetode: Dampdestillasjon Lavendel har blitt brukt og verdsatt i \u00e5rhundrer for sin umiskjennelige aroma og utallige fordeler. I oldtiden brukte egypterne og romerne lavendel til bading, avslapning, matlaging og som parfyme. Dens beroligende og avslappende egenskaper, n\u00e5r den tas innvortes, fortsetter \u00e5 v\u00e6re lavendelens mest bemerkelsesverdige egenskaper. [&hellip;]<\/p>\n","protected":false},"featured_media":268720,"comment_status":"closed","ping_status":"open","template":"","meta":{"_angie_page":false},"product_brand":[27096],"product_cat":[9065,26834,25843,10236,26232],"product_tag":[],"class_list":{"0":"post-207608","1":"product","2":"type-product","3":"status-publish","4":"has-post-thumbnail","6":"product_brand-ancient-wisdom","7":"product_cat-aromaterapi-og-romduft","8":"product_cat-blomster","9":"product_cat-dufter-aromaer","10":"product_cat-eteriske-oljer","11":"product_cat-lavendel","12":"pa_collection-50ml-essential-oil-no","13":"pa_made-in-frankrike","14":"pa_size-50ml","16":"first","17":"instock","18":"purchasable","19":"product-type-simple"},"supplier_id":null,"supplier_sku":"Preo-91","barcode":null,"atum_controlled":true,"out_stock_date":null,"out_stock_threshold":null,"inheritable":false,"inbound_stock":null,"stock_on_hold":0,"sold_today":0,"sales_last_days":0,"reserved_stock":null,"customer_returns":null,"warehouse_damage":null,"lost_in_post":null,"other_logs":null,"out_stock_days":22,"lost_sales":0,"has_location":null,"update_date":"2026-05-08T05:16:52","atum_locations":[],"atum_stock_status":"instock","restock_status":false,"low_stock_amount":"","sales_update_date":"2026-01-30T01:24:25","calc_backorders":null,"_links":{"self":[{"href":"https:\/\/aromasentia.com\/no\/wp-json\/wp\/v2\/product\/207608","targetHints":{"allow":["GET"]}}],"collection":[{"href":"https:\/\/aromasentia.com\/no\/wp-json\/wp\/v2\/product"}],"about":[{"href":"https:\/\/aromasentia.com\/no\/wp-json\/wp\/v2\/types\/product"}],"replies":[{"embeddable":true,"href":"https:\/\/aromasentia.com\/no\/wp-json\/wp\/v2\/comments?post=207608"}],"version-history":[{"count":0,"href":"https:\/\/aromasentia.com\/no\/wp-json\/wp\/v2\/product\/207608\/revisions"}],"wp:featuredmedia":[{"embeddable":true,"href":"https:\/\/aromasentia.com\/no\/wp-json\/wp\/v2\/media\/268720"}],"wp:attachment":[{"href":"https:\/\/aromasentia.com\/no\/wp-json\/wp\/v2\/media?parent=207608"}],"wp:term":[{"taxonomy":"product_brand","embeddable":true,"href":"https:\/\/aromasentia.com\/no\/wp-json\/wp\/v2\/product_brand?post=207608"},{"taxonomy":"product_cat","embeddable":true,"href":"https:\/\/aromasentia.com\/no\/wp-json\/wp\/v2\/product_cat?post=207608"},{"taxonomy":"product_tag","embeddable":true,"href":"https:\/\/aromasentia.com\/no\/wp-json\/wp\/v2\/product_tag?post=207608"}],"curies":[{"name":"wp","href":"https:\/\/api.w.org\/{rel}","templated":true}]}}