{"id":207606,"date":"2025-03-20T15:16:05","date_gmt":"2025-03-20T15:16:05","guid":{"rendered":"https:\/\/aromasentia.com\/product\/bulgarian-lavender-essential-oil-50ml\/"},"modified":"2025-05-31T04:10:07","modified_gmt":"2025-05-31T04:10:07","slug":"bulgarsk-lavendel-eterisk-olje-50ml","status":"publish","type":"product","link":"https:\/\/aromasentia.com\/no\/bulgarsk-lavendel-eterisk-olje-50ml\/","title":{"rendered":"Bulgarsk Lavendel Eterisk Olje 50ml"},"content":{"rendered":"<p><strong>Latinsk navn: Lavandula Angustifolia<br \/>Del av plante brukt: Blomstringstipper<br \/>Kilde: Bulgaria<br \/>Ekstraksjonsmetode: Dampdestillasjon<\/strong><\/p>\n<p><strong>Bulgarsk lavendel eterisk olje<\/strong> er en konsentrert v\u00e6ske som inneholder flyktige aromatiske forbindelser dampdestillert fra lavendelplanten. Lavendel har blitt brukt i \u00e5rhundrer for \u00e5 helbrede<br \/>ulike plager, fra mindre kutt, bl\u00e5merker og branns\u00e5r til<br \/>kroniske sykdommer som revmatisme, astma og dermatitt.<br \/>Den umiddelbare attraksjonen og bruken av lavendel eterisk olje<br \/>er i parfymeindustrien for dens friske, s\u00f8te og litt<br \/>fruktige blomsterduft.<\/p>\n<p>Denne eteriske oljen, som de fleste andre, brukes vanligvis blandet<br \/>med en base- eller b\u00e6rerolje som s\u00f8t mandel, druekjerneolje,<br \/>jojobaolje, avokadoolje og andre, med mindre det er til badet ditt, da<br \/>du bare kan tilsette noen dr\u00e5per i badevannet. Bruk denne<br \/>oljen for en behagelig duft eller aromaterapi med en olje<br \/>brenner eller vaporiser. I aromaterapi brukes den ofte for \u00e5<br \/>bekjempe depresjon, stress og tretthet. R\u00e5df\u00f8r deg alltid med en<br \/>autorisert behandler n\u00e5r du bruker lavendelolje<br \/>som et helsemiddel eller til aromaterapi.<\/p>\n","protected":false},"excerpt":{"rendered":"<p>Latinsk navn: Lavandula AngustifoliaDel av plante brukt: BlomstringstipperKilde: BulgariaEkstraksjonsmetode: Dampdestillasjon Bulgarsk lavendel eterisk olje er en konsentrert v\u00e6ske som inneholder flyktige aromatiske forbindelser dampdestillert fra lavendelplanten. Lavendel har blitt brukt i \u00e5rhundrer for \u00e5 helbredeulike plager, fra mindre kutt, bl\u00e5merker og branns\u00e5r tilkroniske sykdommer som revmatisme, astma og dermatitt.Den umiddelbare attraksjonen og bruken av lavendel [&hellip;]<\/p>\n","protected":false},"featured_media":268702,"comment_status":"closed","ping_status":"open","template":"","meta":{"_angie_page":false},"product_brand":[27096],"product_cat":[9065,26834,25843,10236,26232],"product_tag":[],"class_list":{"0":"post-207606","1":"product","2":"type-product","3":"status-publish","4":"has-post-thumbnail","6":"product_brand-ancient-wisdom","7":"product_cat-aromaterapi-og-romduft","8":"product_cat-blomster","9":"product_cat-dufter-aromaer","10":"product_cat-eteriske-oljer","11":"product_cat-lavendel","12":"pa_collection-50ml-essential-oil-no","13":"pa_made-in-bulgaria","14":"pa_size-50ml","16":"first","17":"instock","18":"purchasable","19":"product-type-simple"},"supplier_id":null,"supplier_sku":"Preo-89","barcode":null,"atum_controlled":true,"out_stock_date":null,"out_stock_threshold":null,"inheritable":false,"inbound_stock":null,"stock_on_hold":0,"sold_today":0,"sales_last_days":0,"reserved_stock":null,"customer_returns":null,"warehouse_damage":null,"lost_in_post":null,"other_logs":null,"out_stock_days":0,"lost_sales":0,"has_location":null,"update_date":"2026-05-08T05:16:52","atum_locations":[],"atum_stock_status":"instock","restock_status":false,"low_stock_amount":"","sales_update_date":"2026-01-30T01:25:45","calc_backorders":null,"_links":{"self":[{"href":"https:\/\/aromasentia.com\/no\/wp-json\/wp\/v2\/product\/207606","targetHints":{"allow":["GET"]}}],"collection":[{"href":"https:\/\/aromasentia.com\/no\/wp-json\/wp\/v2\/product"}],"about":[{"href":"https:\/\/aromasentia.com\/no\/wp-json\/wp\/v2\/types\/product"}],"replies":[{"embeddable":true,"href":"https:\/\/aromasentia.com\/no\/wp-json\/wp\/v2\/comments?post=207606"}],"version-history":[{"count":0,"href":"https:\/\/aromasentia.com\/no\/wp-json\/wp\/v2\/product\/207606\/revisions"}],"wp:featuredmedia":[{"embeddable":true,"href":"https:\/\/aromasentia.com\/no\/wp-json\/wp\/v2\/media\/268702"}],"wp:attachment":[{"href":"https:\/\/aromasentia.com\/no\/wp-json\/wp\/v2\/media?parent=207606"}],"wp:term":[{"taxonomy":"product_brand","embeddable":true,"href":"https:\/\/aromasentia.com\/no\/wp-json\/wp\/v2\/product_brand?post=207606"},{"taxonomy":"product_cat","embeddable":true,"href":"https:\/\/aromasentia.com\/no\/wp-json\/wp\/v2\/product_cat?post=207606"},{"taxonomy":"product_tag","embeddable":true,"href":"https:\/\/aromasentia.com\/no\/wp-json\/wp\/v2\/product_tag?post=207606"}],"curies":[{"name":"wp","href":"https:\/\/api.w.org\/{rel}","templated":true}]}}