{"id":207605,"date":"2025-03-20T15:16:05","date_gmt":"2025-03-20T15:16:05","guid":{"rendered":"https:\/\/aromasentia.com\/product\/turmeric-essential-oil-50ml\/"},"modified":"2025-05-31T04:10:04","modified_gmt":"2025-05-31T04:10:04","slug":"gurkemeie-eterisk-olje-50ml","status":"publish","type":"product","link":"https:\/\/aromasentia.com\/no\/gurkemeie-eterisk-olje-50ml\/","title":{"rendered":"Gurkemeie Eterisk Olje 50ml"},"content":{"rendered":"<p><span style=\"color: rgb(75, 80, 88);\"><strong>Latinsk navn:<\/strong> Curcuma Longa<\/span><\/p>\n<p><span style=\"color: rgb(75, 80, 88);\"><strong>Plantedel brukt:<\/strong> Rhizom<\/span><\/p>\n<p><span style=\"color: rgb(75, 80, 88);\"><strong>Kilde:<\/strong> India<\/span><\/p>\n<p><span style=\"color: rgb(75, 80, 88);\"><strong>Ekstraksjonsmetode:<\/strong> Dampdestillasjon<\/span><\/p>\n<p><span style=\"color: rgb(75, 80, 88);\"><strong>Aromatisk beskrivelse:<\/strong>Varm, krydret, jordaktig, treaktig<\/span><\/p>\n<p><span style=\"color: rgb(75, 80, 88);\">Som en viktig botanisk ingrediens i den tradisjonelle ayurvediske Gurkemeie-rot og gurkemeie-essensiell olje har en lang historie som har inspirert moderne bruk av gurkemeie i dag. Dampdestillert fra gurkemeieroten, har gurkemeie-essensiell olje to unike kjemiske komponenter, turmeron og ar-turmeron.<\/span><\/p>\n<p><span style=\"color: rgb(75, 80, 88);\">Disse komponentene er mest kjent for sine fordeler for nervesystemet og de emosjonelle, og gj\u00f8r gurkemeie-essensiell olje til en viktig del av din daglige helserutine. Gurkemeie er fordelaktig for immunforsvaret og kan ha lindrende fordeler som fremmer en positiv immunrespons.<\/span><\/p>\n<p><span style=\"color: rgb(75, 80, 88);\">Gurkemeie kan ogs\u00e5 bidra til \u00e5 fremme klar, glatt og str\u00e5lende hud.<\/span><\/p>\n","protected":false},"excerpt":{"rendered":"<p>Latinsk navn: Curcuma Longa Plantedel brukt: Rhizom Kilde: India Ekstraksjonsmetode: Dampdestillasjon Aromatisk beskrivelse:Varm, krydret, jordaktig, treaktig Som en viktig botanisk ingrediens i den tradisjonelle ayurvediske Gurkemeie-rot og gurkemeie-essensiell olje har en lang historie som har inspirert moderne bruk av gurkemeie i dag. Dampdestillert fra gurkemeieroten, har gurkemeie-essensiell olje to unike kjemiske komponenter, turmeron og ar-turmeron. [&hellip;]<\/p>\n","protected":false},"featured_media":268693,"comment_status":"closed","ping_status":"open","template":"","meta":{"_angie_page":false},"product_brand":[27096],"product_cat":[9065,25843,10236,26413,26890],"product_tag":[],"class_list":{"0":"post-207605","1":"product","2":"type-product","3":"status-publish","4":"has-post-thumbnail","6":"product_brand-ancient-wisdom","7":"product_cat-aromaterapi-og-romduft","8":"product_cat-dufter-aromaer","9":"product_cat-eteriske-oljer","10":"product_cat-gurkemeie","11":"product_cat-krydret","12":"pa_collection-50ml-essential-oil-no","13":"pa_made-in-india","14":"pa_size-50ml","16":"first","17":"instock","18":"purchasable","19":"product-type-simple"},"supplier_id":null,"supplier_sku":"Preo-85","barcode":null,"atum_controlled":true,"out_stock_date":null,"out_stock_threshold":null,"inheritable":false,"inbound_stock":null,"stock_on_hold":0,"sold_today":0,"sales_last_days":0,"reserved_stock":null,"customer_returns":null,"warehouse_damage":null,"lost_in_post":null,"other_logs":null,"out_stock_days":0,"lost_sales":0,"has_location":null,"update_date":"2026-04-28T18:50:50","atum_locations":[],"atum_stock_status":"instock","restock_status":false,"low_stock_amount":"","sales_update_date":"2026-01-30T01:24:22","calc_backorders":null,"_links":{"self":[{"href":"https:\/\/aromasentia.com\/no\/wp-json\/wp\/v2\/product\/207605","targetHints":{"allow":["GET"]}}],"collection":[{"href":"https:\/\/aromasentia.com\/no\/wp-json\/wp\/v2\/product"}],"about":[{"href":"https:\/\/aromasentia.com\/no\/wp-json\/wp\/v2\/types\/product"}],"replies":[{"embeddable":true,"href":"https:\/\/aromasentia.com\/no\/wp-json\/wp\/v2\/comments?post=207605"}],"version-history":[{"count":0,"href":"https:\/\/aromasentia.com\/no\/wp-json\/wp\/v2\/product\/207605\/revisions"}],"wp:featuredmedia":[{"embeddable":true,"href":"https:\/\/aromasentia.com\/no\/wp-json\/wp\/v2\/media\/268693"}],"wp:attachment":[{"href":"https:\/\/aromasentia.com\/no\/wp-json\/wp\/v2\/media?parent=207605"}],"wp:term":[{"taxonomy":"product_brand","embeddable":true,"href":"https:\/\/aromasentia.com\/no\/wp-json\/wp\/v2\/product_brand?post=207605"},{"taxonomy":"product_cat","embeddable":true,"href":"https:\/\/aromasentia.com\/no\/wp-json\/wp\/v2\/product_cat?post=207605"},{"taxonomy":"product_tag","embeddable":true,"href":"https:\/\/aromasentia.com\/no\/wp-json\/wp\/v2\/product_tag?post=207605"}],"curies":[{"name":"wp","href":"https:\/\/api.w.org\/{rel}","templated":true}]}}