{"id":207593,"date":"2025-03-20T15:16:27","date_gmt":"2025-03-20T15:16:27","guid":{"rendered":"https:\/\/aromasentia.com\/product\/lavender-organic-essential-oil-50ml\/"},"modified":"2025-05-31T04:09:26","modified_gmt":"2025-05-31T04:09:26","slug":"okologisk-lavendel-eterisk-olje-50ml","status":"publish","type":"product","link":"https:\/\/aromasentia.com\/no\/okologisk-lavendel-eterisk-olje-50ml\/","title":{"rendered":"\u00d8kologisk Lavendel Eterisk Olje 50ml"},"content":{"rendered":"<p>Organiske essensielle oljer er oljer som er utvunnet fra planter som ikke dyrkes med plantevernmidler, gj\u00f8dsel eller andre kjemikalier.<br style=\"color: rgb(114, 114, 114); font-family: Ubuntu, sans-serif; font-size: 16px; font-style: normal; font-variant-ligatures: normal; font-variant-caps: normal; font-weight: 400; letter-spacing: normal; orphans: 2; text-align: start; text-indent: 0px; text-transform: none; white-space: normal; widows: 2; word-spacing: 0px; -webkit-text-stroke-width: 0px; text-decoration-style: initial; text-decoration-color: initial; background-color: rgb(255, 255, 255);\">Ikke-organiske essensielle oljer kommer fra produkter som kan bruke denne typen kjemikalier. Hvis du er bekymret for denne typen kjemikalier i essensielle oljer, b\u00f8r du ta en titt p\u00e5 v\u00e5rt nye utvalg av \u00f8kologiske essensielle oljer i engros.<\/p>\n<p>Lavendel brukes ofte til \u00e5 redusere synligheten av hudfeil n\u00e5r det p\u00e5f\u00f8res lokalt. Tilsett i badevannet for \u00e5 absorbere stress, eller p\u00e5f\u00f8r p\u00e5 tinningene og baksiden av nakken. Tilsett noen dr\u00e5per lavendel p\u00e5 puter, senget\u00f8y eller f\u00f8ttene for \u00e5 slappe av og forberede deg p\u00e5 en god natts s\u00f8vn.<\/p>\n","protected":false},"excerpt":{"rendered":"<p>Organiske essensielle oljer er oljer som er utvunnet fra planter som ikke dyrkes med plantevernmidler, gj\u00f8dsel eller andre kjemikalier.Ikke-organiske essensielle oljer kommer fra produkter som kan bruke denne typen kjemikalier. Hvis du er bekymret for denne typen kjemikalier i essensielle oljer, b\u00f8r du ta en titt p\u00e5 v\u00e5rt nye utvalg av \u00f8kologiske essensielle oljer i [&hellip;]<\/p>\n","protected":false},"featured_media":268756,"comment_status":"closed","ping_status":"open","template":"","meta":{"_angie_page":false},"product_brand":[27096],"product_cat":[9065,26834,25843,10236,26232,26659],"product_tag":[],"class_list":{"0":"post-207593","1":"product","2":"type-product","3":"status-publish","4":"has-post-thumbnail","6":"product_brand-ancient-wisdom","7":"product_cat-aromaterapi-og-romduft","8":"product_cat-blomster","9":"product_cat-dufter-aromaer","10":"product_cat-eteriske-oljer","11":"product_cat-lavendel","12":"product_cat-okologiske-eteriske-oljer","13":"pa_collection-50ml-organic-essential-oils-for-professionals-no","14":"pa_made-in-frankrike","15":"pa_size-50ml","17":"first","18":"instock","19":"purchasable","20":"product-type-simple"},"supplier_id":null,"supplier_sku":"PreOrg-01","barcode":null,"atum_controlled":true,"out_stock_date":null,"out_stock_threshold":null,"inheritable":false,"inbound_stock":null,"stock_on_hold":0,"sold_today":0,"sales_last_days":0,"reserved_stock":null,"customer_returns":null,"warehouse_damage":null,"lost_in_post":null,"other_logs":null,"out_stock_days":0,"lost_sales":0,"has_location":null,"update_date":"2026-04-27T07:18:37","atum_locations":[],"atum_stock_status":"instock","restock_status":false,"low_stock_amount":"","sales_update_date":"2026-01-30T01:25:52","calc_backorders":null,"_links":{"self":[{"href":"https:\/\/aromasentia.com\/no\/wp-json\/wp\/v2\/product\/207593","targetHints":{"allow":["GET"]}}],"collection":[{"href":"https:\/\/aromasentia.com\/no\/wp-json\/wp\/v2\/product"}],"about":[{"href":"https:\/\/aromasentia.com\/no\/wp-json\/wp\/v2\/types\/product"}],"replies":[{"embeddable":true,"href":"https:\/\/aromasentia.com\/no\/wp-json\/wp\/v2\/comments?post=207593"}],"version-history":[{"count":0,"href":"https:\/\/aromasentia.com\/no\/wp-json\/wp\/v2\/product\/207593\/revisions"}],"wp:featuredmedia":[{"embeddable":true,"href":"https:\/\/aromasentia.com\/no\/wp-json\/wp\/v2\/media\/268756"}],"wp:attachment":[{"href":"https:\/\/aromasentia.com\/no\/wp-json\/wp\/v2\/media?parent=207593"}],"wp:term":[{"taxonomy":"product_brand","embeddable":true,"href":"https:\/\/aromasentia.com\/no\/wp-json\/wp\/v2\/product_brand?post=207593"},{"taxonomy":"product_cat","embeddable":true,"href":"https:\/\/aromasentia.com\/no\/wp-json\/wp\/v2\/product_cat?post=207593"},{"taxonomy":"product_tag","embeddable":true,"href":"https:\/\/aromasentia.com\/no\/wp-json\/wp\/v2\/product_tag?post=207593"}],"curies":[{"name":"wp","href":"https:\/\/api.w.org\/{rel}","templated":true}]}}