{"id":207588,"date":"2025-03-20T15:16:36","date_gmt":"2025-03-20T15:16:36","guid":{"rendered":"https:\/\/aromasentia.com\/product\/round-bottle-diffuser-lid-120ml\/"},"modified":"2025-05-31T04:09:13","modified_gmt":"2025-05-31T04:09:13","slug":"rund-flaske-og-diffusorlokk-120ml","status":"publish","type":"product","link":"https:\/\/aromasentia.com\/no\/rund-flaske-og-diffusorlokk-120ml\/","title":{"rendered":"Rund Flaske Og Diffusorlokk &#8211; 120ml"},"content":{"rendered":"<p>150 ml kraftige glassflasker med diffusorer av h\u00f8y kvalitet, plastplugg for transport og svarte diffuserkorker <em>(r\u00f8r IKKE inkludert)<\/em> fra <strong>Aroma Sentia<\/strong>.<\/p>\n<p>Enkel, men stilig glassflaske perfekt for hjemmedufter.<\/p>\n<p><strong>Legg til dine egne aromaterapioljer eller romfriskende dufter, sammen med noen r\u00f8r, for \u00e5 lyse opp ethvert hjem.<\/strong><\/p>\n<p>Bes\u00f8k v\u00e5re avdelinger for hjemmeduft og aromaterapi for \u00e5 velge dine favorittoljer.<\/p>\n<p><strong>Er hjemmet ditt et virkelig aromatisk paradis?<\/strong><\/p>\n","protected":false},"excerpt":{"rendered":"<p>150 ml kraftige glassflasker med diffusorer av h\u00f8y kvalitet, plastplugg for transport og svarte diffuserkorker (r\u00f8r IKKE inkludert) fra Aroma Sentia. Enkel, men stilig glassflaske perfekt for hjemmedufter. Legg til dine egne aromaterapioljer eller romfriskende dufter, sammen med noen r\u00f8r, for \u00e5 lyse opp ethvert hjem. Bes\u00f8k v\u00e5re avdelinger for hjemmeduft og aromaterapi for \u00e5 [&hellip;]<\/p>\n","protected":false},"featured_media":268953,"comment_status":"closed","ping_status":"open","template":"","meta":[],"product_brand":[],"product_cat":[9081,9082],"product_tag":[],"class_list":{"0":"post-207588","1":"product","2":"type-product","3":"status-publish","4":"has-post-thumbnail","6":"product_cat-aroma-diffuser-aromalamper-og-duftpinner","7":"product_cat-duftpinner","8":"pa_collection-diffuser-bottles-no","9":"pa_made-in-kina","11":"first","12":"instock","13":"purchasable","14":"product-type-simple"},"supplier_id":null,"supplier_sku":"RDBot-01","barcode":null,"atum_controlled":true,"out_stock_date":null,"out_stock_threshold":null,"inheritable":false,"inbound_stock":null,"stock_on_hold":0,"sold_today":0,"sales_last_days":0,"reserved_stock":null,"customer_returns":null,"warehouse_damage":null,"lost_in_post":null,"other_logs":null,"out_stock_days":35,"lost_sales":0,"has_location":null,"update_date":"2026-02-10T10:28:34","atum_locations":[],"atum_stock_status":"instock","restock_status":false,"low_stock_amount":"","sales_update_date":"2026-01-20T05:14:40","calc_backorders":null,"_links":{"self":[{"href":"https:\/\/aromasentia.com\/no\/wp-json\/wp\/v2\/product\/207588","targetHints":{"allow":["GET"]}}],"collection":[{"href":"https:\/\/aromasentia.com\/no\/wp-json\/wp\/v2\/product"}],"about":[{"href":"https:\/\/aromasentia.com\/no\/wp-json\/wp\/v2\/types\/product"}],"replies":[{"embeddable":true,"href":"https:\/\/aromasentia.com\/no\/wp-json\/wp\/v2\/comments?post=207588"}],"version-history":[{"count":0,"href":"https:\/\/aromasentia.com\/no\/wp-json\/wp\/v2\/product\/207588\/revisions"}],"wp:featuredmedia":[{"embeddable":true,"href":"https:\/\/aromasentia.com\/no\/wp-json\/wp\/v2\/media\/268953"}],"wp:attachment":[{"href":"https:\/\/aromasentia.com\/no\/wp-json\/wp\/v2\/media?parent=207588"}],"wp:term":[{"taxonomy":"product_brand","embeddable":true,"href":"https:\/\/aromasentia.com\/no\/wp-json\/wp\/v2\/product_brand?post=207588"},{"taxonomy":"product_cat","embeddable":true,"href":"https:\/\/aromasentia.com\/no\/wp-json\/wp\/v2\/product_cat?post=207588"},{"taxonomy":"product_tag","embeddable":true,"href":"https:\/\/aromasentia.com\/no\/wp-json\/wp\/v2\/product_tag?post=207588"}],"curies":[{"name":"wp","href":"https:\/\/api.w.org\/{rel}","templated":true}]}}