{"id":207568,"date":"2025-03-20T15:17:23","date_gmt":"2025-03-20T15:17:23","guid":{"rendered":"https:\/\/aromasentia.com\/product\/140-ml-round-alchemist-reed-diffuser-bottle-charcoal\/"},"modified":"2025-05-31T04:08:03","modified_gmt":"2025-05-31T04:08:03","slug":"rund-alchemist-duftpinner-flaske-140ml-kull","status":"publish","type":"product","link":"https:\/\/aromasentia.com\/no\/rund-alchemist-duftpinner-flaske-140ml-kull\/","title":{"rendered":"Rund Alchemist Duftpinner Flaske 140ml &#8211; Kull"},"content":{"rendered":"<p>Diffuserflaske fra <strong>Aroma Sentia<\/strong>,<\/p>\n<p>Enkel, men stilig glassflaske perfekt for hjemmedufter.<\/p>\n<p>Legg til dine egne aromaterapioljer eller romfriskende dufter, sammen med noen r\u00f8r, for \u00e5 lyse opp ethvert hjem.<\/p>\n<p>Bes\u00f8k v\u00e5re avdelinger for hjemmeduft og aromaterapi for \u00e5 velge dine favorittoljer.<\/p>\n<p><span style=\"color: rgb(243, 121, 52);\"><strong>Merk at lokk og korker selges separat.<\/strong><\/span><\/p>\n<p><strong>Er hjemmet ditt et virkelig aromatisk himmelhjem?<\/strong><\/p>\n<p>Pasende korker for dette produktet:<\/p>\n<p><a href=\"https:\/\/aromasentia.com\/rdbot-18g\">Gullkork<\/a><\/p>\n<p><a href=\"https:\/\/aromasentia.com\/rdbot-18s\">S\u00f8lvkork<\/a><\/p>\n<p><a href=\"https:\/\/aromasentia.com\/rdbot-18\">Imitasjon av tre<\/a><\/p>\n","protected":false},"excerpt":{"rendered":"<p>Diffuserflaske fra Aroma Sentia, Enkel, men stilig glassflaske perfekt for hjemmedufter. Legg til dine egne aromaterapioljer eller romfriskende dufter, sammen med noen r\u00f8r, for \u00e5 lyse opp ethvert hjem. Bes\u00f8k v\u00e5re avdelinger for hjemmeduft og aromaterapi for \u00e5 velge dine favorittoljer. Merk at lokk og korker selges separat. Er hjemmet ditt et virkelig aromatisk himmelhjem? [&hellip;]<\/p>\n","protected":false},"featured_media":269295,"comment_status":"closed","ping_status":"open","template":"","meta":[],"product_brand":[],"product_cat":[9081,9082],"product_tag":[],"class_list":{"0":"post-207568","1":"product","2":"type-product","3":"status-publish","4":"has-post-thumbnail","6":"product_cat-aroma-diffuser-aromalamper-og-duftpinner","7":"product_cat-duftpinner","8":"pa_collection-diffuser-bottles-no","9":"pa_made-in-kina","10":"pa_size-140ml","12":"first","13":"instock","14":"purchasable","15":"product-type-simple"},"supplier_id":null,"supplier_sku":"RDBot-09","barcode":null,"atum_controlled":true,"out_stock_date":null,"out_stock_threshold":null,"inheritable":false,"inbound_stock":null,"stock_on_hold":0,"sold_today":0,"sales_last_days":0,"reserved_stock":null,"customer_returns":null,"warehouse_damage":null,"lost_in_post":null,"other_logs":null,"out_stock_days":10,"lost_sales":0,"has_location":null,"update_date":"2026-02-10T11:26:04","atum_locations":[],"atum_stock_status":"instock","restock_status":false,"low_stock_amount":"","sales_update_date":"2026-02-06T00:02:30","calc_backorders":null,"_links":{"self":[{"href":"https:\/\/aromasentia.com\/no\/wp-json\/wp\/v2\/product\/207568","targetHints":{"allow":["GET"]}}],"collection":[{"href":"https:\/\/aromasentia.com\/no\/wp-json\/wp\/v2\/product"}],"about":[{"href":"https:\/\/aromasentia.com\/no\/wp-json\/wp\/v2\/types\/product"}],"replies":[{"embeddable":true,"href":"https:\/\/aromasentia.com\/no\/wp-json\/wp\/v2\/comments?post=207568"}],"version-history":[{"count":0,"href":"https:\/\/aromasentia.com\/no\/wp-json\/wp\/v2\/product\/207568\/revisions"}],"wp:featuredmedia":[{"embeddable":true,"href":"https:\/\/aromasentia.com\/no\/wp-json\/wp\/v2\/media\/269295"}],"wp:attachment":[{"href":"https:\/\/aromasentia.com\/no\/wp-json\/wp\/v2\/media?parent=207568"}],"wp:term":[{"taxonomy":"product_brand","embeddable":true,"href":"https:\/\/aromasentia.com\/no\/wp-json\/wp\/v2\/product_brand?post=207568"},{"taxonomy":"product_cat","embeddable":true,"href":"https:\/\/aromasentia.com\/no\/wp-json\/wp\/v2\/product_cat?post=207568"},{"taxonomy":"product_tag","embeddable":true,"href":"https:\/\/aromasentia.com\/no\/wp-json\/wp\/v2\/product_tag?post=207568"}],"curies":[{"name":"wp","href":"https:\/\/api.w.org\/{rel}","templated":true}]}}