{"id":207564,"date":"2025-03-20T15:18:52","date_gmt":"2025-03-20T15:18:52","guid":{"rendered":"https:\/\/aromasentia.com\/product\/30x-roll-on-essential-oil-blend-dont-worry-unlabelled\/"},"modified":"2025-05-31T04:07:35","modified_gmt":"2025-05-31T04:07:35","slug":"30x-roll-on-eteriske-oljeblandinger-dont-worry-uten-etikett","status":"publish","type":"product","link":"https:\/\/aromasentia.com\/no\/30x-roll-on-eteriske-oljeblandinger-dont-worry-uten-etikett\/","title":{"rendered":"30x Roll On Eteriske Oljeblandinger &#8211; Don&#8217;T Worry &#8211; Uten Etikett"},"content":{"rendered":"<p>Finn f\u00f8lelsesmessig balanse n\u00e5r du er p\u00e5 farten med denne 30-pakningen med Roll On Essential Oil Blend &#8211; Don&#8217;t Worry &#8211; Uten Etikett. Denne praktiske roll-on-oljen er forh\u00e5ndsblandet med beroligende eteriske oljer som er utviklet for \u00e5 lindre angst, berolige stress og fremme en f\u00f8lelse av fred og velv\u00e6re. P\u00e5f\u00f8r den p\u00e5 pulspunkter for \u00f8yeblikkelig aromatisk komfort. Perfekt \u00e5 ha med seg i vesken eller lommen n\u00e5r du trenger \u00e5 finne roen og gi slipp p\u00e5 bekymringene. Hver roll-on er klar for din egen etikett.<\/p>\n","protected":false},"excerpt":{"rendered":"<p>Finn f\u00f8lelsesmessig balanse n\u00e5r du er p\u00e5 farten med denne 30-pakningen med Roll On Essential Oil Blend &#8211; Don&#8217;t Worry &#8211; Uten Etikett. Denne praktiske roll-on-oljen er forh\u00e5ndsblandet med beroligende eteriske oljer som er utviklet for \u00e5 lindre angst, berolige stress og fremme en f\u00f8lelse av fred og velv\u00e6re. P\u00e5f\u00f8r den p\u00e5 pulspunkter for \u00f8yeblikkelig [&hellip;]<\/p>\n","protected":false},"featured_media":270045,"comment_status":"closed","ping_status":"open","template":"","meta":{"_angie_page":false},"product_brand":[27096],"product_cat":[9065,26651,10236],"product_tag":[],"class_list":{"0":"post-207564","1":"product","2":"type-product","3":"status-publish","4":"has-post-thumbnail","6":"product_brand-ancient-wisdom","7":"product_cat-aromaterapi-og-romduft","8":"product_cat-eteriske-oljeblandinger","9":"product_cat-eteriske-oljer","10":"pa_collection-unlabelled-roll-on-essential-oil-blends-no","11":"pa_made-in-storbritannia","13":"first","14":"instock","15":"purchasable","16":"product-type-simple"},"supplier_id":null,"supplier_sku":"ReblUL-01","barcode":null,"atum_controlled":true,"out_stock_date":null,"out_stock_threshold":null,"inheritable":false,"inbound_stock":null,"stock_on_hold":0,"sold_today":0,"sales_last_days":0,"reserved_stock":null,"customer_returns":null,"warehouse_damage":null,"lost_in_post":null,"other_logs":null,"out_stock_days":0,"lost_sales":0,"has_location":null,"update_date":"2026-04-27T07:19:36","atum_locations":[],"atum_stock_status":"instock","restock_status":false,"low_stock_amount":"","sales_update_date":"2025-09-05T00:18:34","calc_backorders":null,"_links":{"self":[{"href":"https:\/\/aromasentia.com\/no\/wp-json\/wp\/v2\/product\/207564","targetHints":{"allow":["GET"]}}],"collection":[{"href":"https:\/\/aromasentia.com\/no\/wp-json\/wp\/v2\/product"}],"about":[{"href":"https:\/\/aromasentia.com\/no\/wp-json\/wp\/v2\/types\/product"}],"replies":[{"embeddable":true,"href":"https:\/\/aromasentia.com\/no\/wp-json\/wp\/v2\/comments?post=207564"}],"version-history":[{"count":0,"href":"https:\/\/aromasentia.com\/no\/wp-json\/wp\/v2\/product\/207564\/revisions"}],"wp:featuredmedia":[{"embeddable":true,"href":"https:\/\/aromasentia.com\/no\/wp-json\/wp\/v2\/media\/270045"}],"wp:attachment":[{"href":"https:\/\/aromasentia.com\/no\/wp-json\/wp\/v2\/media?parent=207564"}],"wp:term":[{"taxonomy":"product_brand","embeddable":true,"href":"https:\/\/aromasentia.com\/no\/wp-json\/wp\/v2\/product_brand?post=207564"},{"taxonomy":"product_cat","embeddable":true,"href":"https:\/\/aromasentia.com\/no\/wp-json\/wp\/v2\/product_cat?post=207564"},{"taxonomy":"product_tag","embeddable":true,"href":"https:\/\/aromasentia.com\/no\/wp-json\/wp\/v2\/product_tag?post=207564"}],"curies":[{"name":"wp","href":"https:\/\/api.w.org\/{rel}","templated":true}]}}