{"id":207560,"date":"2025-03-20T15:18:52","date_gmt":"2025-03-20T15:18:52","guid":{"rendered":"https:\/\/aromasentia.com\/product\/10ml-roll-on-essential-oil-blend-get-physical\/"},"modified":"2025-05-31T04:07:23","modified_gmt":"2025-05-31T04:07:23","slug":"roll-on-eteriske-oljeblandinger-get-physical-10ml","status":"publish","type":"product","link":"https:\/\/aromasentia.com\/no\/roll-on-eteriske-oljeblandinger-get-physical-10ml\/","title":{"rendered":"Roll On Eteriske Oljeblandinger &#8211; Get Physical! 10ml"},"content":{"rendered":"<p><strong>Roll-on eterisk oljeblanding \u2013 F\u00e5 en fysisk f\u00f8lelse!<\/strong> er en kombinasjon av rene oljer som fungerer godt sammen for \u00e5 fremme noe spesifikt som avslapning, glede, energi, lykke og mye mer. Roll-on-oljer blir mer og mer popul\u00e6re blant aromaterapikunder. Inneholder en blanding av 100 % naturlige og essensielle oljer i en beroligende vitamin E-b\u00e6reroljebase.<\/p>\n<p>Du kan nyte fordelene med aromaterapi n\u00e5r som helst med disse lommestore roll-on eteriske oljeblandingene. Ideell reisef\u00f8lge enten du er p\u00e5 den daglige pendlingen eller reiser verden rundt. Roll-on eterisk oljeblanding kan enkelt p\u00e5f\u00f8res gjennom dagen i stressende situasjoner og anspente tider, noe som gj\u00f8r det enklere enn noensinne \u00e5 oppleve aromaterapi n\u00e5r kundene dine trenger det mest.<\/p>\n<p>Enkel \u00e5 bruke: For \u00e5 frigj\u00f8re aromaterapien, rull den p\u00e5 tinninger, h\u00e5ndledd og nakke. Ikke bruk innvortes.<\/p>\n<ul>\n<li>Lommest\u00f8rrelse.<\/li>\n<li>Oppl\u00f8ftende dufter.<\/li>\n<li>Enkel \u00e5 p\u00e5f\u00f8re.<\/li>\n<\/ul>\n","protected":false},"excerpt":{"rendered":"<p>Roll-on eterisk oljeblanding \u2013 F\u00e5 en fysisk f\u00f8lelse! er en kombinasjon av rene oljer som fungerer godt sammen for \u00e5 fremme noe spesifikt som avslapning, glede, energi, lykke og mye mer. Roll-on-oljer blir mer og mer popul\u00e6re blant aromaterapikunder. Inneholder en blanding av 100 % naturlige og essensielle oljer i en beroligende vitamin E-b\u00e6reroljebase. Du [&hellip;]<\/p>\n","protected":false},"featured_media":269913,"comment_status":"closed","ping_status":"open","template":"","meta":{"_angie_page":false},"product_brand":[27096],"product_cat":[9065,26651,10236],"product_tag":[],"class_list":{"0":"post-207560","1":"product","2":"type-product","3":"status-publish","4":"has-post-thumbnail","6":"product_brand-ancient-wisdom","7":"product_cat-aromaterapi-og-romduft","8":"product_cat-eteriske-oljeblandinger","9":"product_cat-eteriske-oljer","10":"pa_collection-roll-on-essential-oil-blends-no","11":"pa_made-in-storbritannia","12":"pa_size-10ml","14":"first","15":"instock","16":"purchasable","17":"product-type-simple"},"supplier_id":null,"supplier_sku":"REBL-04","barcode":null,"atum_controlled":true,"out_stock_date":null,"out_stock_threshold":null,"inheritable":false,"inbound_stock":null,"stock_on_hold":0,"sold_today":0,"sales_last_days":0,"reserved_stock":null,"customer_returns":null,"warehouse_damage":null,"lost_in_post":null,"other_logs":null,"out_stock_days":0,"lost_sales":0,"has_location":null,"update_date":"2026-05-04T00:05:01","atum_locations":[],"atum_stock_status":"instock","restock_status":false,"low_stock_amount":"","sales_update_date":"2025-09-05T00:18:33","calc_backorders":null,"_links":{"self":[{"href":"https:\/\/aromasentia.com\/no\/wp-json\/wp\/v2\/product\/207560","targetHints":{"allow":["GET"]}}],"collection":[{"href":"https:\/\/aromasentia.com\/no\/wp-json\/wp\/v2\/product"}],"about":[{"href":"https:\/\/aromasentia.com\/no\/wp-json\/wp\/v2\/types\/product"}],"replies":[{"embeddable":true,"href":"https:\/\/aromasentia.com\/no\/wp-json\/wp\/v2\/comments?post=207560"}],"version-history":[{"count":0,"href":"https:\/\/aromasentia.com\/no\/wp-json\/wp\/v2\/product\/207560\/revisions"}],"wp:featuredmedia":[{"embeddable":true,"href":"https:\/\/aromasentia.com\/no\/wp-json\/wp\/v2\/media\/269913"}],"wp:attachment":[{"href":"https:\/\/aromasentia.com\/no\/wp-json\/wp\/v2\/media?parent=207560"}],"wp:term":[{"taxonomy":"product_brand","embeddable":true,"href":"https:\/\/aromasentia.com\/no\/wp-json\/wp\/v2\/product_brand?post=207560"},{"taxonomy":"product_cat","embeddable":true,"href":"https:\/\/aromasentia.com\/no\/wp-json\/wp\/v2\/product_cat?post=207560"},{"taxonomy":"product_tag","embeddable":true,"href":"https:\/\/aromasentia.com\/no\/wp-json\/wp\/v2\/product_tag?post=207560"}],"curies":[{"name":"wp","href":"https:\/\/api.w.org\/{rel}","templated":true}]}}