{"id":207550,"date":"2025-03-20T15:19:48","date_gmt":"2025-03-20T15:19:48","guid":{"rendered":"https:\/\/aromasentia.com\/product\/30x-roll-on-essential-oil-blend-just-chill-unlabelled\/"},"modified":"2025-05-31T04:06:56","modified_gmt":"2025-05-31T04:06:56","slug":"30x-roll-on-eteriske-oljeblandinger-just-chill-uten-etikett","status":"publish","type":"product","link":"https:\/\/aromasentia.com\/no\/30x-roll-on-eteriske-oljeblandinger-just-chill-uten-etikett\/","title":{"rendered":"30x Roll On Eteriske Oljeblandinger &#8211; Just Chill &#8211; Uten Etikett"},"content":{"rendered":"<p>Slapp av og finn roen med denne 30-pakningen med Roll On Essential Oil Blend &#8211; Just Chill &#8211; Uten Etikett. Denne roll-on-oljeblandingen er en ekspertblanding av beroligende og avslappende eteriske oljer, og er din perfekte f\u00f8lgesvenn for \u00e5 stresse ned og fremme en f\u00f8lelse av ro. P\u00e5f\u00f8r den p\u00e5 pulspunkter i hektiske stunder eller n\u00e5r du bare trenger \u00e5 slappe av og gi slipp. Den beroligende aromaen bidrar til \u00e5 roe ned sinnet og lette spenninger, noe som gj\u00f8r det lettere \u00e5 &laquo;bare slappe av&raquo;. Dette settet med 30 stk. er klart for din unike merkevarebygging.<\/p>\n","protected":false},"excerpt":{"rendered":"<p>Slapp av og finn roen med denne 30-pakningen med Roll On Essential Oil Blend &#8211; Just Chill &#8211; Uten Etikett. Denne roll-on-oljeblandingen er en ekspertblanding av beroligende og avslappende eteriske oljer, og er din perfekte f\u00f8lgesvenn for \u00e5 stresse ned og fremme en f\u00f8lelse av ro. P\u00e5f\u00f8r den p\u00e5 pulspunkter i hektiske stunder eller n\u00e5r [&hellip;]<\/p>\n","protected":false},"featured_media":270195,"comment_status":"closed","ping_status":"open","template":"","meta":{"_angie_page":false},"product_brand":[27096],"product_cat":[9065,26651,10236],"product_tag":[],"class_list":{"0":"post-207550","1":"product","2":"type-product","3":"status-publish","4":"has-post-thumbnail","6":"product_brand-ancient-wisdom","7":"product_cat-aromaterapi-og-romduft","8":"product_cat-eteriske-oljeblandinger","9":"product_cat-eteriske-oljer","10":"pa_collection-unlabelled-roll-on-essential-oil-blends-no","11":"pa_made-in-storbritannia","13":"first","14":"instock","15":"purchasable","16":"product-type-simple"},"supplier_id":null,"supplier_sku":"ReblUL-07","barcode":null,"atum_controlled":true,"out_stock_date":null,"out_stock_threshold":null,"inheritable":false,"inbound_stock":null,"stock_on_hold":0,"sold_today":0,"sales_last_days":0,"reserved_stock":null,"customer_returns":null,"warehouse_damage":null,"lost_in_post":null,"other_logs":null,"out_stock_days":0,"lost_sales":0,"has_location":null,"update_date":"2026-05-11T01:56:48","atum_locations":[],"atum_stock_status":"instock","restock_status":false,"low_stock_amount":"","sales_update_date":"2025-09-05T00:18:36","calc_backorders":null,"_links":{"self":[{"href":"https:\/\/aromasentia.com\/no\/wp-json\/wp\/v2\/product\/207550","targetHints":{"allow":["GET"]}}],"collection":[{"href":"https:\/\/aromasentia.com\/no\/wp-json\/wp\/v2\/product"}],"about":[{"href":"https:\/\/aromasentia.com\/no\/wp-json\/wp\/v2\/types\/product"}],"replies":[{"embeddable":true,"href":"https:\/\/aromasentia.com\/no\/wp-json\/wp\/v2\/comments?post=207550"}],"version-history":[{"count":0,"href":"https:\/\/aromasentia.com\/no\/wp-json\/wp\/v2\/product\/207550\/revisions"}],"wp:featuredmedia":[{"embeddable":true,"href":"https:\/\/aromasentia.com\/no\/wp-json\/wp\/v2\/media\/270195"}],"wp:attachment":[{"href":"https:\/\/aromasentia.com\/no\/wp-json\/wp\/v2\/media?parent=207550"}],"wp:term":[{"taxonomy":"product_brand","embeddable":true,"href":"https:\/\/aromasentia.com\/no\/wp-json\/wp\/v2\/product_brand?post=207550"},{"taxonomy":"product_cat","embeddable":true,"href":"https:\/\/aromasentia.com\/no\/wp-json\/wp\/v2\/product_cat?post=207550"},{"taxonomy":"product_tag","embeddable":true,"href":"https:\/\/aromasentia.com\/no\/wp-json\/wp\/v2\/product_tag?post=207550"}],"curies":[{"name":"wp","href":"https:\/\/api.w.org\/{rel}","templated":true}]}}