{"id":207549,"date":"2025-03-20T15:19:48","date_gmt":"2025-03-20T15:19:48","guid":{"rendered":"https:\/\/aromasentia.com\/product\/30x-roll-on-essential-oil-blend-wake-up-unlabelled\/"},"modified":"2025-05-31T04:06:53","modified_gmt":"2025-05-31T04:06:53","slug":"30x-roll-on-eteriske-oljeblandinger-wake-up-uten-etikett","status":"publish","type":"product","link":"https:\/\/aromasentia.com\/no\/30x-roll-on-eteriske-oljeblandinger-wake-up-uten-etikett\/","title":{"rendered":"30x Roll On Eteriske Oljeblandinger &#8211; Wake Up &#8211; Uten Etikett"},"content":{"rendered":"<p>Vekk sansene dine og m\u00f8t dagen med denne 30-pakningen med Roll On Essential Oil Blend &#8211; Wake up &#8211; Uten Etikett. Denne revitaliserende blandingen inneholder lyse, stimulerende eteriske oljer som er n\u00f8ye utvalgt for \u00e5 bidra til \u00e5 fjerne grogginess, \u00f8ke energiniv\u00e5et og fremme \u00e5rv\u00e5kenhet. Et perfekt morgenritual eller en oppkvikker midt p\u00e5 dagen. P\u00e5f\u00f8r den p\u00e5 pulspunktene for \u00e5 f\u00e5 et \u00f8yeblikkelig utbrudd av oppkvikkende aroma som hjelper deg til \u00e5 f\u00f8le deg uthvilt og klar til \u00e5 g\u00e5. Hver roll-on i denne 30-pakningen venter p\u00e5 din egen etikett.<\/p>\n","protected":false},"excerpt":{"rendered":"<p>Vekk sansene dine og m\u00f8t dagen med denne 30-pakningen med Roll On Essential Oil Blend &#8211; Wake up &#8211; Uten Etikett. Denne revitaliserende blandingen inneholder lyse, stimulerende eteriske oljer som er n\u00f8ye utvalgt for \u00e5 bidra til \u00e5 fjerne grogginess, \u00f8ke energiniv\u00e5et og fremme \u00e5rv\u00e5kenhet. Et perfekt morgenritual eller en oppkvikker midt p\u00e5 dagen. P\u00e5f\u00f8r [&hellip;]<\/p>\n","protected":false},"featured_media":270170,"comment_status":"closed","ping_status":"open","template":"","meta":{"_angie_page":false},"product_brand":[27096],"product_cat":[9065,26651,10236],"product_tag":[],"class_list":{"0":"post-207549","1":"product","2":"type-product","3":"status-publish","4":"has-post-thumbnail","6":"product_brand-ancient-wisdom","7":"product_cat-aromaterapi-og-romduft","8":"product_cat-eteriske-oljeblandinger","9":"product_cat-eteriske-oljer","10":"pa_collection-unlabelled-roll-on-essential-oil-blends-no","11":"pa_made-in-storbritannia","13":"first","14":"instock","15":"purchasable","16":"product-type-simple"},"supplier_id":null,"supplier_sku":"ReblUL-06","barcode":null,"atum_controlled":true,"out_stock_date":null,"out_stock_threshold":null,"inheritable":false,"inbound_stock":null,"stock_on_hold":0,"sold_today":0,"sales_last_days":0,"reserved_stock":null,"customer_returns":null,"warehouse_damage":null,"lost_in_post":null,"other_logs":null,"out_stock_days":0,"lost_sales":0,"has_location":null,"update_date":"2026-04-28T01:00:32","atum_locations":[],"atum_stock_status":"instock","restock_status":false,"low_stock_amount":"","sales_update_date":"2026-01-30T01:24:57","calc_backorders":null,"_links":{"self":[{"href":"https:\/\/aromasentia.com\/no\/wp-json\/wp\/v2\/product\/207549","targetHints":{"allow":["GET"]}}],"collection":[{"href":"https:\/\/aromasentia.com\/no\/wp-json\/wp\/v2\/product"}],"about":[{"href":"https:\/\/aromasentia.com\/no\/wp-json\/wp\/v2\/types\/product"}],"replies":[{"embeddable":true,"href":"https:\/\/aromasentia.com\/no\/wp-json\/wp\/v2\/comments?post=207549"}],"version-history":[{"count":0,"href":"https:\/\/aromasentia.com\/no\/wp-json\/wp\/v2\/product\/207549\/revisions"}],"wp:featuredmedia":[{"embeddable":true,"href":"https:\/\/aromasentia.com\/no\/wp-json\/wp\/v2\/media\/270170"}],"wp:attachment":[{"href":"https:\/\/aromasentia.com\/no\/wp-json\/wp\/v2\/media?parent=207549"}],"wp:term":[{"taxonomy":"product_brand","embeddable":true,"href":"https:\/\/aromasentia.com\/no\/wp-json\/wp\/v2\/product_brand?post=207549"},{"taxonomy":"product_cat","embeddable":true,"href":"https:\/\/aromasentia.com\/no\/wp-json\/wp\/v2\/product_cat?post=207549"},{"taxonomy":"product_tag","embeddable":true,"href":"https:\/\/aromasentia.com\/no\/wp-json\/wp\/v2\/product_tag?post=207549"}],"curies":[{"name":"wp","href":"https:\/\/api.w.org\/{rel}","templated":true}]}}