{"id":207546,"date":"2025-03-20T15:19:48","date_gmt":"2025-03-20T15:19:48","guid":{"rendered":"https:\/\/aromasentia.com\/product\/30x-roll-on-essential-oil-blend-cheer-up-unlabelled\/"},"modified":"2025-05-31T04:06:29","modified_gmt":"2025-05-31T04:06:29","slug":"30x-roll-on-eteriske-oljeblandinger-cheer-up-uten-etikett","status":"publish","type":"product","link":"https:\/\/aromasentia.com\/no\/30x-roll-on-eteriske-oljeblandinger-cheer-up-uten-etikett\/","title":{"rendered":"30x Roll On Eteriske Oljeblandinger &#8211; Cheer Up &#8211; Uten Etikett"},"content":{"rendered":"<p>Bli straks i bedre hum\u00f8r med denne 30-pakningen med Roll On Essential Oil Blend &#8211; Cheer Up &#8211; Uten Etikett. Denne lyse og glade blandingen inneholder oppl\u00f8ftende sitrusoljer og stemningsskapende eteriske oljer som er designet for \u00e5 fjerne tungsinn og inspirere til positivitet. Rull den bare p\u00e5 pulspunkter n\u00e5r du trenger et lykketreff eller et mer optimistisk syn p\u00e5 tilv\u00e6relsen. Den muntre aromaen er en perfekt oppkvikker gjennom hele dagen. Dette praktiske settet med 30 roll-ons venter p\u00e5 din personlige merkevarebygging for \u00e5 spre glede.<\/p>\n","protected":false},"excerpt":{"rendered":"<p>Bli straks i bedre hum\u00f8r med denne 30-pakningen med Roll On Essential Oil Blend &#8211; Cheer Up &#8211; Uten Etikett. Denne lyse og glade blandingen inneholder oppl\u00f8ftende sitrusoljer og stemningsskapende eteriske oljer som er designet for \u00e5 fjerne tungsinn og inspirere til positivitet. Rull den bare p\u00e5 pulspunkter n\u00e5r du trenger et lykketreff eller et [&hellip;]<\/p>\n","protected":false},"featured_media":270095,"comment_status":"closed","ping_status":"open","template":"","meta":{"_angie_page":false},"product_brand":[27096],"product_cat":[9065,26651,10236],"product_tag":[],"class_list":{"0":"post-207546","1":"product","2":"type-product","3":"status-publish","4":"has-post-thumbnail","6":"product_brand-ancient-wisdom","7":"product_cat-aromaterapi-og-romduft","8":"product_cat-eteriske-oljeblandinger","9":"product_cat-eteriske-oljer","10":"pa_collection-unlabelled-roll-on-essential-oil-blends-no","11":"pa_made-in-storbritannia","13":"first","14":"instock","15":"purchasable","16":"product-type-simple"},"supplier_id":null,"supplier_sku":"ReblUL-03","barcode":null,"atum_controlled":true,"out_stock_date":null,"out_stock_threshold":null,"inheritable":false,"inbound_stock":null,"stock_on_hold":0,"sold_today":0,"sales_last_days":0,"reserved_stock":null,"customer_returns":null,"warehouse_damage":null,"lost_in_post":null,"other_logs":null,"out_stock_days":0,"lost_sales":0,"has_location":null,"update_date":"2026-05-04T00:04:58","atum_locations":[],"atum_stock_status":"instock","restock_status":false,"low_stock_amount":"","sales_update_date":"2026-01-30T01:26:38","calc_backorders":null,"_links":{"self":[{"href":"https:\/\/aromasentia.com\/no\/wp-json\/wp\/v2\/product\/207546","targetHints":{"allow":["GET"]}}],"collection":[{"href":"https:\/\/aromasentia.com\/no\/wp-json\/wp\/v2\/product"}],"about":[{"href":"https:\/\/aromasentia.com\/no\/wp-json\/wp\/v2\/types\/product"}],"replies":[{"embeddable":true,"href":"https:\/\/aromasentia.com\/no\/wp-json\/wp\/v2\/comments?post=207546"}],"version-history":[{"count":0,"href":"https:\/\/aromasentia.com\/no\/wp-json\/wp\/v2\/product\/207546\/revisions"}],"wp:featuredmedia":[{"embeddable":true,"href":"https:\/\/aromasentia.com\/no\/wp-json\/wp\/v2\/media\/270095"}],"wp:attachment":[{"href":"https:\/\/aromasentia.com\/no\/wp-json\/wp\/v2\/media?parent=207546"}],"wp:term":[{"taxonomy":"product_brand","embeddable":true,"href":"https:\/\/aromasentia.com\/no\/wp-json\/wp\/v2\/product_brand?post=207546"},{"taxonomy":"product_cat","embeddable":true,"href":"https:\/\/aromasentia.com\/no\/wp-json\/wp\/v2\/product_cat?post=207546"},{"taxonomy":"product_tag","embeddable":true,"href":"https:\/\/aromasentia.com\/no\/wp-json\/wp\/v2\/product_tag?post=207546"}],"curies":[{"name":"wp","href":"https:\/\/api.w.org\/{rel}","templated":true}]}}