{"id":207541,"date":"2025-03-20T15:19:48","date_gmt":"2025-03-20T15:19:48","guid":{"rendered":"https:\/\/aromasentia.com\/product\/small-soapstone-oil-burner-8cm-om\/"},"modified":"2025-05-31T04:06:11","modified_gmt":"2025-05-31T04:06:11","slug":"oljebrenner-i-kleberstein-8cm-om-liten","status":"publish","type":"product","link":"https:\/\/aromasentia.com\/no\/oljebrenner-i-kleberstein-8cm-om-liten\/","title":{"rendered":"Oljebrenner I Kleberstein 8cm &#8211; Om Liten"},"content":{"rendered":"<p><span style=\"color: rgb(75, 80, 88);\">V\u00e5r nye serie med <strong>r\u00f8kelsesbrennere i kleberstein<\/strong> er laget med presisjon og omhu, der hvert stykke er et vitnesbyrd om h\u00e5ndverkerens dyktighet, noe som gj\u00f8r dem til b\u00e5de fantastiske dekorative gjenstander og praktiske verkt\u00f8y for \u00e5 skape en fredelig atmosf\u00e6re.<\/span><\/p>\n<p><strong>Denne oljebrenneren med Om-tema bringer en f\u00f8lelse av ro og \u00e5ndelig forbindelse til rommet ditt.<\/strong>Laget av kleberstein, er det en herlig blanding av kunst og ro. <\/p>\n<p><span style=\"color: rgb(75, 80, 88);\">For \u00e5 virkelig forbedre opplevelsen, anbefaler vi \u00e5 supplere disse brennerne med<\/span><a href=\"https:\/\/aromasentia.com\/eo\"><span style=\"color: rgb(149, 122, 101);\"><strong>Eteriske oljer<\/strong><\/span><\/a><span style=\"color: rgb(75, 80, 88);\">,<\/span><a href=\"https:\/\/aromasentia.com\/awfo\"><span style=\"color: rgb(149, 122, 101);\"><strong>Duftoljer<\/strong><\/span><\/a><span style=\"color: rgb(75, 80, 88);\">,<\/span><a href=\"https:\/\/aromasentia.com\/lwmelt\"><strong><span style=\"color: rgb(149, 122, 101);\">Vokssmelter<\/span><\/strong><\/a><span style=\"color: rgb(75, 80, 88);\">&nbsp;eller&nbsp;<\/span><a href=\"https:\/\/aromasentia.com\/tpsg\"><span style=\"color: rgb(149, 122, 101);\"><strong>Sm\u00e5kokende granulat<\/strong><\/span><\/a><span style=\"color: rgb(75, 80, 88);\">.<\/span> Kombinasjonen av duftende oljer og den milde duften av r\u00f8kelse skaper en sanseopplevelse som vil fengsle kundene dine.<\/p>\n<p>Merk: S\u00f8rg for at det er tilstrekkelig vann i beholderen over brenneren, og plasser alltid oljebrenneren p\u00e5 en varmebestandig matte.<\/p>\n","protected":false},"excerpt":{"rendered":"<p>V\u00e5r nye serie med r\u00f8kelsesbrennere i kleberstein er laget med presisjon og omhu, der hvert stykke er et vitnesbyrd om h\u00e5ndverkerens dyktighet, noe som gj\u00f8r dem til b\u00e5de fantastiske dekorative gjenstander og praktiske verkt\u00f8y for \u00e5 skape en fredelig atmosf\u00e6re. Denne oljebrenneren med Om-tema bringer en f\u00f8lelse av ro og \u00e5ndelig forbindelse til rommet ditt.Laget [&hellip;]<\/p>\n","protected":false},"featured_media":270343,"comment_status":"closed","ping_status":"open","template":"","meta":{"_angie_page":false},"product_brand":[],"product_cat":[9081,10241],"product_tag":[],"class_list":{"0":"post-207541","1":"product","2":"type-product","3":"status-publish","4":"has-post-thumbnail","6":"product_cat-aroma-diffuser-aromalamper-og-duftpinner","7":"product_cat-aromalamper-og-oljebrennere","8":"pa_collection-soapstone-oil-burners-no","9":"pa_made-in-india","11":"first","12":"outofstock","13":"purchasable","14":"product-type-simple"},"supplier_id":null,"supplier_sku":"SoapOB-14","barcode":null,"atum_controlled":true,"out_stock_date":"2025-09-05 16:08:21","out_stock_threshold":null,"inheritable":false,"inbound_stock":null,"stock_on_hold":0,"sold_today":0,"sales_last_days":0,"reserved_stock":null,"customer_returns":null,"warehouse_damage":null,"lost_in_post":null,"other_logs":null,"out_stock_days":0,"lost_sales":0,"has_location":null,"update_date":"2026-04-27T07:21:52","atum_locations":[],"atum_stock_status":"outofstock","restock_status":false,"low_stock_amount":"","sales_update_date":"2025-09-05T00:18:35","calc_backorders":null,"_links":{"self":[{"href":"https:\/\/aromasentia.com\/no\/wp-json\/wp\/v2\/product\/207541","targetHints":{"allow":["GET"]}}],"collection":[{"href":"https:\/\/aromasentia.com\/no\/wp-json\/wp\/v2\/product"}],"about":[{"href":"https:\/\/aromasentia.com\/no\/wp-json\/wp\/v2\/types\/product"}],"replies":[{"embeddable":true,"href":"https:\/\/aromasentia.com\/no\/wp-json\/wp\/v2\/comments?post=207541"}],"version-history":[{"count":0,"href":"https:\/\/aromasentia.com\/no\/wp-json\/wp\/v2\/product\/207541\/revisions"}],"wp:featuredmedia":[{"embeddable":true,"href":"https:\/\/aromasentia.com\/no\/wp-json\/wp\/v2\/media\/270343"}],"wp:attachment":[{"href":"https:\/\/aromasentia.com\/no\/wp-json\/wp\/v2\/media?parent=207541"}],"wp:term":[{"taxonomy":"product_brand","embeddable":true,"href":"https:\/\/aromasentia.com\/no\/wp-json\/wp\/v2\/product_brand?post=207541"},{"taxonomy":"product_cat","embeddable":true,"href":"https:\/\/aromasentia.com\/no\/wp-json\/wp\/v2\/product_cat?post=207541"},{"taxonomy":"product_tag","embeddable":true,"href":"https:\/\/aromasentia.com\/no\/wp-json\/wp\/v2\/product_tag?post=207541"}],"curies":[{"name":"wp","href":"https:\/\/api.w.org\/{rel}","templated":true}]}}