{"id":207536,"date":"2025-03-20T15:20:52","date_gmt":"2025-03-20T15:20:52","guid":{"rendered":"https:\/\/aromasentia.com\/product\/wake-up-aromatherapy-smelling-salt\/"},"modified":"2025-05-31T04:05:58","modified_gmt":"2025-05-31T04:05:58","slug":"wake-up-aromaterapi-luktesalt","status":"publish","type":"product","link":"https:\/\/aromasentia.com\/no\/wake-up-aromaterapi-luktesalt\/","title":{"rendered":"Wake Up Aromaterapi Luktesalt"},"content":{"rendered":"<p><span style=\"color: rgb(75, 80, 88);\"><strong>Wake Up Aromatherapy Smelling Salt<\/strong><\/span><span style=\"color: rgb(75, 80, 88);\"><strong>&nbsp;&#8211; Vekk sansene dine og gi dagen din energi!<\/strong><\/span><\/p>\n<p><span style=\"color: rgb(75, 80, 88);\">I generasjoner har en blanding av aromatiske elementer blitt brukt til inhalasjon, noe som fremmer terapeutiske effekter.<\/span><\/p>\n<p><span style=\"color: rgb(75, 80, 88);\">F\u00f8l en revitaliserende b\u00f8lge av friskhet med Wake Up Aromatherapy Smelling Salt, omhyggelig laget for \u00e5 styrke sansene dine og gi morgenen en kickstart. Denne eksepsjonelle blandingen fremhever en symfoni av essensielle oljer og den iboende renheten til Himalayasalt, inkludert *Ravensara*, rosmarin, sitrongress og *Mandarin*.<\/span><\/p>\n<p><span style=\"color: rgb(75, 80, 88);\">Ravensara, kjent for sine forfriskende egenskaper, kombineres med de oppl\u00f8ftende notene av rosmarin og sitrongress. Denne dynamiske trioen vekker sansene dine og gir et friskt energiutbrudd, noe som gj\u00f8r den til den perfekte f\u00f8lgesvennen for morgenrutinen din. Den subtile, men muntre aromaen av mandarin tilf\u00f8rer et snev av utstr\u00e5ling og skaper en atmosf\u00e6re av fornyet vitalitet.<\/span><\/p>\n<p><span style=\"color: rgb(75, 80, 88);\">\u00c5 delta i aromaterapi med luktesalter er en enkel prosess. \u00c5pne korken p\u00e5 flasken, pust inn den revitaliserende aromaen og f\u00f8l energib\u00f8lgen n\u00e5r de aromatiske molekylene samhandler med luktesystemet ditt. Denne oppslukende opplevelsen kan potensielt \u00f8ke \u00e5rv\u00e5kenheten, fremme en f\u00f8lelse av fornyet fokus og gi dagen din nyvunnet energi.<\/span><\/p>\n<p><span style=\"color: rgb(75, 80, 88);\">L\u00f8ft morgenen din og omfavn kraften i naturlig stimulering med Wake Up Aromatherapy Smelling Salt. Gi omgivelsene dine energi, l\u00f8ft hum\u00f8ret og begynn hver dag med en forfriskende f\u00f8lelse av beredskap.<\/span><\/p>\n","protected":false},"excerpt":{"rendered":"<p>Wake Up Aromatherapy Smelling Salt&nbsp;&#8211; Vekk sansene dine og gi dagen din energi! I generasjoner har en blanding av aromatiske elementer blitt brukt til inhalasjon, noe som fremmer terapeutiske effekter. F\u00f8l en revitaliserende b\u00f8lge av friskhet med Wake Up Aromatherapy Smelling Salt, omhyggelig laget for \u00e5 styrke sansene dine og gi morgenen en kickstart. Denne [&hellip;]<\/p>\n","protected":false},"featured_media":270837,"comment_status":"closed","ping_status":"open","template":"","meta":{"_angie_page":false},"product_brand":[],"product_cat":[9065,25794],"product_tag":[],"class_list":{"0":"post-207536","1":"product","2":"type-product","3":"status-publish","4":"has-post-thumbnail","6":"product_cat-aromaterapi-og-romduft","7":"product_cat-luktesalt","8":"pa_collection-aromatherapy-smelling-salts-no","9":"pa_made-in-storbritannia","11":"first","12":"instock","13":"purchasable","14":"product-type-simple"},"supplier_id":null,"supplier_sku":"SSalt-04","barcode":null,"atum_controlled":true,"out_stock_date":null,"out_stock_threshold":null,"inheritable":false,"inbound_stock":null,"stock_on_hold":0,"sold_today":0,"sales_last_days":0,"reserved_stock":null,"customer_returns":null,"warehouse_damage":null,"lost_in_post":null,"other_logs":null,"out_stock_days":0,"lost_sales":0,"has_location":null,"update_date":"2026-04-27T07:23:10","atum_locations":[],"atum_stock_status":"instock","restock_status":false,"low_stock_amount":"","sales_update_date":"2026-01-30T01:24:34","calc_backorders":null,"_links":{"self":[{"href":"https:\/\/aromasentia.com\/no\/wp-json\/wp\/v2\/product\/207536","targetHints":{"allow":["GET"]}}],"collection":[{"href":"https:\/\/aromasentia.com\/no\/wp-json\/wp\/v2\/product"}],"about":[{"href":"https:\/\/aromasentia.com\/no\/wp-json\/wp\/v2\/types\/product"}],"replies":[{"embeddable":true,"href":"https:\/\/aromasentia.com\/no\/wp-json\/wp\/v2\/comments?post=207536"}],"version-history":[{"count":0,"href":"https:\/\/aromasentia.com\/no\/wp-json\/wp\/v2\/product\/207536\/revisions"}],"wp:featuredmedia":[{"embeddable":true,"href":"https:\/\/aromasentia.com\/no\/wp-json\/wp\/v2\/media\/270837"}],"wp:attachment":[{"href":"https:\/\/aromasentia.com\/no\/wp-json\/wp\/v2\/media?parent=207536"}],"wp:term":[{"taxonomy":"product_brand","embeddable":true,"href":"https:\/\/aromasentia.com\/no\/wp-json\/wp\/v2\/product_brand?post=207536"},{"taxonomy":"product_cat","embeddable":true,"href":"https:\/\/aromasentia.com\/no\/wp-json\/wp\/v2\/product_cat?post=207536"},{"taxonomy":"product_tag","embeddable":true,"href":"https:\/\/aromasentia.com\/no\/wp-json\/wp\/v2\/product_tag?post=207536"}],"curies":[{"name":"wp","href":"https:\/\/api.w.org\/{rel}","templated":true}]}}