{"id":207532,"date":"2025-03-20T15:20:52","date_gmt":"2025-03-20T15:20:52","guid":{"rendered":"https:\/\/aromasentia.com\/product\/square-soapstone-oil-burner-10x7-5cm-elephant\/"},"modified":"2025-05-31T04:05:49","modified_gmt":"2025-05-31T04:05:49","slug":"firkantet-oljebrenner-i-kleberstein-10x75-cm-elefant","status":"publish","type":"product","link":"https:\/\/aromasentia.com\/no\/firkantet-oljebrenner-i-kleberstein-10x75-cm-elefant\/","title":{"rendered":"Firkantet Oljebrenner I Kleberstein 10&#215;7,5 cm &#8211; Elefant"},"content":{"rendered":"<p><span style=\"color: rgb(75, 80, 88);\">Denne firkantede oljebrenneren i kleberstein er et fantastisk tilskudd til ethvert hjem eller meditasjonsomr\u00e5de. Den er fagmessig laget i India, og har intrikate elefantutskj\u00e6ringer p\u00e5 alle fire sider, som representerer styrke og visdom. Det naturlige klebersteinsmaterialet, med sine jordfarger, s\u00f8rger for at hvert stykke er unikt rustikk og fullt av karakter. Perfekt for \u00e5 diffusere essensielle oljer eller smelte voks, blander denne brenneren s\u00f8ml\u00f8st funksjonalitet med dekorativ sjarm, og skaper en rolig og innbydende atmosf\u00e6re. Det firkantede designet, st\u00f8ttet av solide ben, forbedrer b\u00e5de stabiliteten og den h\u00e5ndverksmessige estetikken.<\/span><\/p>\n<p><span style=\"color: rgb(75, 80, 88);\">Produktegenskaper:<\/span><\/p>\n<ul>\n<li><span style=\"color: rgb(75, 80, 88);\">Materiale: Kleberstein<\/span><\/li>\n<li><span style=\"color: rgb(75, 80, 88);\">M\u00e5l: 10 x 7,5 cm<\/span><\/li>\n<li><span style=\"color: rgb(75, 80, 88);\">Design: Intrikate elefantutskj\u00e6ringer<\/span><\/li>\n<li><span style=\"color: rgb(75, 80, 88);\">Form: Firkantet med firesidige detaljer<\/span><\/li>\n<li><span style=\"color: rgb(75, 80, 88);\">Bruk: Egnet for essensielle oljer eller voks smelter<\/span><\/li>\n<li><span style=\"color: rgb(75, 80, 88);\">Opprinnelse: H\u00e5ndlaget i India<\/span><\/li>\n<\/ul>\n","protected":false},"excerpt":{"rendered":"<p>Denne firkantede oljebrenneren i kleberstein er et fantastisk tilskudd til ethvert hjem eller meditasjonsomr\u00e5de. Den er fagmessig laget i India, og har intrikate elefantutskj\u00e6ringer p\u00e5 alle fire sider, som representerer styrke og visdom. Det naturlige klebersteinsmaterialet, med sine jordfarger, s\u00f8rger for at hvert stykke er unikt rustikk og fullt av karakter. Perfekt for \u00e5 diffusere [&hellip;]<\/p>\n","protected":false},"featured_media":270713,"comment_status":"closed","ping_status":"open","template":"","meta":{"_angie_page":false},"product_brand":[],"product_cat":[9081,10241],"product_tag":[],"class_list":{"0":"post-207532","1":"product","2":"type-product","3":"status-publish","4":"has-post-thumbnail","6":"product_cat-aroma-diffuser-aromalamper-og-duftpinner","7":"product_cat-aromalamper-og-oljebrennere","8":"pa_collection-soapstone-oil-burners-no","9":"pa_made-in-india","11":"first","12":"instock","13":"purchasable","14":"product-type-simple"},"supplier_id":null,"supplier_sku":"SoapOB-24","barcode":null,"atum_controlled":true,"out_stock_date":null,"out_stock_threshold":null,"inheritable":false,"inbound_stock":null,"stock_on_hold":0,"sold_today":0,"sales_last_days":0,"reserved_stock":null,"customer_returns":null,"warehouse_damage":null,"lost_in_post":null,"other_logs":null,"out_stock_days":0,"lost_sales":0,"has_location":null,"update_date":"2026-04-27T07:21:52","atum_locations":[],"atum_stock_status":"instock","restock_status":false,"low_stock_amount":"","sales_update_date":"2025-09-05T00:18:37","calc_backorders":null,"_links":{"self":[{"href":"https:\/\/aromasentia.com\/no\/wp-json\/wp\/v2\/product\/207532","targetHints":{"allow":["GET"]}}],"collection":[{"href":"https:\/\/aromasentia.com\/no\/wp-json\/wp\/v2\/product"}],"about":[{"href":"https:\/\/aromasentia.com\/no\/wp-json\/wp\/v2\/types\/product"}],"replies":[{"embeddable":true,"href":"https:\/\/aromasentia.com\/no\/wp-json\/wp\/v2\/comments?post=207532"}],"version-history":[{"count":0,"href":"https:\/\/aromasentia.com\/no\/wp-json\/wp\/v2\/product\/207532\/revisions"}],"wp:featuredmedia":[{"embeddable":true,"href":"https:\/\/aromasentia.com\/no\/wp-json\/wp\/v2\/media\/270713"}],"wp:attachment":[{"href":"https:\/\/aromasentia.com\/no\/wp-json\/wp\/v2\/media?parent=207532"}],"wp:term":[{"taxonomy":"product_brand","embeddable":true,"href":"https:\/\/aromasentia.com\/no\/wp-json\/wp\/v2\/product_brand?post=207532"},{"taxonomy":"product_cat","embeddable":true,"href":"https:\/\/aromasentia.com\/no\/wp-json\/wp\/v2\/product_cat?post=207532"},{"taxonomy":"product_tag","embeddable":true,"href":"https:\/\/aromasentia.com\/no\/wp-json\/wp\/v2\/product_tag?post=207532"}],"curies":[{"name":"wp","href":"https:\/\/api.w.org\/{rel}","templated":true}]}}