{"id":207531,"date":"2025-03-20T15:20:52","date_gmt":"2025-03-20T15:20:52","guid":{"rendered":"https:\/\/aromasentia.com\/product\/triangle-soapstone-oil-burner-11x9cm-elephant\/"},"modified":"2025-05-31T04:05:47","modified_gmt":"2025-05-31T04:05:47","slug":"triangel-oljebrenner-i-kleberstein-11x9cm-elefant","status":"publish","type":"product","link":"https:\/\/aromasentia.com\/no\/triangel-oljebrenner-i-kleberstein-11x9cm-elefant\/","title":{"rendered":"Triangel Oljebrenner I Kleberstein 11x9cm &#8211; Elefant"},"content":{"rendered":"<p><span style=\"color: rgb(75, 80, 88);\">Gi rommet ditt et snev av eleganse med denne trekantformede oljebrenneren i kleberstein, h\u00e5ndlaget i India. Utsmykket med intrikate elefantutskj\u00e6ringer, hyller den skj\u00f8nnheten i tradisjonell kunst samtidig som den fungerer som et praktisk aromaterapitilbeh\u00f8r. Det unike trekantede designet gir en moderne vri, noe som gj\u00f8r den til et i\u00f8ynefallende dekorativt stykke. Hver brenner har de naturlige jordfargene i kleberstein, noe som sikrer at ingen to er helt like. Denne brenneren er ideell for \u00e5 varme opp essensielle oljer eller smeltevoks, og blander uanstrengt stil og funksjonalitet, og skaper en beroligende atmosf\u00e6re i ethvert rom.<\/span><\/p>\n<p><span style=\"color: rgb(75, 80, 88);\">Produktegenskaper:<\/span><\/p>\n<ul>\n<li><span style=\"color: rgb(75, 80, 88);\">Materiale: Kleberstein<\/span><\/li>\n<li><span style=\"color: rgb(75, 80, 88);\">M\u00e5l: 11 x 9 cm<\/span><\/li>\n<li><span style=\"color: rgb(75, 80, 88);\">Design: Detaljerte elefantutskj\u00e6ringer<\/span><\/li>\n<li><span style=\"color: rgb(75, 80, 88);\">Form: S\u00e6rpreget trekantet form<\/span><\/li>\n<li><span style=\"color: rgb(75, 80, 88);\">Bruk: Perfekt for essensielle oljer eller voks smelter<\/span><\/li>\n<li><span style=\"color: rgb(75, 80, 88);\">Opprinnelse: H\u00e5ndlaget i India<\/span><\/li>\n<\/ul>\n","protected":false},"excerpt":{"rendered":"<p>Gi rommet ditt et snev av eleganse med denne trekantformede oljebrenneren i kleberstein, h\u00e5ndlaget i India. Utsmykket med intrikate elefantutskj\u00e6ringer, hyller den skj\u00f8nnheten i tradisjonell kunst samtidig som den fungerer som et praktisk aromaterapitilbeh\u00f8r. Det unike trekantede designet gir en moderne vri, noe som gj\u00f8r den til et i\u00f8ynefallende dekorativt stykke. Hver brenner har de [&hellip;]<\/p>\n","protected":false},"featured_media":270688,"comment_status":"closed","ping_status":"open","template":"","meta":{"_angie_page":false},"product_brand":[],"product_cat":[9081,10241],"product_tag":[],"class_list":{"0":"post-207531","1":"product","2":"type-product","3":"status-publish","4":"has-post-thumbnail","6":"product_cat-aroma-diffuser-aromalamper-og-duftpinner","7":"product_cat-aromalamper-og-oljebrennere","8":"pa_collection-soapstone-oil-burners-no","9":"pa_made-in-india","11":"first","12":"instock","13":"purchasable","14":"product-type-simple"},"supplier_id":null,"supplier_sku":"SoapOB-23","barcode":null,"atum_controlled":true,"out_stock_date":null,"out_stock_threshold":null,"inheritable":false,"inbound_stock":null,"stock_on_hold":0,"sold_today":0,"sales_last_days":0,"reserved_stock":null,"customer_returns":null,"warehouse_damage":null,"lost_in_post":null,"other_logs":null,"out_stock_days":0,"lost_sales":0,"has_location":null,"update_date":"2026-05-08T05:19:09","atum_locations":[],"atum_stock_status":"instock","restock_status":false,"low_stock_amount":"","sales_update_date":"2026-02-06T00:02:34","calc_backorders":null,"_links":{"self":[{"href":"https:\/\/aromasentia.com\/no\/wp-json\/wp\/v2\/product\/207531","targetHints":{"allow":["GET"]}}],"collection":[{"href":"https:\/\/aromasentia.com\/no\/wp-json\/wp\/v2\/product"}],"about":[{"href":"https:\/\/aromasentia.com\/no\/wp-json\/wp\/v2\/types\/product"}],"replies":[{"embeddable":true,"href":"https:\/\/aromasentia.com\/no\/wp-json\/wp\/v2\/comments?post=207531"}],"version-history":[{"count":0,"href":"https:\/\/aromasentia.com\/no\/wp-json\/wp\/v2\/product\/207531\/revisions"}],"wp:featuredmedia":[{"embeddable":true,"href":"https:\/\/aromasentia.com\/no\/wp-json\/wp\/v2\/media\/270688"}],"wp:attachment":[{"href":"https:\/\/aromasentia.com\/no\/wp-json\/wp\/v2\/media?parent=207531"}],"wp:term":[{"taxonomy":"product_brand","embeddable":true,"href":"https:\/\/aromasentia.com\/no\/wp-json\/wp\/v2\/product_brand?post=207531"},{"taxonomy":"product_cat","embeddable":true,"href":"https:\/\/aromasentia.com\/no\/wp-json\/wp\/v2\/product_cat?post=207531"},{"taxonomy":"product_tag","embeddable":true,"href":"https:\/\/aromasentia.com\/no\/wp-json\/wp\/v2\/product_tag?post=207531"}],"curies":[{"name":"wp","href":"https:\/\/api.w.org\/{rel}","templated":true}]}}