{"id":207523,"date":"2025-03-20T15:22:14","date_gmt":"2025-03-20T15:22:14","guid":{"rendered":"https:\/\/aromasentia.com\/product\/top-6-essential-oils-aromatherapy-box\/"},"modified":"2025-05-31T04:05:18","modified_gmt":"2025-05-31T04:05:18","slug":"topp-6-eterisk-olje-aromaterapi-boks","status":"publish","type":"product","link":"https:\/\/aromasentia.com\/no\/topp-6-eterisk-olje-aromaterapi-boks\/","title":{"rendered":"Topp 6 Eterisk Olje Aromaterapi Boks"},"content":{"rendered":"<p><span style=\"color: rgb(75, 80, 88);\">Maksimer salget ditt ved \u00e5 legge til en av v\u00e5re fantastiske startpakker i nettbutikken din.<\/span><\/p>\n<p><span style=\"color: rgb(75, 80, 88);\">Fylt med de bestselgende<strong>essensielle oljene<\/strong> (6 x 10 ml flasker) vil du spare ekstra penger.<\/span><\/p>\n<p><span style=\"color: rgb(75, 80, 88);\">Vi mener at v\u00e5r <strong>aromaterapiboks med de 6 beste essensielle oljene<\/strong> tilbyr den beste kvaliteten og verdien p\u00e5 markedet. Tilby kundene dine det beste utvalget av aromaterapi-eteriske oljer.<br \/>Denne spesialpakken inneholder:<\/span><\/p>\n<p><span style=\"color: rgb(75, 80, 88);\"><strong>10 ml lavendel-eterisk olje<br \/>10 ml tea tree-eterisk olje<br \/>10 ml eukalyptus-eterisk olje<br \/>10 ml peppermynte-eterisk olje<br \/>10 ml ylang ylang I-eterisk olje<\/strong><br \/><strong>10 ml sedertre-eterisk olje fra Virginia<\/strong><\/span><\/p>\n<p><span style=\"color: rgb(75, 80, 88);\">Aromaterapiboksen (holder 6 flasker) er laget av mangotre og er utsmykket med h\u00e5ndsk\u00e5rne design. Denne pene boksen vil se vakker ut p\u00e5 soverommet eller i garderoben &#8230; eller egentlig i ethvert rom.<br \/>Designet for \u00e5 holde 10 ml flasker, s\u00e5 v\u00e5re eteriske oljer vil passe perfekt. &nbsp;<\/span><\/p>\n<p><span style=\"color: rgb(141, 186, 216);\"><strong>Tilby en fantastisk i\u00f8ynefallende gave i nettbutikken din. Bestill n\u00e5.<\/strong><\/span><\/p>\n","protected":false},"excerpt":{"rendered":"<p>Maksimer salget ditt ved \u00e5 legge til en av v\u00e5re fantastiske startpakker i nettbutikken din. Fylt med de bestselgendeessensielle oljene (6 x 10 ml flasker) vil du spare ekstra penger. Vi mener at v\u00e5r aromaterapiboks med de 6 beste essensielle oljene tilbyr den beste kvaliteten og verdien p\u00e5 markedet. Tilby kundene dine det beste utvalget [&hellip;]<\/p>\n","protected":false},"featured_media":271050,"comment_status":"closed","ping_status":"open","template":"","meta":[],"product_brand":[],"product_cat":[9065,10236],"product_tag":[],"class_list":{"0":"post-207523","1":"product","2":"type-product","3":"status-publish","4":"has-post-thumbnail","6":"product_cat-aromaterapi-og-romduft","7":"product_cat-eteriske-oljer","8":"pa_collection-starter-sets-for-dropshippers-no","9":"pa_made-in-storbritannia","11":"first","12":"outofstock","13":"purchasable","14":"product-type-simple"},"supplier_id":null,"supplier_sku":"ABoxEO-03","barcode":null,"atum_controlled":true,"out_stock_date":"2026-02-09 17:56:07","out_stock_threshold":null,"inheritable":false,"inbound_stock":null,"stock_on_hold":0,"sold_today":0,"sales_last_days":0,"reserved_stock":null,"customer_returns":null,"warehouse_damage":null,"lost_in_post":null,"other_logs":null,"out_stock_days":0,"lost_sales":0,"has_location":null,"update_date":"2026-02-09T17:56:07","atum_locations":[],"atum_stock_status":"outofstock","restock_status":false,"low_stock_amount":"","sales_update_date":"2026-02-06T00:02:42","calc_backorders":null,"_links":{"self":[{"href":"https:\/\/aromasentia.com\/no\/wp-json\/wp\/v2\/product\/207523","targetHints":{"allow":["GET"]}}],"collection":[{"href":"https:\/\/aromasentia.com\/no\/wp-json\/wp\/v2\/product"}],"about":[{"href":"https:\/\/aromasentia.com\/no\/wp-json\/wp\/v2\/types\/product"}],"replies":[{"embeddable":true,"href":"https:\/\/aromasentia.com\/no\/wp-json\/wp\/v2\/comments?post=207523"}],"version-history":[{"count":0,"href":"https:\/\/aromasentia.com\/no\/wp-json\/wp\/v2\/product\/207523\/revisions"}],"wp:featuredmedia":[{"embeddable":true,"href":"https:\/\/aromasentia.com\/no\/wp-json\/wp\/v2\/media\/271050"}],"wp:attachment":[{"href":"https:\/\/aromasentia.com\/no\/wp-json\/wp\/v2\/media?parent=207523"}],"wp:term":[{"taxonomy":"product_brand","embeddable":true,"href":"https:\/\/aromasentia.com\/no\/wp-json\/wp\/v2\/product_brand?post=207523"},{"taxonomy":"product_cat","embeddable":true,"href":"https:\/\/aromasentia.com\/no\/wp-json\/wp\/v2\/product_cat?post=207523"},{"taxonomy":"product_tag","embeddable":true,"href":"https:\/\/aromasentia.com\/no\/wp-json\/wp\/v2\/product_tag?post=207523"}],"curies":[{"name":"wp","href":"https:\/\/api.w.org\/{rel}","templated":true}]}}