{"id":207514,"date":"2025-03-20T15:22:14","date_gmt":"2025-03-20T15:22:14","guid":{"rendered":"https:\/\/aromasentia.com\/product\/stone-oil-burner-stepped-wave\/"},"modified":"2025-05-31T04:04:22","modified_gmt":"2025-05-31T04:04:22","slug":"oljebrenner-i-stein-stepped-wave","status":"publish","type":"product","link":"https:\/\/aromasentia.com\/no\/oljebrenner-i-stein-stepped-wave\/","title":{"rendered":"Oljebrenner I Stein &#8211; Stepped Wave"},"content":{"rendered":"<p>Indonesiske kombinasjonslykt-oljelamper &#8230; Omhyggelig utsk\u00e5rne sandsteinsoljelamper ser flotte nok ut til \u00e5 v\u00e6re et vakkert midtpunkt i ethvert rom.<\/p>\n<p>Unike h\u00e5ndsk\u00e5rne sandsteinsoljelamper har en flott form og eksepsjonell farge.<\/p>\n<p>Oljelamper er ogs\u00e5 flotte \u00e5 bruke med duftoljer og smeltevoks. Denne kunsten fra Java er vanskelig \u00e5 finne, og vil komplimentere ethvert rom den plasseres i. Kommer i ti forskjellige stiler individuelt pakket og strekkodet.<\/p>\n","protected":false},"excerpt":{"rendered":"<p>Indonesiske kombinasjonslykt-oljelamper &#8230; Omhyggelig utsk\u00e5rne sandsteinsoljelamper ser flotte nok ut til \u00e5 v\u00e6re et vakkert midtpunkt i ethvert rom. Unike h\u00e5ndsk\u00e5rne sandsteinsoljelamper har en flott form og eksepsjonell farge. Oljelamper er ogs\u00e5 flotte \u00e5 bruke med duftoljer og smeltevoks. Denne kunsten fra Java er vanskelig \u00e5 finne, og vil komplimentere ethvert rom den plasseres i. [&hellip;]<\/p>\n","protected":false},"featured_media":270969,"comment_status":"closed","ping_status":"open","template":"","meta":[],"product_brand":[],"product_cat":[9081,10241],"product_tag":[],"class_list":{"0":"post-207514","1":"product","2":"type-product","3":"status-publish","4":"has-post-thumbnail","6":"product_cat-aroma-diffuser-aromalamper-og-duftpinner","7":"product_cat-aromalamper-og-oljebrennere","8":"pa_collection-sandstone-oil-burner-no","9":"pa_made-in-indonesia","11":"first","12":"instock","13":"purchasable","14":"product-type-simple"},"supplier_id":null,"supplier_sku":"SSOB-01","barcode":null,"atum_controlled":true,"out_stock_date":null,"out_stock_threshold":null,"inheritable":false,"inbound_stock":null,"stock_on_hold":0,"sold_today":0,"sales_last_days":0,"reserved_stock":null,"customer_returns":null,"warehouse_damage":null,"lost_in_post":null,"other_logs":null,"out_stock_days":0,"lost_sales":0,"has_location":null,"update_date":"2026-01-30T01:26:03","atum_locations":[],"atum_stock_status":"instock","restock_status":false,"low_stock_amount":"","sales_update_date":"2026-01-30T01:26:03","calc_backorders":null,"_links":{"self":[{"href":"https:\/\/aromasentia.com\/no\/wp-json\/wp\/v2\/product\/207514","targetHints":{"allow":["GET"]}}],"collection":[{"href":"https:\/\/aromasentia.com\/no\/wp-json\/wp\/v2\/product"}],"about":[{"href":"https:\/\/aromasentia.com\/no\/wp-json\/wp\/v2\/types\/product"}],"replies":[{"embeddable":true,"href":"https:\/\/aromasentia.com\/no\/wp-json\/wp\/v2\/comments?post=207514"}],"version-history":[{"count":0,"href":"https:\/\/aromasentia.com\/no\/wp-json\/wp\/v2\/product\/207514\/revisions"}],"wp:featuredmedia":[{"embeddable":true,"href":"https:\/\/aromasentia.com\/no\/wp-json\/wp\/v2\/media\/270969"}],"wp:attachment":[{"href":"https:\/\/aromasentia.com\/no\/wp-json\/wp\/v2\/media?parent=207514"}],"wp:term":[{"taxonomy":"product_brand","embeddable":true,"href":"https:\/\/aromasentia.com\/no\/wp-json\/wp\/v2\/product_brand?post=207514"},{"taxonomy":"product_cat","embeddable":true,"href":"https:\/\/aromasentia.com\/no\/wp-json\/wp\/v2\/product_cat?post=207514"},{"taxonomy":"product_tag","embeddable":true,"href":"https:\/\/aromasentia.com\/no\/wp-json\/wp\/v2\/product_tag?post=207514"}],"curies":[{"name":"wp","href":"https:\/\/api.w.org\/{rel}","templated":true}]}}