{"id":207513,"date":"2025-03-20T15:22:48","date_gmt":"2025-03-20T15:22:48","guid":{"rendered":"https:\/\/aromasentia.com\/product\/sun-star-oil-burners\/"},"modified":"2025-05-31T04:04:20","modified_gmt":"2025-05-31T04:04:20","slug":"sun-star-oljebrennere","status":"publish","type":"product","link":"https:\/\/aromasentia.com\/no\/sun-star-oljebrennere\/","title":{"rendered":"Sun &#038; Star Oljebrennere"},"content":{"rendered":"<p>Disse keramiske Yin-Yang oljebrennerne fra Aroma Sentia &#8211; ping har en dekorativ glasur for \u00e5 gi en h\u00f8y standard finish. Er en flott gaveid\u00e9 til enhver spesiell anledning p\u00e5 grunn av kvaliteten, materialet og verdien.<\/p>\n<p>For bruk med duftoljer, plasser ganske enkelt et telys i bunnen og noen f\u00e5 dr\u00e5per duftolje i bollen. Det er ogs\u00e5 en veldig attraktiv dekorasjon i ethvert rom, takket v\u00e6re det luksuri\u00f8se designet.<\/p>\n<p>Oljebrennere er ogs\u00e5 flotte \u00e5 bruke med duftoljer og smeltevoks.<\/p>\n<p>? Plasser alltid oljebrenneren p\u00e5 en varmebestandig matte.<\/p>\n<p>? S\u00f8rg for at det er tilstrekkelig vann i beholderen over brenneren.<\/p>\n<p>? Bruk telys av god kvalitet.<\/p>\n<p>? La aldri v\u00e6re uten tilsyn n\u00e5r de er tent, og hold deg unna gardiner.<\/p>\n<p>? Hvis flammen blir farlig, kan den slukkes med en fuktig klut.<\/p>\n<p>? Oppbevares utilgjengelig for barn.<\/p>\n<p>Verdi og kvalitet med Yin og Yang \u262f<\/p>\n","protected":false},"excerpt":{"rendered":"<p>Disse keramiske Yin-Yang oljebrennerne fra Aroma Sentia &#8211; ping har en dekorativ glasur for \u00e5 gi en h\u00f8y standard finish. Er en flott gaveid\u00e9 til enhver spesiell anledning p\u00e5 grunn av kvaliteten, materialet og verdien. For bruk med duftoljer, plasser ganske enkelt et telys i bunnen og noen f\u00e5 dr\u00e5per duftolje i bollen. Det er [&hellip;]<\/p>\n","protected":false},"featured_media":271293,"comment_status":"closed","ping_status":"open","template":"","meta":[],"product_brand":[],"product_cat":[9081,10241],"product_tag":[],"class_list":{"0":"post-207513","1":"product","2":"type-product","3":"status-publish","4":"has-post-thumbnail","6":"product_cat-aroma-diffuser-aromalamper-og-duftpinner","7":"product_cat-aromalamper-og-oljebrennere","8":"pa_collection-yin-yang-oil-burners-no","9":"pa_made-in-kina","11":"first","12":"instock","13":"purchasable","14":"product-type-simple"},"supplier_id":null,"supplier_sku":"YYOB-01","barcode":null,"atum_controlled":true,"out_stock_date":null,"out_stock_threshold":null,"inheritable":false,"inbound_stock":null,"stock_on_hold":0,"sold_today":0,"sales_last_days":0,"reserved_stock":null,"customer_returns":null,"warehouse_damage":null,"lost_in_post":null,"other_logs":null,"out_stock_days":0,"lost_sales":0,"has_location":null,"update_date":"2026-02-03T08:23:01","atum_locations":[],"atum_stock_status":"instock","restock_status":false,"low_stock_amount":"","sales_update_date":"2025-09-05T00:18:43","calc_backorders":null,"_links":{"self":[{"href":"https:\/\/aromasentia.com\/no\/wp-json\/wp\/v2\/product\/207513","targetHints":{"allow":["GET"]}}],"collection":[{"href":"https:\/\/aromasentia.com\/no\/wp-json\/wp\/v2\/product"}],"about":[{"href":"https:\/\/aromasentia.com\/no\/wp-json\/wp\/v2\/types\/product"}],"replies":[{"embeddable":true,"href":"https:\/\/aromasentia.com\/no\/wp-json\/wp\/v2\/comments?post=207513"}],"version-history":[{"count":0,"href":"https:\/\/aromasentia.com\/no\/wp-json\/wp\/v2\/product\/207513\/revisions"}],"wp:featuredmedia":[{"embeddable":true,"href":"https:\/\/aromasentia.com\/no\/wp-json\/wp\/v2\/media\/271293"}],"wp:attachment":[{"href":"https:\/\/aromasentia.com\/no\/wp-json\/wp\/v2\/media?parent=207513"}],"wp:term":[{"taxonomy":"product_brand","embeddable":true,"href":"https:\/\/aromasentia.com\/no\/wp-json\/wp\/v2\/product_brand?post=207513"},{"taxonomy":"product_cat","embeddable":true,"href":"https:\/\/aromasentia.com\/no\/wp-json\/wp\/v2\/product_cat?post=207513"},{"taxonomy":"product_tag","embeddable":true,"href":"https:\/\/aromasentia.com\/no\/wp-json\/wp\/v2\/product_tag?post=207513"}],"curies":[{"name":"wp","href":"https:\/\/api.w.org\/{rel}","templated":true}]}}