{"id":207512,"date":"2025-03-20T15:22:48","date_gmt":"2025-03-20T15:22:48","guid":{"rendered":"https:\/\/aromasentia.com\/product\/white-christmas-room-pillow-spray-100ml\/"},"modified":"2025-05-31T04:04:18","modified_gmt":"2025-05-31T04:04:18","slug":"white-christmas-room-pillow-pute-spray-100ml","status":"publish","type":"product","link":"https:\/\/aromasentia.com\/no\/white-christmas-room-pillow-pute-spray-100ml\/","title":{"rendered":"White Christmas Room &#038; Pillow Pute Spray 100ml"},"content":{"rendered":"<p><span style=\"color: rgb(75, 80, 88);\">Gj\u00f8r deg klar til \u00e5 str\u00f8 litt julemagi over med splitter nye <strong>rom- og putesprayer<\/strong>, n\u00e5 tilgjengelig i de mest festlige juleduftene du kan tenke deg!<\/span><\/p>\n<p><span style=\"color: rgb(75, 80, 88);\">Denne duften fanger kunstferdig selve essensen av h\u00f8ytiden.<\/span><\/p>\n<p><span style=\"color: rgb(75, 80, 88);\">? Med toppnoter av <strong>eukalyptus og mynteappelsin<\/strong> som frembringer en forfriskende og revitaliserende aroma.<\/span><\/p>\n<p><span style=\"color: rgb(75, 80, 88);\">? Forsterket av en **fruktig, blomsteraktig vri** som gir et hint av s\u00f8dme og raffinement til duften.<\/span><\/p>\n<p><span style=\"color: rgb(75, 80, 88);\">? Og forankret av basenoter av **sedertre, rav og vanilje**, som gir en koselig, varig og innbydende duft.<\/span><\/p>\n<p><span style=\"color: rgb(141, 186, 216);\"><strong>Legg dem til i produktportef\u00f8ljen n\u00e5, og la festlighetene for kundene dine begynne!<\/strong><\/span><\/p>\n","protected":false},"excerpt":{"rendered":"<p>Gj\u00f8r deg klar til \u00e5 str\u00f8 litt julemagi over med splitter nye rom- og putesprayer, n\u00e5 tilgjengelig i de mest festlige juleduftene du kan tenke deg! Denne duften fanger kunstferdig selve essensen av h\u00f8ytiden. ? Med toppnoter av eukalyptus og mynteappelsin som frembringer en forfriskende og revitaliserende aroma. ? Forsterket av en **fruktig, blomsteraktig vri** [&hellip;]<\/p>\n","protected":false},"featured_media":271268,"comment_status":"closed","ping_status":"open","template":"","meta":[],"product_brand":[],"product_cat":[9065,9070,27381,9111],"product_tag":[],"class_list":{"0":"post-207512","1":"product","2":"type-product","3":"status-publish","4":"has-post-thumbnail","6":"product_cat-aromaterapi-og-romduft","7":"product_cat-duftoljer","8":"product_cat-juledufter","9":"product_cat-romduft-romspray-og-duftspray","10":"pa_collection-christmas-room-pillow-sprays-no","11":"pa_made-in-storbritannia","12":"pa_size-100ml","14":"first","15":"instock","16":"purchasable","17":"product-type-simple"},"supplier_id":null,"supplier_sku":"XRPS-01","barcode":null,"atum_controlled":true,"out_stock_date":null,"out_stock_threshold":null,"inheritable":false,"inbound_stock":null,"stock_on_hold":0,"sold_today":0,"sales_last_days":0,"reserved_stock":null,"customer_returns":null,"warehouse_damage":null,"lost_in_post":null,"other_logs":null,"out_stock_days":0,"lost_sales":0,"has_location":null,"update_date":"2026-02-07T03:15:24","atum_locations":[],"atum_stock_status":"instock","restock_status":false,"low_stock_amount":"","sales_update_date":"2026-01-30T01:24:48","calc_backorders":null,"_links":{"self":[{"href":"https:\/\/aromasentia.com\/no\/wp-json\/wp\/v2\/product\/207512","targetHints":{"allow":["GET"]}}],"collection":[{"href":"https:\/\/aromasentia.com\/no\/wp-json\/wp\/v2\/product"}],"about":[{"href":"https:\/\/aromasentia.com\/no\/wp-json\/wp\/v2\/types\/product"}],"replies":[{"embeddable":true,"href":"https:\/\/aromasentia.com\/no\/wp-json\/wp\/v2\/comments?post=207512"}],"version-history":[{"count":0,"href":"https:\/\/aromasentia.com\/no\/wp-json\/wp\/v2\/product\/207512\/revisions"}],"wp:featuredmedia":[{"embeddable":true,"href":"https:\/\/aromasentia.com\/no\/wp-json\/wp\/v2\/media\/271268"}],"wp:attachment":[{"href":"https:\/\/aromasentia.com\/no\/wp-json\/wp\/v2\/media?parent=207512"}],"wp:term":[{"taxonomy":"product_brand","embeddable":true,"href":"https:\/\/aromasentia.com\/no\/wp-json\/wp\/v2\/product_brand?post=207512"},{"taxonomy":"product_cat","embeddable":true,"href":"https:\/\/aromasentia.com\/no\/wp-json\/wp\/v2\/product_cat?post=207512"},{"taxonomy":"product_tag","embeddable":true,"href":"https:\/\/aromasentia.com\/no\/wp-json\/wp\/v2\/product_tag?post=207512"}],"curies":[{"name":"wp","href":"https:\/\/api.w.org\/{rel}","templated":true}]}}