{"id":207495,"date":"2025-03-20T16:13:15","date_gmt":"2025-03-20T16:13:15","guid":{"rendered":"https:\/\/aromasentia.com\/product\/total-unwind-potion-7kg-hessian-sack\/"},"modified":"2025-05-31T04:03:27","modified_gmt":"2025-05-31T04:03:27","slug":"total-unwind-potion-7-kg-hessisk-sekk","status":"publish","type":"product","link":"https:\/\/aromasentia.com\/no\/total-unwind-potion-7-kg-hessisk-sekk\/","title":{"rendered":"Total Unwind Potion 7 Kg Hessisk Sekk"},"content":{"rendered":"<p><strong>Aroma Sentia Drosphip&nbsp;<\/strong><strong>Total avslapning<\/strong> <strong>Aromaterapi-badedrikker<\/strong> er laget med en kunstferdig blanding av ren lavendel, appelsin og Essensielle oljer av s\u00f8t basilikum i havsalt.<br style=\"color: rgb(114, 114, 114); font-size: 16px; font-style: normal; font-variant-ligatures: normal; font-variant-caps: normal; font-weight: 400; letter-spacing: normal; orphans: 2; text-align: start; text-indent: 0px; text-transform: none; white-space: normal; widows: 2; word-spacing: 0px; -webkit-text-stroke-width: 0px; background-color: rgb(255, 255, 255); text-decoration-thickness: initial; text-decoration-style: initial; text-decoration-color: initial;\">Pakket i en jutepose for umiddelbar visning og salg.<br style=\"color: rgb(114, 114, 114); font-size: 16px; font-style: normal; font-variant-ligatures: normal; font-variant-caps: normal; font-weight: 400; letter-spacing: normal; orphans: 2; text-align: start; text-indent: 0px; text-transform: none; white-space: normal; widows: 2; word-spacing: 0px; -webkit-text-stroke-width: 0px; background-color: rgb(255, 255, 255); text-decoration-thickness: initial; text-decoration-style: initial; text-decoration-color: initial;\">Vi mener dette er en god verdi, spesielt for dette kvalitetsbadesaltet og en pose. \u00c5pne badeposen din og ta en lukt og se hvor potente disse eliksirene er. Dette gj\u00f8r dem enkle \u00e5 selge. Leveres med ingrediensetikett.<br style=\"color: rgb(114, 114, 114); font-size: 16px; font-style: normal; font-variant-ligatures: normal; font-variant-caps: normal; font-weight: 400; letter-spacing: normal; orphans: 2; text-align: start; text-indent: 0px; text-transform: none; white-space: normal; widows: 2; word-spacing: 0px; -webkit-text-stroke-width: 0px; background-color: rgb(255, 255, 255); text-decoration-thickness: initial; text-decoration-style: initial; text-decoration-color: initial;\">Tilsett en liten mengde eliksir i badet ditt for en ekstraordin\u00e6r aromatisk badeopplevelse.<\/p>\n","protected":false},"excerpt":{"rendered":"<p>Aroma Sentia Drosphip&nbsp;Total avslapning Aromaterapi-badedrikker er laget med en kunstferdig blanding av ren lavendel, appelsin og Essensielle oljer av s\u00f8t basilikum i havsalt.Pakket i en jutepose for umiddelbar visning og salg.Vi mener dette er en god verdi, spesielt for dette kvalitetsbadesaltet og en pose. \u00c5pne badeposen din og ta en lukt og se hvor potente [&hellip;]<\/p>\n","protected":false},"featured_media":271503,"comment_status":"closed","ping_status":"open","template":"","meta":{"_angie_page":false},"product_brand":[],"product_cat":[9413],"product_tag":[],"class_list":{"0":"post-207495","1":"product","2":"type-product","3":"status-publish","4":"has-post-thumbnail","6":"product_cat-bad-spa-og-personlig-pleie","7":"pa_collection-aromatherapy-bath-potions-bulk-7kg-no","8":"pa_made-in-storbritannia","10":"first","11":"instock","12":"purchasable","13":"product-type-simple"},"supplier_id":null,"supplier_sku":"ABP-01","barcode":null,"atum_controlled":true,"out_stock_date":null,"out_stock_threshold":null,"inheritable":false,"inbound_stock":null,"stock_on_hold":0,"sold_today":0,"sales_last_days":0,"reserved_stock":null,"customer_returns":null,"warehouse_damage":null,"lost_in_post":null,"other_logs":null,"out_stock_days":0,"lost_sales":0,"has_location":null,"update_date":"2026-05-08T05:02:33","atum_locations":[],"atum_stock_status":"instock","restock_status":false,"low_stock_amount":"","sales_update_date":"2025-10-09T03:22:23","calc_backorders":null,"_links":{"self":[{"href":"https:\/\/aromasentia.com\/no\/wp-json\/wp\/v2\/product\/207495","targetHints":{"allow":["GET"]}}],"collection":[{"href":"https:\/\/aromasentia.com\/no\/wp-json\/wp\/v2\/product"}],"about":[{"href":"https:\/\/aromasentia.com\/no\/wp-json\/wp\/v2\/types\/product"}],"replies":[{"embeddable":true,"href":"https:\/\/aromasentia.com\/no\/wp-json\/wp\/v2\/comments?post=207495"}],"version-history":[{"count":0,"href":"https:\/\/aromasentia.com\/no\/wp-json\/wp\/v2\/product\/207495\/revisions"}],"wp:featuredmedia":[{"embeddable":true,"href":"https:\/\/aromasentia.com\/no\/wp-json\/wp\/v2\/media\/271503"}],"wp:attachment":[{"href":"https:\/\/aromasentia.com\/no\/wp-json\/wp\/v2\/media?parent=207495"}],"wp:term":[{"taxonomy":"product_brand","embeddable":true,"href":"https:\/\/aromasentia.com\/no\/wp-json\/wp\/v2\/product_brand?post=207495"},{"taxonomy":"product_cat","embeddable":true,"href":"https:\/\/aromasentia.com\/no\/wp-json\/wp\/v2\/product_cat?post=207495"},{"taxonomy":"product_tag","embeddable":true,"href":"https:\/\/aromasentia.com\/no\/wp-json\/wp\/v2\/product_tag?post=207495"}],"curies":[{"name":"wp","href":"https:\/\/api.w.org\/{rel}","templated":true}]}}