{"id":207472,"date":"2025-03-20T16:14:01","date_gmt":"2025-03-20T16:14:01","guid":{"rendered":"https:\/\/aromasentia.com\/product\/hand-body-cream-clementine-300ml\/"},"modified":"2025-05-31T04:01:45","modified_gmt":"2025-05-31T04:01:45","slug":"hand-og-kroppskrem-clementine-300ml","status":"publish","type":"product","link":"https:\/\/aromasentia.com\/no\/hand-og-kroppskrem-clementine-300ml\/","title":{"rendered":"H\u00e5nd- Og Kroppskrem &#8211; Clementine &#8211; 300ml"},"content":{"rendered":"<p>Lys opp huden og dagen med v\u00e5r h\u00e5nd- og kroppskrem &#8211; Clementine. Denne muntre kremen p\u00e5 300 ml gir huden viktig fuktighet, samtidig som den gleder sansene dine med den vidunderlig oppl\u00f8ftende og s\u00f8te sitrusduften av solmodne klementiner. Den rike, men ikke fete formelen etterlater huden eksepsjonelt myk, glatt og revitalisert. Denne kremen er perfekt for en daglig dose solskinn, og gir deg et utbrudd av livlig energi og aromatisk glede, slik at huden din f\u00f8les glad og velduftende.<\/p>\n","protected":false},"excerpt":{"rendered":"<p>Lys opp huden og dagen med v\u00e5r h\u00e5nd- og kroppskrem &#8211; Clementine. Denne muntre kremen p\u00e5 300 ml gir huden viktig fuktighet, samtidig som den gleder sansene dine med den vidunderlig oppl\u00f8ftende og s\u00f8te sitrusduften av solmodne klementiner. Den rike, men ikke fete formelen etterlater huden eksepsjonelt myk, glatt og revitalisert. Denne kremen er perfekt [&hellip;]<\/p>\n","protected":false},"featured_media":642346,"comment_status":"closed","ping_status":"open","template":"","meta":{"_angie_page":false},"product_brand":[27083],"product_cat":[9413,9550],"product_tag":[],"class_list":{"0":"post-207472","1":"product","2":"type-product","3":"status-publish","4":"has-post-thumbnail","6":"product_brand-agnes-and-cat","7":"product_cat-bad-spa-og-personlig-pleie","8":"product_cat-kroppspleie","9":"pa_collection-agnescat-hand-body-cream-no","10":"pa_made-in-storbritannia","11":"pa_size-300ml","13":"first","14":"instock","15":"purchasable","16":"product-type-simple"},"supplier_id":null,"supplier_sku":"ACBC-01","barcode":null,"atum_controlled":true,"out_stock_date":null,"out_stock_threshold":null,"inheritable":false,"inbound_stock":0,"stock_on_hold":0,"sold_today":0,"sales_last_days":0,"reserved_stock":0,"customer_returns":0,"warehouse_damage":0,"lost_in_post":0,"other_logs":0,"out_stock_days":0,"lost_sales":0,"has_location":false,"update_date":"2026-04-27T06:49:08","atum_locations":[],"atum_stock_status":"instock","restock_status":false,"low_stock_amount":"","sales_update_date":"2025-10-09T03:22:29","calc_backorders":null,"_links":{"self":[{"href":"https:\/\/aromasentia.com\/no\/wp-json\/wp\/v2\/product\/207472","targetHints":{"allow":["GET"]}}],"collection":[{"href":"https:\/\/aromasentia.com\/no\/wp-json\/wp\/v2\/product"}],"about":[{"href":"https:\/\/aromasentia.com\/no\/wp-json\/wp\/v2\/types\/product"}],"replies":[{"embeddable":true,"href":"https:\/\/aromasentia.com\/no\/wp-json\/wp\/v2\/comments?post=207472"}],"version-history":[{"count":0,"href":"https:\/\/aromasentia.com\/no\/wp-json\/wp\/v2\/product\/207472\/revisions"}],"wp:featuredmedia":[{"embeddable":true,"href":"https:\/\/aromasentia.com\/no\/wp-json\/wp\/v2\/media\/642346"}],"wp:attachment":[{"href":"https:\/\/aromasentia.com\/no\/wp-json\/wp\/v2\/media?parent=207472"}],"wp:term":[{"taxonomy":"product_brand","embeddable":true,"href":"https:\/\/aromasentia.com\/no\/wp-json\/wp\/v2\/product_brand?post=207472"},{"taxonomy":"product_cat","embeddable":true,"href":"https:\/\/aromasentia.com\/no\/wp-json\/wp\/v2\/product_cat?post=207472"},{"taxonomy":"product_tag","embeddable":true,"href":"https:\/\/aromasentia.com\/no\/wp-json\/wp\/v2\/product_tag?post=207472"}],"curies":[{"name":"wp","href":"https:\/\/api.w.org\/{rel}","templated":true}]}}