{"id":207470,"date":"2025-03-20T16:14:01","date_gmt":"2025-03-20T16:14:01","guid":{"rendered":"https:\/\/aromasentia.com\/product\/hand-body-cream-japanese-bloom-300ml\/"},"modified":"2025-05-31T04:01:37","modified_gmt":"2025-05-31T04:01:37","slug":"hand-og-kroppskrem-japanese-bloom-300ml","status":"publish","type":"product","link":"https:\/\/aromasentia.com\/no\/hand-og-kroppskrem-japanese-bloom-300ml\/","title":{"rendered":"H\u00e5nd- Og Kroppskrem &#8211; Japanese Bloom &#8211; 300ml"},"content":{"rendered":"<p>Opplev Japans delikate eleganse med v\u00e5r h\u00e5nd- og kroppskrem &#8211; Japanese Bloom. Denne elegante kremen p\u00e5 300 ml gir beroligende fuktighet og etterlater huden myk, glatt og velstelt. Den er fylt med en rolig og subtil blomsterbukett som minner om kirseb\u00e6rblomster og fredelige hager, og den beroliger sansene og fremmer en f\u00f8lelse av oppmerksom ro. Den milde, n\u00e6rende formelen er perfekt for daglig bruk, og omslutter huden din med en aura av diskret skj\u00f8nnhet og ro.<\/p>\n","protected":false},"excerpt":{"rendered":"<p>Opplev Japans delikate eleganse med v\u00e5r h\u00e5nd- og kroppskrem &#8211; Japanese Bloom. Denne elegante kremen p\u00e5 300 ml gir beroligende fuktighet og etterlater huden myk, glatt og velstelt. Den er fylt med en rolig og subtil blomsterbukett som minner om kirseb\u00e6rblomster og fredelige hager, og den beroliger sansene og fremmer en f\u00f8lelse av oppmerksom ro. [&hellip;]<\/p>\n","protected":false},"featured_media":642330,"comment_status":"closed","ping_status":"open","template":"","meta":{"_angie_page":false},"product_brand":[27083],"product_cat":[9413,9550],"product_tag":[],"class_list":{"0":"post-207470","1":"product","2":"type-product","3":"status-publish","4":"has-post-thumbnail","6":"product_brand-agnes-and-cat","7":"product_cat-bad-spa-og-personlig-pleie","8":"product_cat-kroppspleie","9":"pa_collection-agnescat-hand-body-cream-no","10":"pa_made-in-storbritannia","11":"pa_size-300ml","13":"first","14":"instock","15":"purchasable","16":"product-type-simple"},"supplier_id":null,"supplier_sku":"ACBC-03","barcode":null,"atum_controlled":true,"out_stock_date":null,"out_stock_threshold":null,"inheritable":false,"inbound_stock":null,"stock_on_hold":0,"sold_today":0,"sales_last_days":0,"reserved_stock":null,"customer_returns":null,"warehouse_damage":null,"lost_in_post":null,"other_logs":null,"out_stock_days":0,"lost_sales":0,"has_location":null,"update_date":"2026-04-27T06:49:08","atum_locations":[],"atum_stock_status":"instock","restock_status":false,"low_stock_amount":"","sales_update_date":"2026-01-30T01:24:23","calc_backorders":null,"_links":{"self":[{"href":"https:\/\/aromasentia.com\/no\/wp-json\/wp\/v2\/product\/207470","targetHints":{"allow":["GET"]}}],"collection":[{"href":"https:\/\/aromasentia.com\/no\/wp-json\/wp\/v2\/product"}],"about":[{"href":"https:\/\/aromasentia.com\/no\/wp-json\/wp\/v2\/types\/product"}],"replies":[{"embeddable":true,"href":"https:\/\/aromasentia.com\/no\/wp-json\/wp\/v2\/comments?post=207470"}],"version-history":[{"count":0,"href":"https:\/\/aromasentia.com\/no\/wp-json\/wp\/v2\/product\/207470\/revisions"}],"wp:featuredmedia":[{"embeddable":true,"href":"https:\/\/aromasentia.com\/no\/wp-json\/wp\/v2\/media\/642330"}],"wp:attachment":[{"href":"https:\/\/aromasentia.com\/no\/wp-json\/wp\/v2\/media?parent=207470"}],"wp:term":[{"taxonomy":"product_brand","embeddable":true,"href":"https:\/\/aromasentia.com\/no\/wp-json\/wp\/v2\/product_brand?post=207470"},{"taxonomy":"product_cat","embeddable":true,"href":"https:\/\/aromasentia.com\/no\/wp-json\/wp\/v2\/product_cat?post=207470"},{"taxonomy":"product_tag","embeddable":true,"href":"https:\/\/aromasentia.com\/no\/wp-json\/wp\/v2\/product_tag?post=207470"}],"curies":[{"name":"wp","href":"https:\/\/api.w.org\/{rel}","templated":true}]}}