{"id":207469,"date":"2025-03-20T16:14:01","date_gmt":"2025-03-20T16:14:01","guid":{"rendered":"https:\/\/aromasentia.com\/product\/hand-body-cream-moroccan-roll-300ml\/"},"modified":"2025-05-31T04:01:34","modified_gmt":"2025-05-31T04:01:34","slug":"hand-og-kroppskrem-moroccan-roll-300ml","status":"publish","type":"product","link":"https:\/\/aromasentia.com\/no\/hand-og-kroppskrem-moroccan-roll-300ml\/","title":{"rendered":"H\u00e5nd- Og Kroppskrem &#8211; Moroccan Roll &#8211; 300ml"},"content":{"rendered":"<p>Legg ut p\u00e5 en eksotisk sansereise med v\u00e5r Hand &#038; Body Cream &#8211; Moroccan Roll. Denne overd\u00e5dige kremen p\u00e5 300 ml fukter og pleier huden p\u00e5 dypet, og omslutter den med et rikt teppe av varme, krydrede og spennende noter som minner om marokkanske basarer. Den luksuri\u00f8se konsistensen smelter inn i huden, gir varig fuktighet og etterlater den silkeglatt og eksotisk duftende. Forvandle din daglige hudpleie til et overd\u00e5dig ritual, og skjem bort sansene dine samtidig som du skjemmer bort huden din med denne fengslende og aromatiske godbiten.<\/p>\n","protected":false},"excerpt":{"rendered":"<p>Legg ut p\u00e5 en eksotisk sansereise med v\u00e5r Hand &#038; Body Cream &#8211; Moroccan Roll. Denne overd\u00e5dige kremen p\u00e5 300 ml fukter og pleier huden p\u00e5 dypet, og omslutter den med et rikt teppe av varme, krydrede og spennende noter som minner om marokkanske basarer. Den luksuri\u00f8se konsistensen smelter inn i huden, gir varig fuktighet [&hellip;]<\/p>\n","protected":false},"featured_media":642322,"comment_status":"closed","ping_status":"open","template":"","meta":{"_angie_page":false},"product_brand":[27083],"product_cat":[9413,9550],"product_tag":[],"class_list":{"0":"post-207469","1":"product","2":"type-product","3":"status-publish","4":"has-post-thumbnail","6":"product_brand-agnes-and-cat","7":"product_cat-bad-spa-og-personlig-pleie","8":"product_cat-kroppspleie","9":"pa_collection-agnescat-hand-body-cream-no","10":"pa_made-in-storbritannia","11":"pa_size-300ml","13":"first","14":"instock","15":"purchasable","16":"product-type-simple"},"supplier_id":null,"supplier_sku":"ACBC-04","barcode":null,"atum_controlled":true,"out_stock_date":null,"out_stock_threshold":null,"inheritable":false,"inbound_stock":null,"stock_on_hold":0,"sold_today":0,"sales_last_days":0,"reserved_stock":null,"customer_returns":null,"warehouse_damage":null,"lost_in_post":null,"other_logs":null,"out_stock_days":0,"lost_sales":0,"has_location":null,"update_date":"2026-04-27T06:49:08","atum_locations":[],"atum_stock_status":"instock","restock_status":false,"low_stock_amount":"","sales_update_date":"2026-01-30T01:25:45","calc_backorders":null,"_links":{"self":[{"href":"https:\/\/aromasentia.com\/no\/wp-json\/wp\/v2\/product\/207469","targetHints":{"allow":["GET"]}}],"collection":[{"href":"https:\/\/aromasentia.com\/no\/wp-json\/wp\/v2\/product"}],"about":[{"href":"https:\/\/aromasentia.com\/no\/wp-json\/wp\/v2\/types\/product"}],"replies":[{"embeddable":true,"href":"https:\/\/aromasentia.com\/no\/wp-json\/wp\/v2\/comments?post=207469"}],"version-history":[{"count":0,"href":"https:\/\/aromasentia.com\/no\/wp-json\/wp\/v2\/product\/207469\/revisions"}],"wp:featuredmedia":[{"embeddable":true,"href":"https:\/\/aromasentia.com\/no\/wp-json\/wp\/v2\/media\/642322"}],"wp:attachment":[{"href":"https:\/\/aromasentia.com\/no\/wp-json\/wp\/v2\/media?parent=207469"}],"wp:term":[{"taxonomy":"product_brand","embeddable":true,"href":"https:\/\/aromasentia.com\/no\/wp-json\/wp\/v2\/product_brand?post=207469"},{"taxonomy":"product_cat","embeddable":true,"href":"https:\/\/aromasentia.com\/no\/wp-json\/wp\/v2\/product_cat?post=207469"},{"taxonomy":"product_tag","embeddable":true,"href":"https:\/\/aromasentia.com\/no\/wp-json\/wp\/v2\/product_tag?post=207469"}],"curies":[{"name":"wp","href":"https:\/\/api.w.org\/{rel}","templated":true}]}}