{"id":207468,"date":"2025-03-20T16:14:01","date_gmt":"2025-03-20T16:14:01","guid":{"rendered":"https:\/\/aromasentia.com\/product\/hand-body-cream-white-fig-300ml\/"},"modified":"2025-05-31T04:01:31","modified_gmt":"2025-05-31T04:01:31","slug":"hand-og-kroppskrem-white-fig-300ml","status":"publish","type":"product","link":"https:\/\/aromasentia.com\/no\/hand-og-kroppskrem-white-fig-300ml\/","title":{"rendered":"H\u00e5nd- Og Kroppskrem &#8211; White Fig &#8211; 300ml"},"content":{"rendered":"<p>Unn deg den sofistikerte komforten til v\u00e5r Hand &#038; Body Cream &#8211; White Fig. Denne rikholdige kremen p\u00e5 300 ml gir intensiv fuktighet og kj\u00e6rtegner huden din med en vakkert balansert blanding av kremete, subtilt s\u00f8te fikennoter og friske gr\u00f8nne aromaer. Den n\u00e6rende formelen trekker lett inn i huden og etterlater den fl\u00f8yelsmyk, glatt og delikat parfymert med et streif av diskret eleganse. Perfekt for daglig velv\u00e6re, og forvandler den rutinemessige fuktighetsbehandlingen til et \u00f8yeblikk av luksuri\u00f8s, tr\u00f8stende egenpleie.<\/p>\n","protected":false},"excerpt":{"rendered":"<p>Unn deg den sofistikerte komforten til v\u00e5r Hand &#038; Body Cream &#8211; White Fig. Denne rikholdige kremen p\u00e5 300 ml gir intensiv fuktighet og kj\u00e6rtegner huden din med en vakkert balansert blanding av kremete, subtilt s\u00f8te fikennoter og friske gr\u00f8nne aromaer. Den n\u00e6rende formelen trekker lett inn i huden og etterlater den fl\u00f8yelsmyk, glatt og [&hellip;]<\/p>\n","protected":false},"featured_media":642314,"comment_status":"closed","ping_status":"open","template":"","meta":{"_angie_page":false},"product_brand":[27083],"product_cat":[9413,9550],"product_tag":[],"class_list":{"0":"post-207468","1":"product","2":"type-product","3":"status-publish","4":"has-post-thumbnail","6":"product_brand-agnes-and-cat","7":"product_cat-bad-spa-og-personlig-pleie","8":"product_cat-kroppspleie","9":"pa_collection-agnescat-hand-body-cream-no","10":"pa_made-in-storbritannia","11":"pa_size-300ml","13":"first","14":"instock","15":"purchasable","16":"product-type-simple"},"supplier_id":null,"supplier_sku":"ACBC-05","barcode":null,"atum_controlled":true,"out_stock_date":null,"out_stock_threshold":null,"inheritable":false,"inbound_stock":null,"stock_on_hold":0,"sold_today":0,"sales_last_days":0,"reserved_stock":null,"customer_returns":null,"warehouse_damage":null,"lost_in_post":null,"other_logs":null,"out_stock_days":0,"lost_sales":0,"has_location":null,"update_date":"2026-05-04T00:02:48","atum_locations":[],"atum_stock_status":"instock","restock_status":false,"low_stock_amount":"","sales_update_date":"2026-01-30T01:25:45","calc_backorders":null,"_links":{"self":[{"href":"https:\/\/aromasentia.com\/no\/wp-json\/wp\/v2\/product\/207468","targetHints":{"allow":["GET"]}}],"collection":[{"href":"https:\/\/aromasentia.com\/no\/wp-json\/wp\/v2\/product"}],"about":[{"href":"https:\/\/aromasentia.com\/no\/wp-json\/wp\/v2\/types\/product"}],"replies":[{"embeddable":true,"href":"https:\/\/aromasentia.com\/no\/wp-json\/wp\/v2\/comments?post=207468"}],"version-history":[{"count":0,"href":"https:\/\/aromasentia.com\/no\/wp-json\/wp\/v2\/product\/207468\/revisions"}],"wp:featuredmedia":[{"embeddable":true,"href":"https:\/\/aromasentia.com\/no\/wp-json\/wp\/v2\/media\/642314"}],"wp:attachment":[{"href":"https:\/\/aromasentia.com\/no\/wp-json\/wp\/v2\/media?parent=207468"}],"wp:term":[{"taxonomy":"product_brand","embeddable":true,"href":"https:\/\/aromasentia.com\/no\/wp-json\/wp\/v2\/product_brand?post=207468"},{"taxonomy":"product_cat","embeddable":true,"href":"https:\/\/aromasentia.com\/no\/wp-json\/wp\/v2\/product_cat?post=207468"},{"taxonomy":"product_tag","embeddable":true,"href":"https:\/\/aromasentia.com\/no\/wp-json\/wp\/v2\/product_tag?post=207468"}],"curies":[{"name":"wp","href":"https:\/\/api.w.org\/{rel}","templated":true}]}}