{"id":207467,"date":"2025-03-20T16:14:01","date_gmt":"2025-03-20T16:14:01","guid":{"rendered":"https:\/\/aromasentia.com\/product\/hand-body-cream-provence-300ml\/"},"modified":"2025-05-31T04:01:29","modified_gmt":"2025-05-31T04:01:29","slug":"hand-og-kroppskrem-provence-300ml","status":"publish","type":"product","link":"https:\/\/aromasentia.com\/no\/hand-og-kroppskrem-provence-300ml\/","title":{"rendered":"H\u00e5nd- Og Kroppskrem &#8211; Provence &#8211; 300ml"},"content":{"rendered":"<p>Ta sansene dine med til de solfylte markene i Frankrike med v\u00e5r Hand &#038; Body Cream &#8211; Provence. Denne luksuri\u00f8se kremen p\u00e5 300 ml gir huden din dyp n\u00e6ring og etterlater den myk, smidig og nydelig hydrert. Den klassiske, beroligende duften av lavendel og aromatiske urter som minner om det proven\u00e7alske landskapet, beroliger b\u00e5de hud og sjel. Skjem bort deg selv hver dag med denne rikholdige, ikke-fetende formelen for et \u00f8yeblikk av rolig overb\u00e6renhet og velduftende, myk hud.<\/p>\n","protected":false},"excerpt":{"rendered":"<p>Ta sansene dine med til de solfylte markene i Frankrike med v\u00e5r Hand &#038; Body Cream &#8211; Provence. Denne luksuri\u00f8se kremen p\u00e5 300 ml gir huden din dyp n\u00e6ring og etterlater den myk, smidig og nydelig hydrert. Den klassiske, beroligende duften av lavendel og aromatiske urter som minner om det proven\u00e7alske landskapet, beroliger b\u00e5de hud [&hellip;]<\/p>\n","protected":false},"featured_media":642306,"comment_status":"closed","ping_status":"open","template":"","meta":{"_angie_page":false},"product_brand":[27083],"product_cat":[9413,9550],"product_tag":[],"class_list":{"0":"post-207467","1":"product","2":"type-product","3":"status-publish","4":"has-post-thumbnail","6":"product_brand-agnes-and-cat","7":"product_cat-bad-spa-og-personlig-pleie","8":"product_cat-kroppspleie","9":"pa_collection-agnescat-hand-body-cream-no","10":"pa_made-in-storbritannia","11":"pa_size-300ml","13":"first","14":"instock","15":"purchasable","16":"product-type-simple"},"supplier_id":null,"supplier_sku":"ACBC-06","barcode":null,"atum_controlled":true,"out_stock_date":null,"out_stock_threshold":null,"inheritable":false,"inbound_stock":null,"stock_on_hold":0,"sold_today":0,"sales_last_days":0,"reserved_stock":null,"customer_returns":null,"warehouse_damage":null,"lost_in_post":null,"other_logs":null,"out_stock_days":0,"lost_sales":0,"has_location":null,"update_date":"2026-04-27T06:49:08","atum_locations":[],"atum_stock_status":"instock","restock_status":false,"low_stock_amount":"","sales_update_date":"2025-10-09T03:22:30","calc_backorders":null,"_links":{"self":[{"href":"https:\/\/aromasentia.com\/no\/wp-json\/wp\/v2\/product\/207467","targetHints":{"allow":["GET"]}}],"collection":[{"href":"https:\/\/aromasentia.com\/no\/wp-json\/wp\/v2\/product"}],"about":[{"href":"https:\/\/aromasentia.com\/no\/wp-json\/wp\/v2\/types\/product"}],"replies":[{"embeddable":true,"href":"https:\/\/aromasentia.com\/no\/wp-json\/wp\/v2\/comments?post=207467"}],"version-history":[{"count":0,"href":"https:\/\/aromasentia.com\/no\/wp-json\/wp\/v2\/product\/207467\/revisions"}],"wp:featuredmedia":[{"embeddable":true,"href":"https:\/\/aromasentia.com\/no\/wp-json\/wp\/v2\/media\/642306"}],"wp:attachment":[{"href":"https:\/\/aromasentia.com\/no\/wp-json\/wp\/v2\/media?parent=207467"}],"wp:term":[{"taxonomy":"product_brand","embeddable":true,"href":"https:\/\/aromasentia.com\/no\/wp-json\/wp\/v2\/product_brand?post=207467"},{"taxonomy":"product_cat","embeddable":true,"href":"https:\/\/aromasentia.com\/no\/wp-json\/wp\/v2\/product_cat?post=207467"},{"taxonomy":"product_tag","embeddable":true,"href":"https:\/\/aromasentia.com\/no\/wp-json\/wp\/v2\/product_tag?post=207467"}],"curies":[{"name":"wp","href":"https:\/\/api.w.org\/{rel}","templated":true}]}}