{"id":207466,"date":"2025-03-20T16:14:01","date_gmt":"2025-03-20T16:14:01","guid":{"rendered":"https:\/\/aromasentia.com\/product\/bath-fizzer-tea-and-roses\/"},"modified":"2025-05-31T04:01:22","modified_gmt":"2025-05-31T04:01:22","slug":"bath-fizzer-badebombe-te-og-roser","status":"publish","type":"product","link":"https:\/\/aromasentia.com\/no\/bath-fizzer-badebombe-te-og-roser\/","title":{"rendered":"Bath Fizzer Badebombe &#8211; Te Og Roser"},"content":{"rendered":"<p><span style=\"color: rgb(75, 80, 88);\"><strong>Te og roser<\/strong>Bath Fizzers kombinerer den fristende, rike blomsteraromaen fra roseblomst med de forfriskende undertonene fra energigivende gr\u00f8nne teblader. Denne flerlagsduften vil fengsle sansene dine! &nbsp;<\/span><\/p>\n<p><span style=\"color: rgb(75, 80, 88);\">Agnes and Cat Natural Bath Fizzes er parfymert med v\u00e5re husdufter og er et herlig alternativ til badebomber.&nbsp;<\/span><\/p>\n<p><span style=\"color: rgb(75, 80, 88);\">Hver brusev\u00e6ske leveres individuelt innpakket, <strong>kan brukes hel eller knekkes til to bad<\/strong>.&nbsp;<\/span><\/p>\n<p><span style=\"color: rgb(75, 80, 88);\">Agnes and Cat badebrusev\u00e6sker er alle<\/span><span style=\"color: rgb(149, 122, 101);\">&nbsp;<\/span><a href=\"https:\/\/aromasentia.com\/vegan\"><span style=\"color: rgb(149, 122, 101);\"><strong>veganvennlige<\/strong><\/span><\/a><span style=\"color: rgb(75, 80, 88);\"><strong>.<\/strong><\/span><\/p>\n<p><span style=\"color: rgb(75, 80, 88);\">V\u00e6r oppmerksom p\u00e5 at vekten og m\u00e5lene p\u00e5 brusekoppene er omtrentlige fordi produktet er h\u00e5ndlaget.<\/span><\/p>\n<p><span style=\"color: rgb(141, 186, 216);\"><strong>Legg til i portef\u00f8ljen din, tiltrekk nye kunder og kj\u00f8p for \u00e5 skape den ultimate baderomshimmelen i butikken din for kundene dine.<\/strong><\/span><\/p>\n","protected":false},"excerpt":{"rendered":"<p>Te og roserBath Fizzers kombinerer den fristende, rike blomsteraromaen fra roseblomst med de forfriskende undertonene fra energigivende gr\u00f8nne teblader. Denne flerlagsduften vil fengsle sansene dine! &nbsp; Agnes and Cat Natural Bath Fizzes er parfymert med v\u00e5re husdufter og er et herlig alternativ til badebomber.&nbsp; Hver brusev\u00e6ske leveres individuelt innpakket, kan brukes hel eller knekkes til [&hellip;]<\/p>\n","protected":false},"featured_media":271822,"comment_status":"closed","ping_status":"open","template":"","meta":{"_angie_page":false},"product_brand":[27083],"product_cat":[9413,9418,26834,25843,26366],"product_tag":[],"class_list":{"0":"post-207466","1":"product","2":"type-product","3":"status-publish","4":"has-post-thumbnail","6":"product_brand-agnes-and-cat","7":"product_cat-bad-spa-og-personlig-pleie","8":"product_cat-badebomber","9":"product_cat-blomster","10":"product_cat-dufter-aromaer","11":"product_cat-rose","12":"pa_collection-ac-fizzer-bath-bombs-two-in-one-no","13":"pa_made-in-storbritannia","15":"first","16":"instock","17":"purchasable","18":"product-type-simple"},"supplier_id":null,"supplier_sku":"ACBB-14DS","barcode":null,"atum_controlled":true,"out_stock_date":null,"out_stock_threshold":null,"inheritable":false,"inbound_stock":null,"stock_on_hold":0,"sold_today":0,"sales_last_days":0,"reserved_stock":null,"customer_returns":null,"warehouse_damage":null,"lost_in_post":null,"other_logs":null,"out_stock_days":0,"lost_sales":0,"has_location":null,"update_date":"2026-04-27T06:49:05","atum_locations":[],"atum_stock_status":"instock","restock_status":false,"low_stock_amount":"","sales_update_date":"2026-01-30T01:25:43","calc_backorders":null,"_links":{"self":[{"href":"https:\/\/aromasentia.com\/no\/wp-json\/wp\/v2\/product\/207466","targetHints":{"allow":["GET"]}}],"collection":[{"href":"https:\/\/aromasentia.com\/no\/wp-json\/wp\/v2\/product"}],"about":[{"href":"https:\/\/aromasentia.com\/no\/wp-json\/wp\/v2\/types\/product"}],"replies":[{"embeddable":true,"href":"https:\/\/aromasentia.com\/no\/wp-json\/wp\/v2\/comments?post=207466"}],"version-history":[{"count":0,"href":"https:\/\/aromasentia.com\/no\/wp-json\/wp\/v2\/product\/207466\/revisions"}],"wp:featuredmedia":[{"embeddable":true,"href":"https:\/\/aromasentia.com\/no\/wp-json\/wp\/v2\/media\/271822"}],"wp:attachment":[{"href":"https:\/\/aromasentia.com\/no\/wp-json\/wp\/v2\/media?parent=207466"}],"wp:term":[{"taxonomy":"product_brand","embeddable":true,"href":"https:\/\/aromasentia.com\/no\/wp-json\/wp\/v2\/product_brand?post=207466"},{"taxonomy":"product_cat","embeddable":true,"href":"https:\/\/aromasentia.com\/no\/wp-json\/wp\/v2\/product_cat?post=207466"},{"taxonomy":"product_tag","embeddable":true,"href":"https:\/\/aromasentia.com\/no\/wp-json\/wp\/v2\/product_tag?post=207466"}],"curies":[{"name":"wp","href":"https:\/\/api.w.org\/{rel}","templated":true}]}}