{"id":207465,"date":"2025-03-20T16:15:57","date_gmt":"2025-03-20T16:15:57","guid":{"rendered":"https:\/\/aromasentia.com\/product\/agnes-cat-wellness-gift-set-moroccan-morning\/"},"modified":"2025-05-31T04:01:19","modified_gmt":"2025-05-31T04:01:19","slug":"agnes-cat-wellness-gavesett-moroccan-morning","status":"publish","type":"product","link":"https:\/\/aromasentia.com\/no\/agnes-cat-wellness-gavesett-moroccan-morning\/","title":{"rendered":"Agnes &#038; Cat Wellness Gavesett &#8211; Moroccan Morning"},"content":{"rendered":"<p><span style=\"color: rgb(75, 80, 88);\"><strong>Agnes &#038; Cat Wellness Gavesett &#8211; Moroccan Morning <\/strong>inneholder:<\/span><\/p>\n<p><span style=\"color: rgb(75, 80, 88);\">&#8211; A&amp;C H\u00e5ndlaget 140g Kokosn\u00f8tts\u00e5pe &#8211; Moroccan Roll<\/span><\/p>\n<p><span style=\"color: rgb(75, 80, 88);\">&#8211; A&amp;C Moroccan Roll Solid Shampoo<\/span><\/p>\n<p><span style=\"color: rgb(75, 80, 88);\">&#8211; A&amp;C Leppepomade &#8211; Espresso Martini<\/span><\/p>\n<p><span style=\"color: rgb(75, 80, 88);\">&#8211; 10ml Roll-on Essential Oil Blend &#8211; FOCUS<\/span><\/p>\n","protected":false},"excerpt":{"rendered":"<p>Agnes &#038; Cat Wellness Gavesett &#8211; Moroccan Morning inneholder: &#8211; A&amp;C H\u00e5ndlaget 140g Kokosn\u00f8tts\u00e5pe &#8211; Moroccan Roll &#8211; A&amp;C Moroccan Roll Solid Shampoo &#8211; A&amp;C Leppepomade &#8211; Espresso Martini &#8211; 10ml Roll-on Essential Oil Blend &#8211; FOCUS<\/p>\n","protected":false},"featured_media":272313,"comment_status":"closed","ping_status":"open","template":"","meta":{"_angie_page":false},"product_brand":[27083],"product_cat":[9413],"product_tag":[],"class_list":{"0":"post-207465","1":"product","2":"type-product","3":"status-publish","4":"has-post-thumbnail","6":"product_brand-agnes-and-cat","7":"product_cat-bad-spa-og-personlig-pleie","8":"pa_collection-agnes-cat-gift-sets-no","9":"pa_made-in-storbritannia","11":"first","12":"instock","13":"purchasable","14":"product-type-simple"},"supplier_id":null,"supplier_sku":"ACGS-03","barcode":null,"atum_controlled":true,"out_stock_date":null,"out_stock_threshold":null,"inheritable":false,"inbound_stock":null,"stock_on_hold":0,"sold_today":0,"sales_last_days":0,"reserved_stock":null,"customer_returns":null,"warehouse_damage":null,"lost_in_post":null,"other_logs":null,"out_stock_days":0,"lost_sales":0,"has_location":null,"update_date":"2026-04-27T06:49:16","atum_locations":[],"atum_stock_status":"instock","restock_status":false,"low_stock_amount":"","sales_update_date":"2026-01-30T01:24:56","calc_backorders":null,"_links":{"self":[{"href":"https:\/\/aromasentia.com\/no\/wp-json\/wp\/v2\/product\/207465","targetHints":{"allow":["GET"]}}],"collection":[{"href":"https:\/\/aromasentia.com\/no\/wp-json\/wp\/v2\/product"}],"about":[{"href":"https:\/\/aromasentia.com\/no\/wp-json\/wp\/v2\/types\/product"}],"replies":[{"embeddable":true,"href":"https:\/\/aromasentia.com\/no\/wp-json\/wp\/v2\/comments?post=207465"}],"version-history":[{"count":0,"href":"https:\/\/aromasentia.com\/no\/wp-json\/wp\/v2\/product\/207465\/revisions"}],"wp:featuredmedia":[{"embeddable":true,"href":"https:\/\/aromasentia.com\/no\/wp-json\/wp\/v2\/media\/272313"}],"wp:attachment":[{"href":"https:\/\/aromasentia.com\/no\/wp-json\/wp\/v2\/media?parent=207465"}],"wp:term":[{"taxonomy":"product_brand","embeddable":true,"href":"https:\/\/aromasentia.com\/no\/wp-json\/wp\/v2\/product_brand?post=207465"},{"taxonomy":"product_cat","embeddable":true,"href":"https:\/\/aromasentia.com\/no\/wp-json\/wp\/v2\/product_cat?post=207465"},{"taxonomy":"product_tag","embeddable":true,"href":"https:\/\/aromasentia.com\/no\/wp-json\/wp\/v2\/product_tag?post=207465"}],"curies":[{"name":"wp","href":"https:\/\/api.w.org\/{rel}","templated":true}]}}