{"id":207456,"date":"2025-03-20T16:15:57","date_gmt":"2025-03-20T16:15:57","guid":{"rendered":"https:\/\/aromasentia.com\/product\/red-clay-face-mask-80g\/"},"modified":"2025-05-31T04:00:39","modified_gmt":"2025-05-31T04:00:39","slug":"red-clay-face-mask-80g","status":"publish","type":"product","link":"https:\/\/aromasentia.com\/no\/red-clay-face-mask-80g\/","title":{"rendered":"Red Clay Face Mask 80g"},"content":{"rendered":"<p>Revitaliser og lysne opp moden eller sliten hud med v\u00e5r Red Clay Face Mask. Denne 80 g-potten inneholder rik r\u00f8d leire, kjent for sitt h\u00f8ye innhold av jernoksid, som bidrar til \u00e5 oppfriske og revitalisere hudens utseende. Den er utmerket for \u00e5 forbedre hudtonen, redusere hevelser og fremme en sunn gl\u00f8d. R\u00f8d leire er spesielt gunstig for normal til t\u00f8rr eller moden hud, da den renser og mykgj\u00f8r huden sk\u00e5nsomt uten \u00e5 t\u00f8rke den ut, slik at den ser str\u00e5lende ut og f\u00f8les vidunderlig glatt.<\/p>\n","protected":false},"excerpt":{"rendered":"<p>Revitaliser og lysne opp moden eller sliten hud med v\u00e5r Red Clay Face Mask. Denne 80 g-potten inneholder rik r\u00f8d leire, kjent for sitt h\u00f8ye innhold av jernoksid, som bidrar til \u00e5 oppfriske og revitalisere hudens utseende. Den er utmerket for \u00e5 forbedre hudtonen, redusere hevelser og fremme en sunn gl\u00f8d. R\u00f8d leire er spesielt [&hellip;]<\/p>\n","protected":false},"featured_media":271936,"comment_status":"closed","ping_status":"open","template":"","meta":{"_angie_page":false},"product_brand":[27083],"product_cat":[9413,9521],"product_tag":[],"class_list":{"0":"post-207456","1":"product","2":"type-product","3":"status-publish","4":"has-post-thumbnail","6":"product_brand-agnes-and-cat","7":"product_cat-bad-spa-og-personlig-pleie","8":"product_cat-hudpleie","9":"pa_collection-ac-natural-clay-face-masks-no","10":"pa_made-in-frankrike","11":"pa_size-80g","13":"first","14":"instock","15":"purchasable","16":"product-type-simple"},"supplier_id":null,"supplier_sku":"ACFM-01DS","barcode":null,"atum_controlled":true,"out_stock_date":null,"out_stock_threshold":null,"inheritable":false,"inbound_stock":null,"stock_on_hold":0,"sold_today":0,"sales_last_days":0,"reserved_stock":null,"customer_returns":null,"warehouse_damage":null,"lost_in_post":null,"other_logs":null,"out_stock_days":0,"lost_sales":0,"has_location":null,"update_date":"2026-04-27T06:49:16","atum_locations":[],"atum_stock_status":"instock","restock_status":false,"low_stock_amount":"","sales_update_date":"2026-02-06T00:02:09","calc_backorders":null,"_links":{"self":[{"href":"https:\/\/aromasentia.com\/no\/wp-json\/wp\/v2\/product\/207456","targetHints":{"allow":["GET"]}}],"collection":[{"href":"https:\/\/aromasentia.com\/no\/wp-json\/wp\/v2\/product"}],"about":[{"href":"https:\/\/aromasentia.com\/no\/wp-json\/wp\/v2\/types\/product"}],"replies":[{"embeddable":true,"href":"https:\/\/aromasentia.com\/no\/wp-json\/wp\/v2\/comments?post=207456"}],"version-history":[{"count":0,"href":"https:\/\/aromasentia.com\/no\/wp-json\/wp\/v2\/product\/207456\/revisions"}],"wp:featuredmedia":[{"embeddable":true,"href":"https:\/\/aromasentia.com\/no\/wp-json\/wp\/v2\/media\/271936"}],"wp:attachment":[{"href":"https:\/\/aromasentia.com\/no\/wp-json\/wp\/v2\/media?parent=207456"}],"wp:term":[{"taxonomy":"product_brand","embeddable":true,"href":"https:\/\/aromasentia.com\/no\/wp-json\/wp\/v2\/product_brand?post=207456"},{"taxonomy":"product_cat","embeddable":true,"href":"https:\/\/aromasentia.com\/no\/wp-json\/wp\/v2\/product_cat?post=207456"},{"taxonomy":"product_tag","embeddable":true,"href":"https:\/\/aromasentia.com\/no\/wp-json\/wp\/v2\/product_tag?post=207456"}],"curies":[{"name":"wp","href":"https:\/\/api.w.org\/{rel}","templated":true}]}}