{"id":207455,"date":"2025-03-20T16:15:57","date_gmt":"2025-03-20T16:15:57","guid":{"rendered":"https:\/\/aromasentia.com\/product\/green-clay-face-mask-80g\/"},"modified":"2025-05-31T04:00:35","modified_gmt":"2025-05-31T04:00:35","slug":"ansiktsmaske-med-gronn-leire-80g","status":"publish","type":"product","link":"https:\/\/aromasentia.com\/no\/ansiktsmaske-med-gronn-leire-80g\/","title":{"rendered":"Ansiktsmaske med Gr\u00f8nn Leire 80g"},"content":{"rendered":"<p>Balanser og avgift huden din med v\u00e5r ansiktsmaske med gr\u00f8nn leire. Denne 80 g-beholderen med fransk gr\u00f8nn leire er kjent for sine kraftig absorberende egenskaper, noe som gj\u00f8r den sv\u00e6rt effektiv for fet, kombinert og uren hud. Den fungerer som en magnet som trekker ut urenheter, giftstoffer og overfl\u00f8dig olje fra porene, samtidig som den gir en sk\u00e5nsom eksfoliering. Regelmessig bruk bidrar til \u00e5 tone, klarne og revitalisere huden, slik at den f\u00f8les frisk, ren og vakkert balansert med en sunn gl\u00f8d.<\/p>\n","protected":false},"excerpt":{"rendered":"<p>Balanser og avgift huden din med v\u00e5r ansiktsmaske med gr\u00f8nn leire. Denne 80 g-beholderen med fransk gr\u00f8nn leire er kjent for sine kraftig absorberende egenskaper, noe som gj\u00f8r den sv\u00e6rt effektiv for fet, kombinert og uren hud. Den fungerer som en magnet som trekker ut urenheter, giftstoffer og overfl\u00f8dig olje fra porene, samtidig som den [&hellip;]<\/p>\n","protected":false},"featured_media":271927,"comment_status":"closed","ping_status":"open","template":"","meta":{"_angie_page":false},"product_brand":[27083],"product_cat":[9413,9521],"product_tag":[],"class_list":{"0":"post-207455","1":"product","2":"type-product","3":"status-publish","4":"has-post-thumbnail","6":"product_brand-agnes-and-cat","7":"product_cat-bad-spa-og-personlig-pleie","8":"product_cat-hudpleie","9":"pa_collection-ac-natural-clay-face-masks-no","10":"pa_made-in-frankrike","11":"pa_size-80g","13":"first","14":"instock","15":"purchasable","16":"product-type-simple"},"supplier_id":null,"supplier_sku":"ACFM-02DS","barcode":null,"atum_controlled":true,"out_stock_date":null,"out_stock_threshold":null,"inheritable":false,"inbound_stock":null,"stock_on_hold":0,"sold_today":0,"sales_last_days":0,"reserved_stock":null,"customer_returns":null,"warehouse_damage":null,"lost_in_post":null,"other_logs":null,"out_stock_days":0,"lost_sales":0,"has_location":null,"update_date":"2026-04-27T06:49:16","atum_locations":[],"atum_stock_status":"instock","restock_status":false,"low_stock_amount":"","sales_update_date":"2026-01-30T01:25:58","calc_backorders":null,"_links":{"self":[{"href":"https:\/\/aromasentia.com\/no\/wp-json\/wp\/v2\/product\/207455","targetHints":{"allow":["GET"]}}],"collection":[{"href":"https:\/\/aromasentia.com\/no\/wp-json\/wp\/v2\/product"}],"about":[{"href":"https:\/\/aromasentia.com\/no\/wp-json\/wp\/v2\/types\/product"}],"replies":[{"embeddable":true,"href":"https:\/\/aromasentia.com\/no\/wp-json\/wp\/v2\/comments?post=207455"}],"version-history":[{"count":0,"href":"https:\/\/aromasentia.com\/no\/wp-json\/wp\/v2\/product\/207455\/revisions"}],"wp:featuredmedia":[{"embeddable":true,"href":"https:\/\/aromasentia.com\/no\/wp-json\/wp\/v2\/media\/271927"}],"wp:attachment":[{"href":"https:\/\/aromasentia.com\/no\/wp-json\/wp\/v2\/media?parent=207455"}],"wp:term":[{"taxonomy":"product_brand","embeddable":true,"href":"https:\/\/aromasentia.com\/no\/wp-json\/wp\/v2\/product_brand?post=207455"},{"taxonomy":"product_cat","embeddable":true,"href":"https:\/\/aromasentia.com\/no\/wp-json\/wp\/v2\/product_cat?post=207455"},{"taxonomy":"product_tag","embeddable":true,"href":"https:\/\/aromasentia.com\/no\/wp-json\/wp\/v2\/product_tag?post=207455"}],"curies":[{"name":"wp","href":"https:\/\/api.w.org\/{rel}","templated":true}]}}