{"id":207454,"date":"2025-03-20T16:15:57","date_gmt":"2025-03-20T16:15:57","guid":{"rendered":"https:\/\/aromasentia.com\/product\/pink-clay-face-mask-50g\/"},"modified":"2025-05-31T04:00:31","modified_gmt":"2025-05-31T04:00:31","slug":"rosa-leire-ansiktsmaske-50g","status":"publish","type":"product","link":"https:\/\/aromasentia.com\/no\/rosa-leire-ansiktsmaske-50g\/","title":{"rendered":"Rosa Leire Ansiktsmaske 50g"},"content":{"rendered":"<p>Rens og berolige sensitiv hud med v\u00e5r ansiktsmaske med rosa leire. Denne 50 g-potten inneholder delikat rosa leire, som er kjent for sine milde eksfolierende og mykgj\u00f8rende egenskaper. Den er rik p\u00e5 silika og bidrar til \u00e5 forbedre hudens elastisitet og cellefornyelse, noe som gj\u00f8r den ideell for sensitiv, moden eller dehydrert hud. Den fjerner sk\u00e5nsomt urenheter uten \u00e5 fjerne hudens naturlige fuktighet, og etterlater en rolig, oppfrisket og str\u00e5lende hud. En perfekt, bortskjemmende behandling for en sk\u00e5nsom, men effektiv detox.<\/p>\n","protected":false},"excerpt":{"rendered":"<p>Rens og berolige sensitiv hud med v\u00e5r ansiktsmaske med rosa leire. Denne 50 g-potten inneholder delikat rosa leire, som er kjent for sine milde eksfolierende og mykgj\u00f8rende egenskaper. Den er rik p\u00e5 silika og bidrar til \u00e5 forbedre hudens elastisitet og cellefornyelse, noe som gj\u00f8r den ideell for sensitiv, moden eller dehydrert hud. Den fjerner [&hellip;]<\/p>\n","protected":false},"featured_media":271918,"comment_status":"closed","ping_status":"open","template":"","meta":{"_angie_page":false},"product_brand":[27083],"product_cat":[9413,9521],"product_tag":[],"class_list":{"0":"post-207454","1":"product","2":"type-product","3":"status-publish","4":"has-post-thumbnail","6":"product_brand-agnes-and-cat","7":"product_cat-bad-spa-og-personlig-pleie","8":"product_cat-hudpleie","9":"pa_collection-ac-natural-clay-face-masks-no","10":"pa_made-in-frankrike","12":"first","13":"instock","14":"purchasable","15":"product-type-simple"},"supplier_id":null,"supplier_sku":"ACFM-03DS","barcode":null,"atum_controlled":true,"out_stock_date":null,"out_stock_threshold":null,"inheritable":false,"inbound_stock":null,"stock_on_hold":0,"sold_today":0,"sales_last_days":0,"reserved_stock":null,"customer_returns":null,"warehouse_damage":null,"lost_in_post":null,"other_logs":null,"out_stock_days":0,"lost_sales":0,"has_location":null,"update_date":"2026-04-27T06:49:16","atum_locations":[],"atum_stock_status":"instock","restock_status":false,"low_stock_amount":"","sales_update_date":"2026-01-20T05:14:28","calc_backorders":null,"_links":{"self":[{"href":"https:\/\/aromasentia.com\/no\/wp-json\/wp\/v2\/product\/207454","targetHints":{"allow":["GET"]}}],"collection":[{"href":"https:\/\/aromasentia.com\/no\/wp-json\/wp\/v2\/product"}],"about":[{"href":"https:\/\/aromasentia.com\/no\/wp-json\/wp\/v2\/types\/product"}],"replies":[{"embeddable":true,"href":"https:\/\/aromasentia.com\/no\/wp-json\/wp\/v2\/comments?post=207454"}],"version-history":[{"count":0,"href":"https:\/\/aromasentia.com\/no\/wp-json\/wp\/v2\/product\/207454\/revisions"}],"wp:featuredmedia":[{"embeddable":true,"href":"https:\/\/aromasentia.com\/no\/wp-json\/wp\/v2\/media\/271918"}],"wp:attachment":[{"href":"https:\/\/aromasentia.com\/no\/wp-json\/wp\/v2\/media?parent=207454"}],"wp:term":[{"taxonomy":"product_brand","embeddable":true,"href":"https:\/\/aromasentia.com\/no\/wp-json\/wp\/v2\/product_brand?post=207454"},{"taxonomy":"product_cat","embeddable":true,"href":"https:\/\/aromasentia.com\/no\/wp-json\/wp\/v2\/product_cat?post=207454"},{"taxonomy":"product_tag","embeddable":true,"href":"https:\/\/aromasentia.com\/no\/wp-json\/wp\/v2\/product_tag?post=207454"}],"curies":[{"name":"wp","href":"https:\/\/api.w.org\/{rel}","templated":true}]}}