{"id":207453,"date":"2025-03-20T16:15:57","date_gmt":"2025-03-20T16:15:57","guid":{"rendered":"https:\/\/aromasentia.com\/product\/fuller-earth-face-mask-80g\/"},"modified":"2025-05-31T04:00:27","modified_gmt":"2025-05-31T04:00:27","slug":"fuller-earth-ansiktsmaske-80g","status":"publish","type":"product","link":"https:\/\/aromasentia.com\/no\/fuller-earth-ansiktsmaske-80g\/","title":{"rendered":"Fuller Earth Ansiktsmaske 80g"},"content":{"rendered":"<p>Rens og foredle hudfargen din med v\u00e5r Fuller Earth Face Mask. Denne 80 g-potten med naturlig leire, ogs\u00e5 kjent som Multani Mitti, er kjent for sine eksepsjonelle oljeabsorberende og dybderensende egenskaper. Den er ideell for fet og akneutsatt hud, og bidrar til \u00e5 trekke ut urenheter, tette porene og redusere overfl\u00f8dig talg, slik at huden f\u00f8les klar, glatt og oppfrisket. Bland med vann eller blomstervann for \u00e5 skape en kraftig, rensende behandling som gir en klarere og mer balansert hud.<\/p>\n","protected":false},"excerpt":{"rendered":"<p>Rens og foredle hudfargen din med v\u00e5r Fuller Earth Face Mask. Denne 80 g-potten med naturlig leire, ogs\u00e5 kjent som Multani Mitti, er kjent for sine eksepsjonelle oljeabsorberende og dybderensende egenskaper. Den er ideell for fet og akneutsatt hud, og bidrar til \u00e5 trekke ut urenheter, tette porene og redusere overfl\u00f8dig talg, slik at huden [&hellip;]<\/p>\n","protected":false},"featured_media":271909,"comment_status":"closed","ping_status":"open","template":"","meta":{"_angie_page":false},"product_brand":[27083],"product_cat":[9413,9521],"product_tag":[],"class_list":{"0":"post-207453","1":"product","2":"type-product","3":"status-publish","4":"has-post-thumbnail","6":"product_brand-agnes-and-cat","7":"product_cat-bad-spa-og-personlig-pleie","8":"product_cat-hudpleie","9":"pa_collection-ac-natural-clay-face-masks-no","10":"pa_made-in-storbritannia","11":"pa_size-80g","13":"first","14":"instock","15":"purchasable","16":"product-type-simple"},"supplier_id":null,"supplier_sku":"ACFM-04DS","barcode":null,"atum_controlled":true,"out_stock_date":null,"out_stock_threshold":null,"inheritable":false,"inbound_stock":null,"stock_on_hold":0,"sold_today":0,"sales_last_days":0,"reserved_stock":null,"customer_returns":null,"warehouse_damage":null,"lost_in_post":null,"other_logs":null,"out_stock_days":0,"lost_sales":0,"has_location":null,"update_date":"2026-04-27T06:49:16","atum_locations":[],"atum_stock_status":"instock","restock_status":false,"low_stock_amount":"","sales_update_date":"2026-01-30T01:26:19","calc_backorders":null,"_links":{"self":[{"href":"https:\/\/aromasentia.com\/no\/wp-json\/wp\/v2\/product\/207453","targetHints":{"allow":["GET"]}}],"collection":[{"href":"https:\/\/aromasentia.com\/no\/wp-json\/wp\/v2\/product"}],"about":[{"href":"https:\/\/aromasentia.com\/no\/wp-json\/wp\/v2\/types\/product"}],"replies":[{"embeddable":true,"href":"https:\/\/aromasentia.com\/no\/wp-json\/wp\/v2\/comments?post=207453"}],"version-history":[{"count":0,"href":"https:\/\/aromasentia.com\/no\/wp-json\/wp\/v2\/product\/207453\/revisions"}],"wp:featuredmedia":[{"embeddable":true,"href":"https:\/\/aromasentia.com\/no\/wp-json\/wp\/v2\/media\/271909"}],"wp:attachment":[{"href":"https:\/\/aromasentia.com\/no\/wp-json\/wp\/v2\/media?parent=207453"}],"wp:term":[{"taxonomy":"product_brand","embeddable":true,"href":"https:\/\/aromasentia.com\/no\/wp-json\/wp\/v2\/product_brand?post=207453"},{"taxonomy":"product_cat","embeddable":true,"href":"https:\/\/aromasentia.com\/no\/wp-json\/wp\/v2\/product_cat?post=207453"},{"taxonomy":"product_tag","embeddable":true,"href":"https:\/\/aromasentia.com\/no\/wp-json\/wp\/v2\/product_tag?post=207453"}],"curies":[{"name":"wp","href":"https:\/\/api.w.org\/{rel}","templated":true}]}}