{"id":207451,"date":"2025-03-20T16:15:57","date_gmt":"2025-03-20T16:15:57","guid":{"rendered":"https:\/\/aromasentia.com\/product\/ac-fairy-dust-500g-clementine\/"},"modified":"2025-06-28T22:42:10","modified_gmt":"2025-06-28T22:42:10","slug":"clementine-aogc-fairy-dust-500g","status":"publish","type":"product","link":"https:\/\/aromasentia.com\/no\/clementine-aogc-fairy-dust-500g\/","title":{"rendered":"Clementine AOgC Fairy Dust 500g"},"content":{"rendered":"<p>Slapp av og koble av med <strong>Agnes og Cat Fairy Dust<\/strong>. I likhet med badebruseren v\u00e5r, vil v\u00e5rt fe-st\u00f8vpulver tilf\u00f8re duft og brus til badet ditt. Duftene v\u00e5re er n\u00f8ye utvalgt for \u00e5 gi deg den ultimate badeopplevelsen og er laget av <strong>britiske duftoljer<\/strong> av h\u00f8y kvalitet. Ferske sitrus- og klementin-fe-st\u00f8v er laget med <strong>rene essensielle oljer<\/strong>.<\/p>\n<p>Disse vakre fe-st\u00f8vene lages i sm\u00e5 partier i produksjonsrommet v\u00e5rt i Sheffield. Teamet v\u00e5rt tilsetter litt farget salte i pulveret for \u00e5 gi badet litt farge, og de har ogs\u00e5 litt kakaosm\u00f8r i blandingen for \u00e5 mykgj\u00f8re huden din forsiktig. De vil gi huden din en guddommelig og supermyk duft! &nbsp;V\u00e5rt fe-st\u00f8vpulver er vegansk.<\/p>\n<p><strong>Alle fe-st\u00f8v kommer i en Kilner-krukke av glass som kan brukes om igjen n\u00e5r den er t\u00f8mt, og med en treskje for presentasjon og bruk som m\u00e5leverkt\u00f8y. Hver krukke inneholder 500 g fe-st\u00f8v pakket i en vakker kraftgaveeske. &nbsp;&nbsp;<\/p>\n<p><strong>BRUKSANVISNING:<\/strong> Tilsett 2\u20134 skjeer i et varmt bad for \u00e5 oppn\u00e5 \u00f8nsket duftintensitet. Hver krukke b\u00f8r vare i 4\u20135 bad.<\/p>\n<p><span style=\"color: rgb(141, 186, 216);\"><strong>Legg til i portef\u00f8ljen n\u00e5 og gi kundene dine en uforglemmelig badetid.<\/strong><\/span><\/p>\n","protected":false},"excerpt":{"rendered":"<p>Slapp av og koble av med Agnes og Cat Fairy Dust. I likhet med badebruseren v\u00e5r, vil v\u00e5rt fe-st\u00f8vpulver tilf\u00f8re duft og brus til badet ditt. Duftene v\u00e5re er n\u00f8ye utvalgt for \u00e5 gi deg den ultimate badeopplevelsen og er laget av britiske duftoljer av h\u00f8y kvalitet. Ferske sitrus- og klementin-fe-st\u00f8v er laget med rene [&hellip;]<\/p>\n","protected":false},"featured_media":271891,"comment_status":"closed","ping_status":"open","template":"","meta":{"_angie_page":false},"product_brand":[27083],"product_cat":[9413,9466],"product_tag":[],"class_list":{"0":"post-207451","1":"product","2":"type-product","3":"status-publish","4":"has-post-thumbnail","6":"product_brand-agnes-and-cat","7":"product_cat-bad-spa-og-personlig-pleie","8":"product_cat-badesalt","9":"pa_collection-ac-fairy-dust-500g-no","10":"pa_made-in-storbritannia","11":"pa_size-500g","13":"first","14":"instock","15":"purchasable","16":"product-type-simple"},"supplier_id":null,"supplier_sku":"ACFD-07DS","barcode":null,"atum_controlled":true,"out_stock_date":null,"out_stock_threshold":null,"inheritable":false,"inbound_stock":null,"stock_on_hold":0,"sold_today":0,"sales_last_days":0,"reserved_stock":null,"customer_returns":null,"warehouse_damage":null,"lost_in_post":null,"other_logs":null,"out_stock_days":0,"lost_sales":0,"has_location":null,"update_date":"2026-04-27T06:49:16","atum_locations":[],"atum_stock_status":"instock","restock_status":false,"low_stock_amount":"","sales_update_date":"2026-01-30T01:25:58","calc_backorders":null,"_links":{"self":[{"href":"https:\/\/aromasentia.com\/no\/wp-json\/wp\/v2\/product\/207451","targetHints":{"allow":["GET"]}}],"collection":[{"href":"https:\/\/aromasentia.com\/no\/wp-json\/wp\/v2\/product"}],"about":[{"href":"https:\/\/aromasentia.com\/no\/wp-json\/wp\/v2\/types\/product"}],"replies":[{"embeddable":true,"href":"https:\/\/aromasentia.com\/no\/wp-json\/wp\/v2\/comments?post=207451"}],"version-history":[{"count":0,"href":"https:\/\/aromasentia.com\/no\/wp-json\/wp\/v2\/product\/207451\/revisions"}],"wp:featuredmedia":[{"embeddable":true,"href":"https:\/\/aromasentia.com\/no\/wp-json\/wp\/v2\/media\/271891"}],"wp:attachment":[{"href":"https:\/\/aromasentia.com\/no\/wp-json\/wp\/v2\/media?parent=207451"}],"wp:term":[{"taxonomy":"product_brand","embeddable":true,"href":"https:\/\/aromasentia.com\/no\/wp-json\/wp\/v2\/product_brand?post=207451"},{"taxonomy":"product_cat","embeddable":true,"href":"https:\/\/aromasentia.com\/no\/wp-json\/wp\/v2\/product_cat?post=207451"},{"taxonomy":"product_tag","embeddable":true,"href":"https:\/\/aromasentia.com\/no\/wp-json\/wp\/v2\/product_tag?post=207451"}],"curies":[{"name":"wp","href":"https:\/\/api.w.org\/{rel}","templated":true}]}}