{"id":207434,"date":"2025-03-20T16:17:26","date_gmt":"2025-03-20T16:17:26","guid":{"rendered":"https:\/\/aromasentia.com\/product\/140g-handmade-soap-tea-roses\/"},"modified":"2025-05-31T03:59:25","modified_gmt":"2025-05-31T03:59:25","slug":"handlaget-sape-140g-tea-roses","status":"publish","type":"product","link":"https:\/\/aromasentia.com\/no\/handlaget-sape-140g-tea-roses\/","title":{"rendered":"H\u00e5ndlaget S\u00e5pe 140g &#8211; Tea &#038; Roses"},"content":{"rendered":"<p>Unn deg den klassiske elegansen i v\u00e5r 140 g h\u00e5ndlagde s\u00e5pe &#8211; Tea &#038; Roses. Denne sofistikerte h\u00e5ndverkss\u00e5pen forener den raffinerte, milde duften av nybrygget te med den tidl\u00f8se, romantiske duften av blomstrende roser. Den er h\u00e5ndlaget for \u00e5 rense og skjemme bort, og skaper et rolig og innbydende skum som beroliger b\u00e5de hud og sjel. En luksuri\u00f8s daglig behandling som etterlater huden myk, delikat parfymert og vidunderlig beroliget av den harmoniske og grasi\u00f8se duften.<\/p>\n","protected":false},"excerpt":{"rendered":"<p>Unn deg den klassiske elegansen i v\u00e5r 140 g h\u00e5ndlagde s\u00e5pe &#8211; Tea &#038; Roses. Denne sofistikerte h\u00e5ndverkss\u00e5pen forener den raffinerte, milde duften av nybrygget te med den tidl\u00f8se, romantiske duften av blomstrende roser. Den er h\u00e5ndlaget for \u00e5 rense og skjemme bort, og skaper et rolig og innbydende skum som beroliger b\u00e5de hud og [&hellip;]<\/p>\n","protected":false},"featured_media":272450,"comment_status":"closed","ping_status":"open","template":"","meta":{"_angie_page":false},"product_brand":[27083],"product_cat":[9413,26834,25843,9439,26366],"product_tag":[],"class_list":{"0":"post-207434","1":"product","2":"type-product","3":"status-publish","4":"has-post-thumbnail","6":"product_brand-agnes-and-cat","7":"product_cat-bad-spa-og-personlig-pleie","8":"product_cat-blomster","9":"product_cat-dufter-aromaer","10":"product_cat-okologiske-saper","11":"product_cat-rose","12":"pa_collection-hand-made-soaps-140g-no","13":"pa_made-in-storbritannia","14":"pa_size-140g","16":"first","17":"instock","18":"purchasable","19":"product-type-simple"},"supplier_id":null,"supplier_sku":"ACHS-15DS","barcode":null,"atum_controlled":true,"out_stock_date":null,"out_stock_threshold":null,"inheritable":false,"inbound_stock":null,"stock_on_hold":0,"sold_today":0,"sales_last_days":0,"reserved_stock":null,"customer_returns":null,"warehouse_damage":null,"lost_in_post":null,"other_logs":null,"out_stock_days":0,"lost_sales":0,"has_location":null,"update_date":"2026-04-27T06:49:21","atum_locations":[],"atum_stock_status":"instock","restock_status":false,"low_stock_amount":"","sales_update_date":"2026-01-30T01:25:47","calc_backorders":null,"_links":{"self":[{"href":"https:\/\/aromasentia.com\/no\/wp-json\/wp\/v2\/product\/207434","targetHints":{"allow":["GET"]}}],"collection":[{"href":"https:\/\/aromasentia.com\/no\/wp-json\/wp\/v2\/product"}],"about":[{"href":"https:\/\/aromasentia.com\/no\/wp-json\/wp\/v2\/types\/product"}],"replies":[{"embeddable":true,"href":"https:\/\/aromasentia.com\/no\/wp-json\/wp\/v2\/comments?post=207434"}],"version-history":[{"count":0,"href":"https:\/\/aromasentia.com\/no\/wp-json\/wp\/v2\/product\/207434\/revisions"}],"wp:featuredmedia":[{"embeddable":true,"href":"https:\/\/aromasentia.com\/no\/wp-json\/wp\/v2\/media\/272450"}],"wp:attachment":[{"href":"https:\/\/aromasentia.com\/no\/wp-json\/wp\/v2\/media?parent=207434"}],"wp:term":[{"taxonomy":"product_brand","embeddable":true,"href":"https:\/\/aromasentia.com\/no\/wp-json\/wp\/v2\/product_brand?post=207434"},{"taxonomy":"product_cat","embeddable":true,"href":"https:\/\/aromasentia.com\/no\/wp-json\/wp\/v2\/product_cat?post=207434"},{"taxonomy":"product_tag","embeddable":true,"href":"https:\/\/aromasentia.com\/no\/wp-json\/wp\/v2\/product_tag?post=207434"}],"curies":[{"name":"wp","href":"https:\/\/api.w.org\/{rel}","templated":true}]}}