{"id":207424,"date":"2025-03-20T16:17:57","date_gmt":"2025-03-20T16:17:57","guid":{"rendered":"https:\/\/aromasentia.com\/product\/pack-of-500g-bath-salt-tea-tree-lime\/"},"modified":"2025-06-28T22:42:05","modified_gmt":"2025-06-28T22:42:05","slug":"tea-tree-og-lime-badesalt-500g","status":"publish","type":"product","link":"https:\/\/aromasentia.com\/no\/tea-tree-og-lime-badesalt-500g\/","title":{"rendered":"Tea Tree Og Lime Badesalt 500g"},"content":{"rendered":"<p><span style=\"color: rgb(75, 80, 88);\">Vi introduserer uparfymert <strong>Himalayan tea tree &amp; Limebadesalt!<\/strong><\/span><\/p>\n<p><span style=\"color: rgb(75, 80, 88);\"><strong>Gj\u00f8r badeopplevelsen din bedre:<\/strong><\/span><\/p>\n<p><span style=\"color: rgb(75, 80, 88);\">Fordyp deg i den rene essensen av Himalayasalt, beriket med 100 % rene eteriske oljer fra tea tree og lime, supplert med nattlysolje.<\/span><\/p>\n<p><span style=\"color: rgb(75, 80, 88);\"><strong>Forfrisk og lad opp:<\/strong><\/span><\/p>\n<p><span style=\"color: rgb(75, 80, 88);\">La den forfriskende duften av eteriske oljer fra tea tree og lime klarne tankene dine og lade opp energien din mens du slapper av i badekaret. Tea tree-oljens antibakterielle og betennelsesdempende egenskaper kan bidra til \u00e5 opprettholde en klar og sunn hud.<\/span><\/p>\n<p><span style=\"color: rgb(75, 80, 88);\"><strong>Omfavn den oppl\u00f8ftende aromaterapien:<\/strong><\/span><\/p>\n<p><span style=\"color: rgb(75, 80, 88);\">La den hum\u00f8rl\u00f8ftende aromaen l\u00f8fte hum\u00f8ret og forynge sansene dine, og skape en revitaliserende badeopplevelse.<\/span><\/p>\n<p><span style=\"color: rgb(75, 80, 88);\"><strong>En tidl\u00f8s tradisjon:<\/strong><\/span><\/p>\n<p><span style=\"color: rgb(75, 80, 88);\">Omfavn den eldgamle visdommen om saltbad, verdsatt for sine bemerkelsesverdige helsefordeler siden antikkens Hellas. <strong>500g-posene<\/strong> med badesalt kommer elegant pakket i en eske, komplett med en praktisk treskje for n\u00f8yaktige m\u00e5linger, noe som gj\u00f8r dem til en omtenksom gave til enhver anledning.<\/span><\/p>\n<p><span style=\"color: rgb(75, 80, 88);\"><strong>Enkel nytelse:<\/strong><\/span><\/p>\n<p><span style=\"color: rgb(75, 80, 88);\">Oppn\u00e5 en spa-lignende opplevelse i ditt eget hjem. <strong>Bare ha to skjeer med badesalt i badekaret, la det l\u00f8se seg opp, og la avslapningen begynne.<\/strong><\/span><\/p>\n<p><span style=\"color: rgb(75, 80, 88);\"><strong>Milj\u00f8bevisst merknad:<\/strong><\/span><\/p>\n<p><span style=\"color: rgb(75, 80, 88);\">V\u00e6r oppmerksom p\u00e5 at selv om vi streber etter \u00e5 tilby kvalitetsprodukter, er posen inni esken som inneholder saltene laget av plast, noe som gj\u00f8r dette produktet <strong>ikke helt plastfritt.<\/strong><\/span><\/p>\n<p><span style=\"color: rgb(75, 80, 88);\">Forbedre din egenpleierutine med v\u00e5r <strong>Energizing Tea Tree &amp; Lime-badesaltblanding.<\/strong><\/span> <\/p>\n<p><span style=\"color: rgb(75, 80, 88);\"><strong>Legg ut p\u00e5 en reise mot sunnere og mer str\u00e5lende hud.<\/strong><\/span><\/p>\n","protected":false},"excerpt":{"rendered":"<p>Vi introduserer uparfymert Himalayan tea tree &amp; Limebadesalt! Gj\u00f8r badeopplevelsen din bedre: Fordyp deg i den rene essensen av Himalayasalt, beriket med 100 % rene eteriske oljer fra tea tree og lime, supplert med nattlysolje. Forfrisk og lad opp: La den forfriskende duften av eteriske oljer fra tea tree og lime klarne tankene dine og [&hellip;]<\/p>\n","protected":false},"featured_media":272864,"comment_status":"closed","ping_status":"open","template":"","meta":{"_angie_page":false},"product_brand":[27083],"product_cat":[9413,9466,25843,26257,26869,26820,26407],"product_tag":[],"class_list":{"0":"post-207424","1":"product","2":"type-product","3":"status-publish","4":"has-post-thumbnail","6":"product_brand-agnes-and-cat","7":"product_cat-bad-spa-og-personlig-pleie","8":"product_cat-badesalt","9":"product_cat-dufter-aromaer","10":"product_cat-lime","11":"product_cat-medisinsk-kamferaktig","12":"product_cat-sitrus","13":"product_cat-tea-tree-tetre","14":"pa_collection-ac-bath-salts-500g-no","15":"pa_made-in-storbritannia","16":"pa_size-500g","18":"first","19":"instock","20":"purchasable","21":"product-type-simple"},"supplier_id":null,"supplier_sku":"ACSalt-08DS","barcode":null,"atum_controlled":true,"out_stock_date":null,"out_stock_threshold":null,"inheritable":false,"inbound_stock":null,"stock_on_hold":0,"sold_today":0,"sales_last_days":0,"reserved_stock":null,"customer_returns":null,"warehouse_damage":null,"lost_in_post":null,"other_logs":null,"out_stock_days":0,"lost_sales":0,"has_location":null,"update_date":"2026-04-29T05:08:47","atum_locations":[],"atum_stock_status":"instock","restock_status":false,"low_stock_amount":"","sales_update_date":"2025-10-09T03:23:09","calc_backorders":null,"_links":{"self":[{"href":"https:\/\/aromasentia.com\/no\/wp-json\/wp\/v2\/product\/207424","targetHints":{"allow":["GET"]}}],"collection":[{"href":"https:\/\/aromasentia.com\/no\/wp-json\/wp\/v2\/product"}],"about":[{"href":"https:\/\/aromasentia.com\/no\/wp-json\/wp\/v2\/types\/product"}],"replies":[{"embeddable":true,"href":"https:\/\/aromasentia.com\/no\/wp-json\/wp\/v2\/comments?post=207424"}],"version-history":[{"count":0,"href":"https:\/\/aromasentia.com\/no\/wp-json\/wp\/v2\/product\/207424\/revisions"}],"wp:featuredmedia":[{"embeddable":true,"href":"https:\/\/aromasentia.com\/no\/wp-json\/wp\/v2\/media\/272864"}],"wp:attachment":[{"href":"https:\/\/aromasentia.com\/no\/wp-json\/wp\/v2\/media?parent=207424"}],"wp:term":[{"taxonomy":"product_brand","embeddable":true,"href":"https:\/\/aromasentia.com\/no\/wp-json\/wp\/v2\/product_brand?post=207424"},{"taxonomy":"product_cat","embeddable":true,"href":"https:\/\/aromasentia.com\/no\/wp-json\/wp\/v2\/product_cat?post=207424"},{"taxonomy":"product_tag","embeddable":true,"href":"https:\/\/aromasentia.com\/no\/wp-json\/wp\/v2\/product_tag?post=207424"}],"curies":[{"name":"wp","href":"https:\/\/api.w.org\/{rel}","templated":true}]}}