{"id":207423,"date":"2025-03-20T16:17:57","date_gmt":"2025-03-20T16:17:57","guid":{"rendered":"https:\/\/aromasentia.com\/product\/pack-of-500g-bath-salt-grapefruit-geranium\/"},"modified":"2025-06-28T22:42:05","modified_gmt":"2025-06-28T22:42:05","slug":"grapefrukt-og-geranium-badesalt-500g","status":"publish","type":"product","link":"https:\/\/aromasentia.com\/no\/grapefrukt-og-geranium-badesalt-500g\/","title":{"rendered":"Grapefrukt Og Geranium Badesalt 500g"},"content":{"rendered":"<p><span style=\"color: rgb(75, 80, 88);\">Vi introduserer uparfymert Himalaya-grapefrukt og -melk. Geranium badesalt!<\/strong><\/span><\/p>\n<p><span style=\"color: rgb(75, 80, 88);\"><strong>G\u00e5 badeopplevelsen din til et bedre niv\u00e5:<\/strong><\/span><\/p>\n<p><span style=\"color: rgb(75, 80, 88);\">Fordyp deg i den mineralrike omfavnelsen av Himalayasalt, blandet med 100 % ren grapefrukt- og geraniumolje, forbedret med n\u00e6rende vitamin E-olje og beroligende kamilleblomster.<\/span><\/p>\n<p><span style=\"color: rgb(75, 80, 88);\"><strong>Forny og balanser:<\/strong><\/span><\/p>\n<p><span style=\"color: rgb(75, 80, 88);\">Vekk sansene dine med den forfriskende duften av grapefrukt- og geraniumoljer, kjent for sine antibakterielle og antioksidantegenskaper. Denne saltblandingen kan bli det perfekte tilskuddet til ditt daglige baderitual, og den fornyer huden din og gir en f\u00f8lelse av balanse og ro for kropp og sinn.<\/span><\/p>\n<p><span style=\"color: rgb(75, 80, 88);\"><strong>Omfavn den forfriskende aromaterapien:<\/strong><\/span><\/p>\n<p><span style=\"color: rgb(75, 80, 88);\">La den revitaliserende aromaen f\u00f8re deg til en tilstand av foryngelse og velv\u00e6re mens du suger til deg dagens bekymringer.<\/span><\/p>\n<p><span style=\"color: rgb(75, 80, 88);\"><strong>En tidl\u00f8s tradisjon:<\/strong><\/span><\/p>\n<p><span style=\"color: rgb(75, 80, 88);\">Omfavn den eldgamle visdommen om saltbad, verdsatt for sine bemerkelsesverdige helsefordeler siden antikkens Hellas. <strong>500g-posene<\/strong> med badesalt kommer elegant pakket i en eske, komplett med en praktisk treskje for n\u00f8yaktige m\u00e5linger, noe som gj\u00f8r dem til en omtenksom gave til enhver anledning.<\/span><\/p>\n<p><span style=\"color: rgb(75, 80, 88);\"><strong>Enkel nytelse:<\/strong><\/span><\/p>\n<p><span style=\"color: rgb(75, 80, 88);\">Oppn\u00e5 en spa-lignende opplevelse i ditt eget hjem. <strong>Bare tilsett to skjeer med badesalt i badekaret, la det l\u00f8se seg opp, og la avslapningen begynne.<\/strong><\/span><\/p>\n<p><span style=\"color: rgb(75, 80, 88);\"><strong>Milj\u00f8bevisst merknad:<\/strong><\/span><\/p>\n<p><span style=\"color: rgb(75, 80, 88);\">V\u00e6r oppmerksom p\u00e5 at selv om vi streber etter \u00e5 tilby kvalitetsprodukter, er posen inni esken som inneholder saltene laget av plast, noe som gj\u00f8r dette produktet <strong>ikke helt plastfritt.<\/strong><\/span><\/p>\n<p><span style=\"color: rgb(75, 80, 88);\">Forbedre din egenpleierutine med v\u00e5r Revitaliserende<\/span><strong><span style=\"color: rgb(75, 80, 88);\">Grapefrukt og Blanding av geraniumbadesalt.<\/span><\/strong><\/p>\n<p><span style=\"color: rgb(75, 80, 88);\"><strong>Legg ut p\u00e5 en reise mot sunnere og mer str\u00e5lende hud.<\/strong><\/span><\/p>\n","protected":false},"excerpt":{"rendered":"<p>Vi introduserer uparfymert Himalaya-grapefrukt og -melk. Geranium badesalt! G\u00e5 badeopplevelsen din til et bedre niv\u00e5: Fordyp deg i den mineralrike omfavnelsen av Himalayasalt, blandet med 100 % ren grapefrukt- og geraniumolje, forbedret med n\u00e6rende vitamin E-olje og beroligende kamilleblomster. Forny og balanser: Vekk sansene dine med den forfriskende duften av grapefrukt- og geraniumoljer, kjent for [&hellip;]<\/p>\n","protected":false},"featured_media":272855,"comment_status":"closed","ping_status":"open","template":"","meta":{"_angie_page":false},"product_brand":[27083],"product_cat":[9413,9466,26834,25843,26187,26203,26820],"product_tag":[],"class_list":{"0":"post-207423","1":"product","2":"type-product","3":"status-publish","4":"has-post-thumbnail","6":"product_brand-agnes-and-cat","7":"product_cat-bad-spa-og-personlig-pleie","8":"product_cat-badesalt","9":"product_cat-blomster","10":"product_cat-dufter-aromaer","11":"product_cat-geranium","12":"product_cat-grapefrukt","13":"product_cat-sitrus","14":"pa_collection-ac-bath-salts-500g-no","15":"pa_made-in-storbritannia","16":"pa_size-500g","18":"first","19":"instock","20":"purchasable","21":"product-type-simple"},"supplier_id":null,"supplier_sku":"ACSalt-07DS","barcode":null,"atum_controlled":true,"out_stock_date":null,"out_stock_threshold":null,"inheritable":false,"inbound_stock":null,"stock_on_hold":0,"sold_today":0,"sales_last_days":0,"reserved_stock":null,"customer_returns":null,"warehouse_damage":null,"lost_in_post":null,"other_logs":null,"out_stock_days":0,"lost_sales":0,"has_location":null,"update_date":"2026-04-27T06:50:12","atum_locations":[],"atum_stock_status":"instock","restock_status":false,"low_stock_amount":"","sales_update_date":"2025-10-09T03:23:09","calc_backorders":null,"_links":{"self":[{"href":"https:\/\/aromasentia.com\/no\/wp-json\/wp\/v2\/product\/207423","targetHints":{"allow":["GET"]}}],"collection":[{"href":"https:\/\/aromasentia.com\/no\/wp-json\/wp\/v2\/product"}],"about":[{"href":"https:\/\/aromasentia.com\/no\/wp-json\/wp\/v2\/types\/product"}],"replies":[{"embeddable":true,"href":"https:\/\/aromasentia.com\/no\/wp-json\/wp\/v2\/comments?post=207423"}],"version-history":[{"count":0,"href":"https:\/\/aromasentia.com\/no\/wp-json\/wp\/v2\/product\/207423\/revisions"}],"wp:featuredmedia":[{"embeddable":true,"href":"https:\/\/aromasentia.com\/no\/wp-json\/wp\/v2\/media\/272855"}],"wp:attachment":[{"href":"https:\/\/aromasentia.com\/no\/wp-json\/wp\/v2\/media?parent=207423"}],"wp:term":[{"taxonomy":"product_brand","embeddable":true,"href":"https:\/\/aromasentia.com\/no\/wp-json\/wp\/v2\/product_brand?post=207423"},{"taxonomy":"product_cat","embeddable":true,"href":"https:\/\/aromasentia.com\/no\/wp-json\/wp\/v2\/product_cat?post=207423"},{"taxonomy":"product_tag","embeddable":true,"href":"https:\/\/aromasentia.com\/no\/wp-json\/wp\/v2\/product_tag?post=207423"}],"curies":[{"name":"wp","href":"https:\/\/api.w.org\/{rel}","templated":true}]}}