{"id":207422,"date":"2025-03-20T16:17:57","date_gmt":"2025-03-20T16:17:57","guid":{"rendered":"https:\/\/aromasentia.com\/product\/pack-of-500g-bath-salt-lemon-ginger-orange\/"},"modified":"2025-06-28T22:42:04","modified_gmt":"2025-06-28T22:42:04","slug":"sitron-ingefaer-og-appelsin-badesalt-500g","status":"publish","type":"product","link":"https:\/\/aromasentia.com\/no\/sitron-ingefaer-og-appelsin-badesalt-500g\/","title":{"rendered":"Sitron, Ingef\u00e6r Og Appelsin Badesalt 500g"},"content":{"rendered":"<p><span style=\"color: rgb(75, 80, 88);\">Vi introduserer uparfymert Himalayasalt tilsatt 100 % rene essensielle oljer av sitron, ingef\u00e6r og appelsin med avokadoolje og ringblomster. !&nbsp;<\/strong><\/span><\/p>\n<p><span style=\"color: rgb(75, 80, 88);\"><strong>Forbedre badeopplevelsen din:<\/strong><\/span><\/p>\n<p><span style=\"color: rgb(75, 80, 88);\">Fordyp deg i den revitaliserende blandingen av Himalayasalt, tilsatt 100 % ren sitron-, ingef\u00e6r- og appelsinolje, beriket med n\u00e6rende avokadoolje og duftende ringblomster.<\/span><\/p>\n<p><span style=\"color: rgb(75, 80, 88);\"><strong>Revitaliser og foryng deg:<\/strong><\/span><\/p>\n<p><span style=\"color: rgb(75, 80, 88);\">Opplev de oppl\u00f8ftende fordelene med denne aromatiske saltblandingen. Den kan bidra til \u00e5 lindre angst, forbedre hum\u00f8ret og fremme sunn, gl\u00f8dende hud. Et kveldsbad i denne forfriskende blandingen vil gi deg en f\u00f8lelse av full oppladet og forfrisket f\u00f8lelse om morgenen.<\/span><\/p>\n<p><span style=\"color: rgb(75, 80, 88);\"><strong>Omfavn den friske aromaterapien:<\/strong><\/span><\/p>\n<p><span style=\"color: rgb(75, 80, 88);\">La den friske aromaen transportere deg til en tilstand av revitalisering og velv\u00e6re, mens du suger bort dagens stress.<\/span><\/p>\n<p><span style=\"color: rgb(75, 80, 88);\"><strong>En tidl\u00f8s tradisjon:<\/strong><\/span><\/p>\n<p><span style=\"color: rgb(75, 80, 88);\">Omfavn den eldgamle visdommen om saltbad, verdsatt for sine bemerkelsesverdige helsefordeler siden antikkens Hellas. <strong>500g-posene<\/strong> med badesalt kommer elegant pakket i en eske, komplett med en praktisk treskje for n\u00f8yaktige m\u00e5linger, noe som gj\u00f8r dem til en omtenksom gave til enhver anledning.<\/span><\/p>\n<p><span style=\"color: rgb(75, 80, 88);\"><strong>Enkel nytelse:<\/strong><\/span><\/p>\n<p><span style=\"color: rgb(75, 80, 88);\">Oppn\u00e5 en spa-lignende opplevelse i ditt eget hjem. <strong>Bare tilsett to skjeer med badesalt i badekaret, la det l\u00f8se seg opp, og la avslapningen begynne.<\/strong><\/span><\/p>\n<p><span style=\"color: rgb(75, 80, 88);\"><strong>Milj\u00f8bevisst merknad:<\/strong><\/span><\/p>\n<p><span style=\"color: rgb(75, 80, 88);\">V\u00e6r oppmerksom p\u00e5 at selv om vi streber etter \u00e5 tilby kvalitetsprodukter, er posen inni esken som inneholder saltene laget av plast, noe som gj\u00f8r dette produktet <strong>ikke helt plastfritt.<\/strong><\/span><\/p>\n<p>Forbedre din egenpleierutine med v\u00e5r forfriskende<strong>&nbsp;<\/strong><strong>Sitron, ingef\u00e6r og Oransje <\/strong><strong><strong>Badesaltblanding.<\/strong><\/strong><\/p>\n<p><span style=\"color: rgb(75, 80, 88);\"><strong>Legg ut p\u00e5 en reise mot sunnere og mer str\u00e5lende hud.<\/strong><\/span><\/p>\n","protected":false},"excerpt":{"rendered":"<p>Vi introduserer uparfymert Himalayasalt tilsatt 100 % rene essensielle oljer av sitron, ingef\u00e6r og appelsin med avokadoolje og ringblomster. !&nbsp; Forbedre badeopplevelsen din: Fordyp deg i den revitaliserende blandingen av Himalayasalt, tilsatt 100 % ren sitron-, ingef\u00e6r- og appelsinolje, beriket med n\u00e6rende avokadoolje og duftende ringblomster. Revitaliser og foryng deg: Opplev de oppl\u00f8ftende fordelene med [&hellip;]<\/p>\n","protected":false},"featured_media":272846,"comment_status":"closed","ping_status":"open","template":"","meta":{"_angie_page":false},"product_brand":[27083],"product_cat":[26306,9413,9466,25843,26193,26890,26239,26820],"product_tag":[],"class_list":{"0":"post-207422","1":"product","2":"type-product","3":"status-publish","4":"has-post-thumbnail","6":"product_brand-agnes-and-cat","7":"product_cat-appelsin","8":"product_cat-bad-spa-og-personlig-pleie","9":"product_cat-badesalt","10":"product_cat-dufter-aromaer","11":"product_cat-ingefaer","12":"product_cat-krydret","13":"product_cat-sitron","14":"product_cat-sitrus","15":"pa_collection-ac-bath-salts-500g-no","16":"pa_made-in-storbritannia","17":"pa_size-500g","19":"first","20":"instock","21":"purchasable","22":"product-type-simple"},"supplier_id":null,"supplier_sku":"ACSalt-06DS","barcode":null,"atum_controlled":true,"out_stock_date":null,"out_stock_threshold":null,"inheritable":false,"inbound_stock":null,"stock_on_hold":0,"sold_today":0,"sales_last_days":0,"reserved_stock":null,"customer_returns":null,"warehouse_damage":null,"lost_in_post":null,"other_logs":null,"out_stock_days":0,"lost_sales":0,"has_location":null,"update_date":"2026-04-27T06:50:12","atum_locations":[],"atum_stock_status":"instock","restock_status":false,"low_stock_amount":"","sales_update_date":"2025-10-09T03:23:09","calc_backorders":null,"_links":{"self":[{"href":"https:\/\/aromasentia.com\/no\/wp-json\/wp\/v2\/product\/207422","targetHints":{"allow":["GET"]}}],"collection":[{"href":"https:\/\/aromasentia.com\/no\/wp-json\/wp\/v2\/product"}],"about":[{"href":"https:\/\/aromasentia.com\/no\/wp-json\/wp\/v2\/types\/product"}],"replies":[{"embeddable":true,"href":"https:\/\/aromasentia.com\/no\/wp-json\/wp\/v2\/comments?post=207422"}],"version-history":[{"count":0,"href":"https:\/\/aromasentia.com\/no\/wp-json\/wp\/v2\/product\/207422\/revisions"}],"wp:featuredmedia":[{"embeddable":true,"href":"https:\/\/aromasentia.com\/no\/wp-json\/wp\/v2\/media\/272846"}],"wp:attachment":[{"href":"https:\/\/aromasentia.com\/no\/wp-json\/wp\/v2\/media?parent=207422"}],"wp:term":[{"taxonomy":"product_brand","embeddable":true,"href":"https:\/\/aromasentia.com\/no\/wp-json\/wp\/v2\/product_brand?post=207422"},{"taxonomy":"product_cat","embeddable":true,"href":"https:\/\/aromasentia.com\/no\/wp-json\/wp\/v2\/product_cat?post=207422"},{"taxonomy":"product_tag","embeddable":true,"href":"https:\/\/aromasentia.com\/no\/wp-json\/wp\/v2\/product_tag?post=207422"}],"curies":[{"name":"wp","href":"https:\/\/api.w.org\/{rel}","templated":true}]}}