{"id":207420,"date":"2025-03-20T16:17:57","date_gmt":"2025-03-20T16:17:57","guid":{"rendered":"https:\/\/aromasentia.com\/product\/pack-of-500g-bath-salt-lavender-himalayan\/"},"modified":"2025-06-28T22:42:00","modified_gmt":"2025-06-28T22:42:00","slug":"lavendel-himalaya-badesalt-500g","status":"publish","type":"product","link":"https:\/\/aromasentia.com\/no\/lavendel-himalaya-badesalt-500g\/","title":{"rendered":"Lavendel Himalaya Badesalt 500g"},"content":{"rendered":"<p><span style=\"color: rgb(75, 80, 88);\"><strong>Vi introduserer uparfymert lavendelbadesalt!<\/strong><\/span><\/p>\n<p><span style=\"color: rgb(75, 80, 88);\"><strong>Fordyp deg i ro:<\/strong><\/span><\/p>\n<p><span style=\"color: rgb(75, 80, 88);\">Opplev den beroligende omfavnelsen av v\u00e5rt Himalayasalt tilsatt 100 % ren lavendel eterisk olje, n\u00e6rende jojobaolje og delikate lavendelfr\u00f8.<\/span><\/p>\n<p><span style=\"color: rgb(75, 80, 88);\"><strong>\u00d8k ditt velv\u00e6re:<\/strong><\/span><\/p>\n<p><span style=\"color: rgb(75, 80, 88);\">Unn deg et luksuri\u00f8st bad fylt med den aromatiske blandingen, designet for \u00e5 hjelpe deg med \u00e5 slappe av og forbedre deg hum\u00f8ret ditt etter en krevende dag. Lavendel eterisk olje, kjent for sine beroligende egenskaper, kan ogs\u00e5 gi lindring fra angst og forbedre s\u00f8vnkvaliteten din.<\/span><\/p>\n<p><span style=\"color: rgb(75, 80, 88);\"><strong>En tidl\u00f8s tradisjon:<\/strong><\/span><\/p>\n<p><span style=\"color: rgb(75, 80, 88);\">Omfavn den eldgamle visdommen om saltbad, verdsatt for sine bemerkelsesverdige helsefordeler siden antikkens Hellas. <strong>500g-posene<\/strong> med badesalt kommer elegant pakket i en eske, komplett med en praktisk treskje for n\u00f8yaktige m\u00e5linger, noe som gj\u00f8r dem til en omtenksom gave til enhver anledning.<\/span><\/p>\n<p><span style=\"color: rgb(75, 80, 88);\"><strong>Enkel nytelse:<\/strong><\/span><\/p>\n<p><span style=\"color: rgb(75, 80, 88);\">Oppn\u00e5 en spa-lignende opplevelse i ditt eget hjem. <strong>Bare ha to skjeer med badesalt i badekaret, la det l\u00f8se seg opp, og la avslapningen begynne.<\/strong><\/span><\/p>\n<p><span style=\"color: rgb(75, 80, 88);\"><strong>Milj\u00f8bevisst merknad:<\/strong><\/span><\/p>\n<p><span style=\"color: rgb(75, 80, 88);\">V\u00e6r oppmerksom p\u00e5 at selv om vi streber etter \u00e5 tilby kvalitetsprodukter, er posen inni esken som inneholder saltene laget av plast, noe som gj\u00f8r dette produktet <strong>ikke helt plastfritt.<\/strong><\/span><\/p>\n<p><span style=\"color: rgb(75, 80, 88);\">L\u00f8ft baderitualet ditt med v\u00e5rt <strong>Lavendelbadesalt<\/strong>. <strong>Oppdag den foryngende kraften i naturens overflod.<\/strong><\/span><\/p>\n<p><span style=\"color: rgb(75, 80, 88);\"><strong>Legg ut p\u00e5 en reise mot sunnere og mer str\u00e5lende hud.<\/strong><\/span><\/p>\n","protected":false},"excerpt":{"rendered":"<p>Vi introduserer uparfymert lavendelbadesalt! Fordyp deg i ro: Opplev den beroligende omfavnelsen av v\u00e5rt Himalayasalt tilsatt 100 % ren lavendel eterisk olje, n\u00e6rende jojobaolje og delikate lavendelfr\u00f8. \u00d8k ditt velv\u00e6re: Unn deg et luksuri\u00f8st bad fylt med den aromatiske blandingen, designet for \u00e5 hjelpe deg med \u00e5 slappe av og forbedre deg hum\u00f8ret ditt etter [&hellip;]<\/p>\n","protected":false},"featured_media":272828,"comment_status":"closed","ping_status":"open","template":"","meta":{"_angie_page":false},"product_brand":[27083],"product_cat":[9413,9466,26834,25843,26232],"product_tag":[],"class_list":{"0":"post-207420","1":"product","2":"type-product","3":"status-publish","4":"has-post-thumbnail","6":"product_brand-agnes-and-cat","7":"product_cat-bad-spa-og-personlig-pleie","8":"product_cat-badesalt","9":"product_cat-blomster","10":"product_cat-dufter-aromaer","11":"product_cat-lavendel","12":"pa_collection-ac-bath-salts-500g-no","13":"pa_made-in-storbritannia","14":"pa_size-500g","16":"first","17":"instock","18":"purchasable","19":"product-type-simple"},"supplier_id":null,"supplier_sku":"ACSalt-04DS","barcode":null,"atum_controlled":true,"out_stock_date":null,"out_stock_threshold":null,"inheritable":false,"inbound_stock":0,"stock_on_hold":0,"sold_today":0,"sales_last_days":0,"reserved_stock":0,"customer_returns":0,"warehouse_damage":0,"lost_in_post":0,"other_logs":0,"out_stock_days":0,"lost_sales":0,"has_location":false,"update_date":"2026-05-08T05:02:36","atum_locations":[],"atum_stock_status":"instock","restock_status":false,"low_stock_amount":"","sales_update_date":"2025-10-09T03:23:09","calc_backorders":null,"_links":{"self":[{"href":"https:\/\/aromasentia.com\/no\/wp-json\/wp\/v2\/product\/207420","targetHints":{"allow":["GET"]}}],"collection":[{"href":"https:\/\/aromasentia.com\/no\/wp-json\/wp\/v2\/product"}],"about":[{"href":"https:\/\/aromasentia.com\/no\/wp-json\/wp\/v2\/types\/product"}],"replies":[{"embeddable":true,"href":"https:\/\/aromasentia.com\/no\/wp-json\/wp\/v2\/comments?post=207420"}],"version-history":[{"count":0,"href":"https:\/\/aromasentia.com\/no\/wp-json\/wp\/v2\/product\/207420\/revisions"}],"wp:featuredmedia":[{"embeddable":true,"href":"https:\/\/aromasentia.com\/no\/wp-json\/wp\/v2\/media\/272828"}],"wp:attachment":[{"href":"https:\/\/aromasentia.com\/no\/wp-json\/wp\/v2\/media?parent=207420"}],"wp:term":[{"taxonomy":"product_brand","embeddable":true,"href":"https:\/\/aromasentia.com\/no\/wp-json\/wp\/v2\/product_brand?post=207420"},{"taxonomy":"product_cat","embeddable":true,"href":"https:\/\/aromasentia.com\/no\/wp-json\/wp\/v2\/product_cat?post=207420"},{"taxonomy":"product_tag","embeddable":true,"href":"https:\/\/aromasentia.com\/no\/wp-json\/wp\/v2\/product_tag?post=207420"}],"curies":[{"name":"wp","href":"https:\/\/api.w.org\/{rel}","templated":true}]}}