{"id":207417,"date":"2025-03-20T16:17:57","date_gmt":"2025-03-20T16:17:57","guid":{"rendered":"https:\/\/aromasentia.com\/product\/pack-of-500g-bath-salt-dead-sea\/"},"modified":"2025-06-28T22:41:58","modified_gmt":"2025-06-28T22:41:58","slug":"dodehavet-badesalt-500g","status":"publish","type":"product","link":"https:\/\/aromasentia.com\/no\/dodehavet-badesalt-500g\/","title":{"rendered":"D\u00f8dehavet Badesalt 500g"},"content":{"rendered":"<p><span style=\"color: rgb(75, 80, 88);\">Vi introduserer uparfymert D\u00f8dehavsbadesalt!<\/span><\/p>\n<p><span style=\"color: rgb(75, 80, 88);\"><strong>Revitaliser huden din:<\/strong><\/span><\/p>\n<p><span style=\"color: rgb(75, 80, 88);\">D\u00f8dehavsbadesalt er et naturlig kraftverk, kjent for sin evne til \u00e5 hydrere, eksfoliere og regenerere huden. Opplev de transformerende effektene mens huden din nyter fordelene med dette mineralrike vidunderet.<\/span><\/p>\n<p><span style=\"color: rgb(75, 80, 88);\"><strong>L\u00e5s opp hemmelighetene bak ungdommelig hud:<\/strong><\/span><\/p>\n<p><span style=\"color: rgb(75, 80, 88);\">Med potensielle antialdringsegenskaper, forbedret hudhydrering og betennelsesreduksjon, kan v\u00e5rt badesalt v\u00e6re ditt hemmelige v\u00e5pen for \u00e5 opprettholde ungdommelig, str\u00e5lende hud.<\/span><\/p>\n<p><span style=\"color: rgb(75, 80, 88);\"><strong>En tidl\u00f8s tradisjon:<\/strong><\/span><\/p>\n<p><span style=\"color: rgb(75, 80, 88);\">Omfavn den eldgamle visdommen om saltbad, verdsatt for sine bemerkelsesverdige helsefordeler siden antikkens Hellas. <strong>500g-posene<\/strong> med badesalt kommer elegant pakket i en eske, komplett med en praktisk treskje for n\u00f8yaktige m\u00e5linger, noe som gj\u00f8r dem til en omtenksom gave til enhver anledning.<\/span><\/p>\n<p><span style=\"color: rgb(75, 80, 88);\"><strong>Enkel nytelse:<\/strong><\/span><\/p>\n<p><span style=\"color: rgb(75, 80, 88);\">Oppn\u00e5 en spa-lignende opplevelse i ditt eget hjem. Bare ha to skjeer med badesalt i badekaret, la det l\u00f8se seg opp, og la avslapningen begynne.<\/span><\/p>\n<p><span style=\"color: rgb(75, 80, 88);\"><strong>Milj\u00f8bevisst merknad:<\/strong><\/span><\/p>\n<p><span style=\"color: rgb(75, 80, 88);\">V\u00e6r oppmerksom p\u00e5 at selv om vi streber etter \u00e5 tilby kvalitetsprodukter, er posen inni esken som inneholder saltene laget av plast, noe som gj\u00f8r dette produktet <strong>ikke helt plastfritt.<\/strong><\/span><\/p>\n<p><span style=\"color: rgb(75, 80, 88);\">Forbedre din egenpleierutine med v\u00e5rt <strong>uparfymerte D\u00f8dehavsbadesalt og oppdag de ekstraordin\u00e6re fordelene for deg selv. <\/strong><\/span><\/p>\n<p><span style=\"color: rgb(75, 80, 88);\"><strong>Legg ut p\u00e5 en reise mot sunnere og mer str\u00e5lende hud.<\/strong><\/span><\/p>\n","protected":false},"excerpt":{"rendered":"<p>Vi introduserer uparfymert D\u00f8dehavsbadesalt! Revitaliser huden din: D\u00f8dehavsbadesalt er et naturlig kraftverk, kjent for sin evne til \u00e5 hydrere, eksfoliere og regenerere huden. Opplev de transformerende effektene mens huden din nyter fordelene med dette mineralrike vidunderet. L\u00e5s opp hemmelighetene bak ungdommelig hud: Med potensielle antialdringsegenskaper, forbedret hudhydrering og betennelsesreduksjon, kan v\u00e5rt badesalt v\u00e6re ditt hemmelige [&hellip;]<\/p>\n","protected":false},"featured_media":272801,"comment_status":"closed","ping_status":"open","template":"","meta":{"_angie_page":false},"product_brand":[27083],"product_cat":[9413,9466],"product_tag":[],"class_list":{"0":"post-207417","1":"product","2":"type-product","3":"status-publish","4":"has-post-thumbnail","6":"product_brand-agnes-and-cat","7":"product_cat-bad-spa-og-personlig-pleie","8":"product_cat-badesalt","9":"pa_collection-ac-bath-salts-500g-no","10":"pa_made-in-storbritannia","11":"pa_size-500g","13":"first","14":"instock","15":"purchasable","16":"product-type-simple"},"supplier_id":null,"supplier_sku":"ACSalt-01DS","barcode":null,"atum_controlled":true,"out_stock_date":null,"out_stock_threshold":null,"inheritable":false,"inbound_stock":null,"stock_on_hold":0,"sold_today":0,"sales_last_days":0,"reserved_stock":null,"customer_returns":null,"warehouse_damage":null,"lost_in_post":null,"other_logs":null,"out_stock_days":0,"lost_sales":0,"has_location":null,"update_date":"2026-04-30T01:02:51","atum_locations":[],"atum_stock_status":"instock","restock_status":false,"low_stock_amount":"","sales_update_date":"2025-10-09T03:23:05","calc_backorders":null,"_links":{"self":[{"href":"https:\/\/aromasentia.com\/no\/wp-json\/wp\/v2\/product\/207417","targetHints":{"allow":["GET"]}}],"collection":[{"href":"https:\/\/aromasentia.com\/no\/wp-json\/wp\/v2\/product"}],"about":[{"href":"https:\/\/aromasentia.com\/no\/wp-json\/wp\/v2\/types\/product"}],"replies":[{"embeddable":true,"href":"https:\/\/aromasentia.com\/no\/wp-json\/wp\/v2\/comments?post=207417"}],"version-history":[{"count":0,"href":"https:\/\/aromasentia.com\/no\/wp-json\/wp\/v2\/product\/207417\/revisions"}],"wp:featuredmedia":[{"embeddable":true,"href":"https:\/\/aromasentia.com\/no\/wp-json\/wp\/v2\/media\/272801"}],"wp:attachment":[{"href":"https:\/\/aromasentia.com\/no\/wp-json\/wp\/v2\/media?parent=207417"}],"wp:term":[{"taxonomy":"product_brand","embeddable":true,"href":"https:\/\/aromasentia.com\/no\/wp-json\/wp\/v2\/product_brand?post=207417"},{"taxonomy":"product_cat","embeddable":true,"href":"https:\/\/aromasentia.com\/no\/wp-json\/wp\/v2\/product_cat?post=207417"},{"taxonomy":"product_tag","embeddable":true,"href":"https:\/\/aromasentia.com\/no\/wp-json\/wp\/v2\/product_tag?post=207417"}],"curies":[{"name":"wp","href":"https:\/\/api.w.org\/{rel}","templated":true}]}}