{"id":207408,"date":"2025-03-20T16:17:57","date_gmt":"2025-03-20T16:17:57","guid":{"rendered":"https:\/\/aromasentia.com\/product\/lip-balm-watermelon\/"},"modified":"2025-05-31T03:57:56","modified_gmt":"2025-05-31T03:57:56","slug":"leppepomade-vannmelon","status":"publish","type":"product","link":"https:\/\/aromasentia.com\/no\/leppepomade-vannmelon\/","title":{"rendered":"Leppepomade &#8211; Vannmelon"},"content":{"rendered":"<p><span style=\"color: rgb(75, 80, 88);\">Disse leppepomadene er perfekte for alle som leter etter en vakker vegansk fuktighetsgivende leppepomade.<\/span><\/p>\n<p><span style=\"color: rgb(75, 80, 88);\">De h\u00f8ykvalitets duftoljene er blandet med n\u00e6rende sheasm\u00f8r, fuktighetsgivende kakaosm\u00f8r, mykgj\u00f8rende jojobaolje, avokadosm\u00f8r og mangosm\u00f8r for \u00e5 holde leppene myke og forhindre sprukne lepper. Alle leppepomadene er fri for parabener, vaselin, plast, ftalater og kunstige fargestoffer.<\/span><\/p>\n<p><span style=\"color: rgb(75, 80, 88);\">Leppepomadene v\u00e5re kommer i en vakker, unik folieinnpakning som gj\u00f8r dem perfekte som en liten godbit til deg selv eller som en gave. De helles for h\u00e5nd i sm\u00e5 partier i produksjonsrommet v\u00e5rt i Sheffield.<\/span><\/p>\n<p><span style=\"color: rgb(75, 80, 88);\">BRUKSANVISNING: Gni forsiktig denne balsamen p\u00e5 leppene for \u00e5 fukte dem. Vi anbefaler \u00e5 bruke en skrubb f\u00f8r du p\u00e5f\u00f8rer leppepomaden for vakkert fyldige lepper!<\/span><\/p>\n<p><span style=\"color: rgb(75, 80, 88);\"><strong>Bestill i dag og gi kundene dine denne essensielle varen.<\/strong><\/span><\/p>\n","protected":false},"excerpt":{"rendered":"<p>Disse leppepomadene er perfekte for alle som leter etter en vakker vegansk fuktighetsgivende leppepomade. De h\u00f8ykvalitets duftoljene er blandet med n\u00e6rende sheasm\u00f8r, fuktighetsgivende kakaosm\u00f8r, mykgj\u00f8rende jojobaolje, avokadosm\u00f8r og mangosm\u00f8r for \u00e5 holde leppene myke og forhindre sprukne lepper. Alle leppepomadene er fri for parabener, vaselin, plast, ftalater og kunstige fargestoffer. Leppepomadene v\u00e5re kommer i en [&hellip;]<\/p>\n","protected":false},"featured_media":272576,"comment_status":"closed","ping_status":"open","template":"","meta":{"_angie_page":false},"product_brand":[27083],"product_cat":[9413,25843,26848,26492],"product_tag":[],"class_list":{"0":"post-207408","1":"product","2":"type-product","3":"status-publish","4":"has-post-thumbnail","6":"product_brand-agnes-and-cat","7":"product_cat-bad-spa-og-personlig-pleie","8":"product_cat-dufter-aromaer","9":"product_cat-fruktig","10":"product_cat-vannmelon","11":"pa_collection-lip-balm-no","12":"pa_made-in-storbritannia","14":"first","15":"instock","16":"purchasable","17":"product-type-simple"},"supplier_id":null,"supplier_sku":"ACLB-13DS","barcode":null,"atum_controlled":true,"out_stock_date":null,"out_stock_threshold":null,"inheritable":false,"inbound_stock":null,"stock_on_hold":0,"sold_today":0,"sales_last_days":0,"reserved_stock":null,"customer_returns":null,"warehouse_damage":null,"lost_in_post":null,"other_logs":null,"out_stock_days":0,"lost_sales":0,"has_location":null,"update_date":"2026-04-27T06:50:06","atum_locations":[],"atum_stock_status":"instock","restock_status":false,"low_stock_amount":"","sales_update_date":"2025-10-09T03:23:03","calc_backorders":null,"_links":{"self":[{"href":"https:\/\/aromasentia.com\/no\/wp-json\/wp\/v2\/product\/207408","targetHints":{"allow":["GET"]}}],"collection":[{"href":"https:\/\/aromasentia.com\/no\/wp-json\/wp\/v2\/product"}],"about":[{"href":"https:\/\/aromasentia.com\/no\/wp-json\/wp\/v2\/types\/product"}],"replies":[{"embeddable":true,"href":"https:\/\/aromasentia.com\/no\/wp-json\/wp\/v2\/comments?post=207408"}],"version-history":[{"count":0,"href":"https:\/\/aromasentia.com\/no\/wp-json\/wp\/v2\/product\/207408\/revisions"}],"wp:featuredmedia":[{"embeddable":true,"href":"https:\/\/aromasentia.com\/no\/wp-json\/wp\/v2\/media\/272576"}],"wp:attachment":[{"href":"https:\/\/aromasentia.com\/no\/wp-json\/wp\/v2\/media?parent=207408"}],"wp:term":[{"taxonomy":"product_brand","embeddable":true,"href":"https:\/\/aromasentia.com\/no\/wp-json\/wp\/v2\/product_brand?post=207408"},{"taxonomy":"product_cat","embeddable":true,"href":"https:\/\/aromasentia.com\/no\/wp-json\/wp\/v2\/product_cat?post=207408"},{"taxonomy":"product_tag","embeddable":true,"href":"https:\/\/aromasentia.com\/no\/wp-json\/wp\/v2\/product_tag?post=207408"}],"curies":[{"name":"wp","href":"https:\/\/api.w.org\/{rel}","templated":true}]}}