{"id":207390,"date":"2025-03-20T16:18:52","date_gmt":"2025-03-20T16:18:52","guid":{"rendered":"https:\/\/aromasentia.com\/product\/sea-salt-moss-solid-shampoo\/"},"modified":"2025-05-31T03:56:55","modified_gmt":"2025-05-31T03:56:55","slug":"sea-salt-moss-solid-sjampobar","status":"publish","type":"product","link":"https:\/\/aromasentia.com\/no\/sea-salt-moss-solid-sjampobar\/","title":{"rendered":"Sea Salt &#038; Moss Solid Sjampobar"},"content":{"rendered":"<p>Oppfrisk h\u00e5ret og sansene dine med v\u00e5r Sea Salt &#038; Moss Solid Shampoo. Denne forfriskende, milj\u00f8bevisste sjampoen renser h\u00e5ret p\u00e5 dypet samtidig som den fremkaller den skarpe, rene essensen av en kystbris, og blander havsalt med jordaktig mose. Den bidrar til \u00e5 rense hodebunnen og etterlater h\u00e5ret revitalisert, strukturert og fullt av liv. Et perfekt plastfritt alternativ for deg som elsker en frisk, naturlig og oppkvikkende start p\u00e5 dagen, og som \u00f8nsker \u00e5 bringe havets \u00e5nd inn i h\u00e5rpleien.<\/p>\n","protected":false},"excerpt":{"rendered":"<p>Oppfrisk h\u00e5ret og sansene dine med v\u00e5r Sea Salt &#038; Moss Solid Shampoo. Denne forfriskende, milj\u00f8bevisste sjampoen renser h\u00e5ret p\u00e5 dypet samtidig som den fremkaller den skarpe, rene essensen av en kystbris, og blander havsalt med jordaktig mose. Den bidrar til \u00e5 rense hodebunnen og etterlater h\u00e5ret revitalisert, strukturert og fullt av liv. Et perfekt [&hellip;]<\/p>\n","protected":false},"featured_media":273186,"comment_status":"closed","ping_status":"open","template":"","meta":{"_angie_page":false},"product_brand":[27083],"product_cat":[9413,9429],"product_tag":[],"class_list":{"0":"post-207390","1":"product","2":"type-product","3":"status-publish","4":"has-post-thumbnail","6":"product_brand-agnes-and-cat","7":"product_cat-bad-spa-og-personlig-pleie","8":"product_cat-harpleie","9":"pa_collection-solid-shampoo-bars-no","10":"pa_made-in-storbritannia","12":"first","13":"instock","14":"purchasable","15":"product-type-simple"},"supplier_id":null,"supplier_sku":"ACSS-04DS","barcode":null,"atum_controlled":true,"out_stock_date":null,"out_stock_threshold":null,"inheritable":false,"inbound_stock":null,"stock_on_hold":0,"sold_today":0,"sales_last_days":0,"reserved_stock":null,"customer_returns":null,"warehouse_damage":null,"lost_in_post":null,"other_logs":null,"out_stock_days":0,"lost_sales":0,"has_location":null,"update_date":"2026-04-27T06:49:36","atum_locations":[],"atum_stock_status":"instock","restock_status":false,"low_stock_amount":"","sales_update_date":"2026-01-30T01:26:33","calc_backorders":null,"_links":{"self":[{"href":"https:\/\/aromasentia.com\/no\/wp-json\/wp\/v2\/product\/207390","targetHints":{"allow":["GET"]}}],"collection":[{"href":"https:\/\/aromasentia.com\/no\/wp-json\/wp\/v2\/product"}],"about":[{"href":"https:\/\/aromasentia.com\/no\/wp-json\/wp\/v2\/types\/product"}],"replies":[{"embeddable":true,"href":"https:\/\/aromasentia.com\/no\/wp-json\/wp\/v2\/comments?post=207390"}],"version-history":[{"count":0,"href":"https:\/\/aromasentia.com\/no\/wp-json\/wp\/v2\/product\/207390\/revisions"}],"wp:featuredmedia":[{"embeddable":true,"href":"https:\/\/aromasentia.com\/no\/wp-json\/wp\/v2\/media\/273186"}],"wp:attachment":[{"href":"https:\/\/aromasentia.com\/no\/wp-json\/wp\/v2\/media?parent=207390"}],"wp:term":[{"taxonomy":"product_brand","embeddable":true,"href":"https:\/\/aromasentia.com\/no\/wp-json\/wp\/v2\/product_brand?post=207390"},{"taxonomy":"product_cat","embeddable":true,"href":"https:\/\/aromasentia.com\/no\/wp-json\/wp\/v2\/product_cat?post=207390"},{"taxonomy":"product_tag","embeddable":true,"href":"https:\/\/aromasentia.com\/no\/wp-json\/wp\/v2\/product_tag?post=207390"}],"curies":[{"name":"wp","href":"https:\/\/api.w.org\/{rel}","templated":true}]}}